{"id":1134,"date":"2022-05-06T12:59:59","date_gmt":"2022-05-06T10:59:59","guid":{"rendered":"https:\/\/k2group.fr\/annecy\/?page_id=1134"},"modified":"2026-05-05T11:55:24","modified_gmt":"2026-05-05T09:55:24","slug":"service-apres-vente","status":"publish","type":"page","link":"https:\/\/k2group.fr\/annecy\/service-apres-vente\/","title":{"rendered":"Service apr\u00e9s vente K2 Annecy"},"content":{"rendered":"\t\t<div data-elementor-type=\"wp-page\" data-elementor-id=\"1134\" class=\"elementor elementor-1134\">\n\t\t\t\t\t\t<section class=\"elementor-section elementor-top-section elementor-element elementor-element-890f9a7 elementor-section-height-min-height elementor-section-items-top elementor-section-boxed elementor-section-height-default\" data-id=\"890f9a7\" data-element_type=\"section\" data-e-type=\"section\" data-settings=\"{&quot;background_background&quot;:&quot;classic&quot;}\">\n\t\t\t\t\t\t\t<div class=\"elementor-background-overlay\"><\/div>\n\t\t\t\t\t\t\t<div class=\"elementor-container elementor-column-gap-default\">\n\t\t\t\t\t<div class=\"elementor-column elementor-col-100 elementor-top-column elementor-element elementor-element-d14687d\" data-id=\"d14687d\" data-element_type=\"column\" data-e-type=\"column\">\n\t\t\t<div class=\"elementor-widget-wrap elementor-element-populated\">\n\t\t\t\t\t\t<div class=\"elementor-element elementor-element-b8c4e5c elementor-widget elementor-widget-image-box\" data-id=\"b8c4e5c\" data-element_type=\"widget\" data-e-type=\"widget\" data-widget_type=\"image-box.default\">\n\t\t\t\t<div class=\"elementor-widget-container\">\n\t\t\t\t\t<div class=\"elementor-image-box-wrapper\"><div class=\"elementor-image-box-content\"><h1 class=\"elementor-image-box-title\">Service apr\u00e9s vente <br>K2 ANNECY<\/h1><\/div><\/div>\t\t\t\t<\/div>\n\t\t\t\t<\/div>\n\t\t\t\t\t<\/div>\n\t\t<\/div>\n\t\t\t\t\t<\/div>\n\t\t<\/section>\n\t\t\t\t<section class=\"elementor-section elementor-top-section elementor-element elementor-element-d0e709b elementor-section-content-middle elementor-section-boxed elementor-section-height-default elementor-section-height-default\" data-id=\"d0e709b\" data-element_type=\"section\" data-e-type=\"section\" data-settings=\"{&quot;background_background&quot;:&quot;classic&quot;}\">\n\t\t\t\t\t\t<div class=\"elementor-container elementor-column-gap-no\">\n\t\t\t\t\t<div class=\"elementor-column elementor-col-50 elementor-top-column elementor-element elementor-element-f7f6750\" data-id=\"f7f6750\" data-element_type=\"column\" data-e-type=\"column\">\n\t\t\t<div class=\"elementor-widget-wrap elementor-element-populated\">\n\t\t\t\t\t\t<div class=\"elementor-element elementor-element-daf4d9f elementor-widget elementor-widget-heading\" data-id=\"daf4d9f\" data-element_type=\"widget\" data-e-type=\"widget\" data-widget_type=\"heading.default\">\n\t\t\t\t<div class=\"elementor-widget-container\">\n\t\t\t\t\t<h2 class=\"elementor-heading-title elementor-size-default\">La satisfaction du client est notre objectif<\/h2>\t\t\t\t<\/div>\n\t\t\t\t<\/div>\n\t\t\t\t<div class=\"elementor-element elementor-element-257ea01 elementor-widget elementor-widget-text-editor\" data-id=\"257ea01\" data-element_type=\"widget\" data-e-type=\"widget\" data-widget_type=\"text-editor.default\">\n\t\t\t\t<div class=\"elementor-widget-container\">\n\t\t\t\t\t\t\t\t\t<p>L\u2019\u00e9quipe K2 Annecy cherche toujours \u00e0 satisfaire sa client\u00e8le \u00e0 travers les diff\u00e9rents services proposer ainsi qu\u2019un accompagnement client pour vous guider sur les diff\u00e9rentes \u00e9tapes de vos projets.<\/p><p>Nous proposons un service client irr\u00e9prochables \u00e0 travers des t\u00e9l\u00e9op\u00e9rateurs qualifi\u00e9 et expert en la mati\u00e8re qui seront toujours \u00e0 votre disposition.<\/p><p>Qu\u2019il s\u2019agisse d\u2019une assistance technique ou d\u2019une demande d\u2019information concernant nos produits et nos services, le service client de K2 Annecy est \u00e0 votre disposition.<\/p><p>Contactez-nous par mail ou appelez K2 Annecy pour toutes questions suppl\u00e9mentaires sur le sujet.<\/p>\t\t\t\t\t\t\t\t<\/div>\n\t\t\t\t<\/div>\n\t\t\t\t\t<\/div>\n\t\t<\/div>\n\t\t\t\t<div class=\"elementor-column elementor-col-50 elementor-top-column elementor-element elementor-element-5620775\" data-id=\"5620775\" data-element_type=\"column\" data-e-type=\"column\">\n\t\t\t<div class=\"elementor-widget-wrap elementor-element-populated\">\n\t\t\t\t\t\t<div class=\"elementor-element elementor-element-c1fe356 elementor-widget elementor-widget-image\" data-id=\"c1fe356\" data-element_type=\"widget\" data-e-type=\"widget\" data-widget_type=\"image.default\">\n\t\t\t\t<div class=\"elementor-widget-container\">\n\t\t\t\t\t\t\t\t\t\t\t\t\t\t\t<img fetchpriority=\"high\" decoding=\"async\" width=\"637\" height=\"695\" src=\"https:\/\/k2group.fr\/annecy\/wp-content\/uploads\/sites\/5\/2022\/08\/service-apres-vente-k2-limours.webp\" class=\"attachment-full size-full wp-image-1500\" alt=\"\" srcset=\"https:\/\/k2group.fr\/annecy\/wp-content\/uploads\/sites\/5\/2022\/08\/service-apres-vente-k2-limours.webp 637w, https:\/\/k2group.fr\/annecy\/wp-content\/uploads\/sites\/5\/2022\/08\/service-apres-vente-k2-limours-275x300.webp 275w\" sizes=\"(max-width: 637px) 100vw, 637px\" \/>\t\t\t\t\t\t\t\t\t\t\t\t\t\t\t<\/div>\n\t\t\t\t<\/div>\n\t\t\t\t\t<\/div>\n\t\t<\/div>\n\t\t\t\t\t<\/div>\n\t\t<\/section>\n\t\t\t\t<section class=\"elementor-section elementor-top-section elementor-element elementor-element-b77bf23 elementor-section-content-middle elementor-section-boxed elementor-section-height-default elementor-section-height-default\" data-id=\"b77bf23\" data-element_type=\"section\" data-e-type=\"section\" data-settings=\"{&quot;background_background&quot;:&quot;classic&quot;}\">\n\t\t\t\t\t\t<div class=\"elementor-container elementor-column-gap-no\">\n\t\t\t\t\t<div class=\"elementor-column elementor-col-50 elementor-top-column elementor-element elementor-element-6ac96f6\" data-id=\"6ac96f6\" data-element_type=\"column\" data-e-type=\"column\">\n\t\t\t<div class=\"elementor-widget-wrap elementor-element-populated\">\n\t\t\t\t\t\t<div class=\"elementor-element elementor-element-ec121a6 elementor-widget elementor-widget-image\" data-id=\"ec121a6\" data-element_type=\"widget\" data-e-type=\"widget\" data-widget_type=\"image.default\">\n\t\t\t\t<div class=\"elementor-widget-container\">\n\t\t\t\t\t\t\t\t\t\t\t\t\t\t\t<img decoding=\"async\" width=\"459\" height=\"500\" src=\"https:\/\/k2group.fr\/annecy\/wp-content\/uploads\/sites\/5\/2022\/09\/K2-maintenance.webp\" class=\"attachment-full size-full wp-image-1615\" alt=\"\" srcset=\"https:\/\/k2group.fr\/annecy\/wp-content\/uploads\/sites\/5\/2022\/09\/K2-maintenance.webp 459w, https:\/\/k2group.fr\/annecy\/wp-content\/uploads\/sites\/5\/2022\/09\/K2-maintenance-275x300.webp 275w\" sizes=\"(max-width: 459px) 100vw, 459px\" \/>\t\t\t\t\t\t\t\t\t\t\t\t\t\t\t<\/div>\n\t\t\t\t<\/div>\n\t\t\t\t\t<\/div>\n\t\t<\/div>\n\t\t\t\t<div class=\"elementor-column elementor-col-50 elementor-top-column elementor-element elementor-element-bf52a67\" data-id=\"bf52a67\" data-element_type=\"column\" data-e-type=\"column\">\n\t\t\t<div class=\"elementor-widget-wrap elementor-element-populated\">\n\t\t\t\t\t\t<div class=\"elementor-element elementor-element-eb4f5f7 elementor-widget elementor-widget-heading\" data-id=\"eb4f5f7\" data-element_type=\"widget\" data-e-type=\"widget\" data-widget_type=\"heading.default\">\n\t\t\t\t<div class=\"elementor-widget-container\">\n\t\t\t\t\t<h2 class=\"elementor-heading-title elementor-size-default\">Une forte relation client<\/h2>\t\t\t\t<\/div>\n\t\t\t\t<\/div>\n\t\t\t\t<div class=\"elementor-element elementor-element-bb89afd elementor-widget elementor-widget-text-editor\" data-id=\"bb89afd\" data-element_type=\"widget\" data-e-type=\"widget\" data-widget_type=\"text-editor.default\">\n\t\t\t\t<div class=\"elementor-widget-container\">\n\t\t\t\t\t\t\t\t\t<p>Chez K2, la relation client est au centre de notre attention et c\u2019est pour cela que nous mettons toutes nos forces et notre savoir-faire pour entretenir et d\u00e9velopper des relations de confiance mutuelle bas\u00e9es sur la transparence et l\u2019\u00e9change.<br>\n<br><br>Nos distributeurs \u00e0 Annecy consid\u00e8rent vos commentaires comme une source de conseils pour l\u2019am\u00e9lioration continue de nos services et la croissance de notre groupe.<br>\n<br><br>Pour renforcer cette relation, nous sommes ouverts \u00e0 toutes vos suggestions et propositions concernant nos services et produits. Nous avons mis en place plusieurs canaux de communication tels que le t\u00e9l\u00e9phone, le courrier \u00e9lectronique et les r\u00e9seaux sociaux tels que Facebook, Instagram, Linkedin\u2026<\/p>\t\t\t\t\t\t\t\t<\/div>\n\t\t\t\t<\/div>\n\t\t\t\t\t<\/div>\n\t\t<\/div>\n\t\t\t\t\t<\/div>\n\t\t<\/section>\n\t\t\t\t<section class=\"elementor-section elementor-top-section elementor-element elementor-element-f574f4b elementor-section-boxed elementor-section-height-default elementor-section-height-default\" data-id=\"f574f4b\" data-element_type=\"section\" data-e-type=\"section\" data-settings=\"{&quot;background_background&quot;:&quot;classic&quot;}\">\n\t\t\t\t\t\t<div class=\"elementor-container elementor-column-gap-default\">\n\t\t\t\t\t<div class=\"elementor-column elementor-col-100 elementor-top-column elementor-element elementor-element-87689b3\" data-id=\"87689b3\" data-element_type=\"column\" data-e-type=\"column\">\n\t\t\t<div class=\"elementor-widget-wrap elementor-element-populated\">\n\t\t\t\t\t\t<section class=\"elementor-section elementor-inner-section elementor-element elementor-element-22dce94 elementor-section-boxed elementor-section-height-default elementor-section-height-default\" data-id=\"22dce94\" data-element_type=\"section\" data-e-type=\"section\" data-settings=\"{&quot;background_background&quot;:&quot;classic&quot;}\">\n\t\t\t\t\t\t<div class=\"elementor-container elementor-column-gap-default\">\n\t\t\t\t\t<div class=\"elementor-column elementor-col-50 elementor-inner-column elementor-element elementor-element-f0666e3\" data-id=\"f0666e3\" data-element_type=\"column\" data-e-type=\"column\">\n\t\t\t<div class=\"elementor-widget-wrap elementor-element-populated\">\n\t\t\t\t\t\t<div class=\"elementor-element elementor-element-13200cd elementor-absolute elementor-widget elementor-widget-image\" data-id=\"13200cd\" data-element_type=\"widget\" data-e-type=\"widget\" data-settings=\"{&quot;_position&quot;:&quot;absolute&quot;}\" data-widget_type=\"image.default\">\n\t\t\t\t<div class=\"elementor-widget-container\">\n\t\t\t\t\t\t\t\t\t\t\t\t\t\t\t<img decoding=\"async\" width=\"753\" height=\"680\" src=\"https:\/\/k2group.fr\/annecy\/wp-content\/uploads\/sites\/5\/2026\/05\/catalogue-pack-K2-2026.webp\" class=\"attachment-full size-full wp-image-1816\" alt=\"catalogue pack K2 2026\" srcset=\"https:\/\/k2group.fr\/annecy\/wp-content\/uploads\/sites\/5\/2026\/05\/catalogue-pack-K2-2026.webp 753w, https:\/\/k2group.fr\/annecy\/wp-content\/uploads\/sites\/5\/2026\/05\/catalogue-pack-K2-2026-300x271.webp 300w\" sizes=\"(max-width: 753px) 100vw, 753px\" \/>\t\t\t\t\t\t\t\t\t\t\t\t\t\t\t<\/div>\n\t\t\t\t<\/div>\n\t\t\t\t\t<\/div>\n\t\t<\/div>\n\t\t\t\t<div class=\"elementor-column elementor-col-50 elementor-inner-column elementor-element elementor-element-588e212\" data-id=\"588e212\" data-element_type=\"column\" data-e-type=\"column\">\n\t\t\t<div class=\"elementor-widget-wrap elementor-element-populated\">\n\t\t\t\t\t\t<div class=\"elementor-element elementor-element-d81b1f7 elementor-widget elementor-widget-heading\" data-id=\"d81b1f7\" data-element_type=\"widget\" data-e-type=\"widget\" data-widget_type=\"heading.default\">\n\t\t\t\t<div class=\"elementor-widget-container\">\n\t\t\t\t\t<h3 class=\"elementor-heading-title elementor-size-default\">NOTRE CATALOGUE<\/h3>\t\t\t\t<\/div>\n\t\t\t\t<\/div>\n\t\t\t\t<div class=\"elementor-element elementor-element-7cd2b3f elementor-widget elementor-widget-text-editor\" data-id=\"7cd2b3f\" data-element_type=\"widget\" data-e-type=\"widget\" data-widget_type=\"text-editor.default\">\n\t\t\t\t<div class=\"elementor-widget-container\">\n\t\t\t\t\t\t\t\t\tD\u00e9couvrez notre dernier catalogue <br>et nos HDN d\u00e9di\u00e9s aux professionels.\t\t\t\t\t\t\t\t<\/div>\n\t\t\t\t<\/div>\n\t\t\t\t<div class=\"elementor-element elementor-element-af88341 elementor-widget elementor-widget-button\" data-id=\"af88341\" data-element_type=\"widget\" data-e-type=\"widget\" data-widget_type=\"button.default\">\n\t\t\t\t<div class=\"elementor-widget-container\">\n\t\t\t\t\t\t\t\t\t<div class=\"elementor-button-wrapper\">\n\t\t\t\t\t<a class=\"elementor-button elementor-button-link elementor-size-sm\" href=\"https:\/\/k2group.fr\/catalogue\/k2\/index.htm\">\n\t\t\t\t\t\t<span class=\"elementor-button-content-wrapper\">\n\t\t\t\t\t\t<span class=\"elementor-button-icon\">\n\t\t\t\t<i aria-hidden=\"true\" class=\"fas fa-arrow-right\"><\/i>\t\t\t<\/span>\n\t\t\t\t\t\t\t\t\t<span class=\"elementor-button-text\">Consulter<\/span>\n\t\t\t\t\t<\/span>\n\t\t\t\t\t<\/a>\n\t\t\t\t<\/div>\n\t\t\t\t\t\t\t\t<\/div>\n\t\t\t\t<\/div>\n\t\t\t\t\t<\/div>\n\t\t<\/div>\n\t\t\t\t\t<\/div>\n\t\t<\/section>\n\t\t\t\t\t<\/div>\n\t\t<\/div>\n\t\t\t\t\t<\/div>\n\t\t<\/section>\n\t\t\t\t<\/div>\n\t\t","protected":false},"excerpt":{"rendered":"<p>Service apr\u00e9s vente K2 ANNECY La satisfaction du client est notre objectif L\u2019\u00e9quipe K2 Annecy cherche toujours \u00e0 satisfaire sa\u2026<\/p>\n","protected":false},"author":1,"featured_media":0,"parent":0,"menu_order":0,"comment_status":"closed","ping_status":"closed","template":"","meta":{"site-sidebar-layout":"no-sidebar","site-content-layout":"page-builder","ast-global-header-display":"","ast-main-header-display":"","ast-hfb-above-header-display":"","ast-hfb-below-header-display":"","ast-hfb-mobile-header-display":"","site-post-title":"disabled","ast-breadcrumbs-content":"","ast-featured-img":"disabled","footer-sml-layout":"","theme-transparent-header-meta":"enabled","adv-header-id-meta":"","stick-header-meta":"","header-above-stick-meta":"","header-main-stick-meta":"","header-below-stick-meta":"","footnotes":""},"class_list":["post-1134","page","type-page","status-publish","hentry"],"yoast_head":"<!-- This site is optimized with the Yoast SEO plugin v24.7 - https:\/\/yoast.com\/wordpress\/plugins\/seo\/ -->\n<title>Service apr\u00e8s vente \u00e0 Annecy | K2 Annecy<\/title>\n<meta name=\"description\" content=\"K2 Annecy offre \u00e0 ses clients un service apr\u00e8s vente et une assistance continue.\" \/>\n<meta name=\"robots\" content=\"index, follow, max-snippet:-1, max-image-preview:large, max-video-preview:-1\" \/>\n<link rel=\"canonical\" href=\"https:\/\/k2group.fr\/annecy\/service-apres-vente\/\" \/>\n<meta property=\"og:locale\" content=\"fr_FR\" \/>\n<meta property=\"og:type\" content=\"article\" \/>\n<meta property=\"og:title\" content=\"Service apr\u00e8s vente \u00e0 Annecy | K2 Annecy\" \/>\n<meta property=\"og:description\" content=\"K2 Annecy offre \u00e0 ses clients un service apr\u00e8s vente et une assistance continue.\" \/>\n<meta property=\"og:url\" content=\"https:\/\/k2group.fr\/annecy\/service-apres-vente\/\" \/>\n<meta property=\"og:site_name\" content=\"k2 Annecy\" \/>\n<meta property=\"article:modified_time\" content=\"2026-05-05T09:55:24+00:00\" \/>\n<meta property=\"og:image\" content=\"https:\/\/k2group.fr\/annecy\/wp-content\/uploads\/sites\/5\/2022\/08\/service-apres-vente-k2-limours.webp\" \/>\n\t<meta property=\"og:image:width\" content=\"637\" \/>\n\t<meta property=\"og:image:height\" content=\"695\" \/>\n\t<meta property=\"og:image:type\" content=\"image\/webp\" \/>\n<meta name=\"twitter:card\" content=\"summary_large_image\" \/>\n<meta name=\"twitter:label1\" content=\"Dur\u00e9e de lecture estim\u00e9e\" \/>\n\t<meta name=\"twitter:data1\" content=\"2 minutes\" \/>\n<script type=\"application\/ld+json\" class=\"yoast-schema-graph\">{\"@context\":\"https:\/\/schema.org\",\"@graph\":[{\"@type\":\"WebPage\",\"@id\":\"https:\/\/k2group.fr\/annecy\/service-apres-vente\/\",\"url\":\"https:\/\/k2group.fr\/annecy\/service-apres-vente\/\",\"name\":\"Service apr\u00e8s vente \u00e0 Annecy | K2 Annecy\",\"isPartOf\":{\"@id\":\"https:\/\/k2group.fr\/annecy\/#website\"},\"primaryImageOfPage\":{\"@id\":\"https:\/\/k2group.fr\/annecy\/service-apres-vente\/#primaryimage\"},\"image\":{\"@id\":\"https:\/\/k2group.fr\/annecy\/service-apres-vente\/#primaryimage\"},\"thumbnailUrl\":\"https:\/\/k2group.fr\/annecy\/wp-content\/uploads\/sites\/5\/2022\/08\/service-apres-vente-k2-limours.webp\",\"datePublished\":\"2022-05-06T10:59:59+00:00\",\"dateModified\":\"2026-05-05T09:55:24+00:00\",\"description\":\"K2 Annecy offre \u00e0 ses clients un service apr\u00e8s vente et une assistance continue.\",\"breadcrumb\":{\"@id\":\"https:\/\/k2group.fr\/annecy\/service-apres-vente\/#breadcrumb\"},\"inLanguage\":\"fr-FR\",\"potentialAction\":[{\"@type\":\"ReadAction\",\"target\":[\"https:\/\/k2group.fr\/annecy\/service-apres-vente\/\"]}]},{\"@type\":\"ImageObject\",\"inLanguage\":\"fr-FR\",\"@id\":\"https:\/\/k2group.fr\/annecy\/service-apres-vente\/#primaryimage\",\"url\":\"https:\/\/k2group.fr\/annecy\/wp-content\/uploads\/sites\/5\/2022\/08\/service-apres-vente-k2-limours.webp\",\"contentUrl\":\"https:\/\/k2group.fr\/annecy\/wp-content\/uploads\/sites\/5\/2022\/08\/service-apres-vente-k2-limours.webp\",\"width\":637,\"height\":695},{\"@type\":\"BreadcrumbList\",\"@id\":\"https:\/\/k2group.fr\/annecy\/service-apres-vente\/#breadcrumb\",\"itemListElement\":[{\"@type\":\"ListItem\",\"position\":1,\"name\":\"Accueil\",\"item\":\"https:\/\/k2group.fr\/annecy\/\"},{\"@type\":\"ListItem\",\"position\":2,\"name\":\"Service apr\u00e9s vente K2 Annecy\"}]},{\"@type\":\"WebSite\",\"@id\":\"https:\/\/k2group.fr\/annecy\/#website\",\"url\":\"https:\/\/k2group.fr\/annecy\/\",\"name\":\"k2 Annecy\",\"description\":\"Un site utilisant K2GROUP\",\"publisher\":{\"@id\":\"https:\/\/k2group.fr\/annecy\/#organization\"},\"potentialAction\":[{\"@type\":\"SearchAction\",\"target\":{\"@type\":\"EntryPoint\",\"urlTemplate\":\"https:\/\/k2group.fr\/annecy\/?s={search_term_string}\"},\"query-input\":{\"@type\":\"PropertyValueSpecification\",\"valueRequired\":true,\"valueName\":\"search_term_string\"}}],\"inLanguage\":\"fr-FR\"},{\"@type\":\"Organization\",\"@id\":\"https:\/\/k2group.fr\/annecy\/#organization\",\"name\":\"k2 Annecy\",\"url\":\"https:\/\/k2group.fr\/annecy\/\",\"logo\":{\"@type\":\"ImageObject\",\"inLanguage\":\"fr-FR\",\"@id\":\"https:\/\/k2group.fr\/annecy\/#\/schema\/logo\/image\/\",\"url\":\"https:\/\/k2group.fr\/annecy\/wp-content\/uploads\/sites\/5\/2022\/04\/k2-logo.png\",\"contentUrl\":\"https:\/\/k2group.fr\/annecy\/wp-content\/uploads\/sites\/5\/2022\/04\/k2-logo.png\",\"width\":580,\"height\":251,\"caption\":\"k2 Annecy\"},\"image\":{\"@id\":\"https:\/\/k2group.fr\/annecy\/#\/schema\/logo\/image\/\"}}]}<\/script>\n<!-- \/ Yoast SEO plugin. -->","yoast_head_json":{"title":"Service apr\u00e8s vente \u00e0 Annecy | K2 Annecy","description":"K2 Annecy offre \u00e0 ses clients un service apr\u00e8s vente et une assistance continue.","robots":{"index":"index","follow":"follow","max-snippet":"max-snippet:-1","max-image-preview":"max-image-preview:large","max-video-preview":"max-video-preview:-1"},"canonical":"https:\/\/k2group.fr\/annecy\/service-apres-vente\/","og_locale":"fr_FR","og_type":"article","og_title":"Service apr\u00e8s vente \u00e0 Annecy | K2 Annecy","og_description":"K2 Annecy offre \u00e0 ses clients un service apr\u00e8s vente et une assistance continue.","og_url":"https:\/\/k2group.fr\/annecy\/service-apres-vente\/","og_site_name":"k2 Annecy","article_modified_time":"2026-05-05T09:55:24+00:00","og_image":[{"width":637,"height":695,"url":"https:\/\/k2group.fr\/annecy\/wp-content\/uploads\/sites\/5\/2022\/08\/service-apres-vente-k2-limours.webp","type":"image\/webp"}],"twitter_card":"summary_large_image","twitter_misc":{"Dur\u00e9e de lecture estim\u00e9e":"2 minutes"},"schema":{"@context":"https:\/\/schema.org","@graph":[{"@type":"WebPage","@id":"https:\/\/k2group.fr\/annecy\/service-apres-vente\/","url":"https:\/\/k2group.fr\/annecy\/service-apres-vente\/","name":"Service apr\u00e8s vente \u00e0 Annecy | K2 Annecy","isPartOf":{"@id":"https:\/\/k2group.fr\/annecy\/#website"},"primaryImageOfPage":{"@id":"https:\/\/k2group.fr\/annecy\/service-apres-vente\/#primaryimage"},"image":{"@id":"https:\/\/k2group.fr\/annecy\/service-apres-vente\/#primaryimage"},"thumbnailUrl":"https:\/\/k2group.fr\/annecy\/wp-content\/uploads\/sites\/5\/2022\/08\/service-apres-vente-k2-limours.webp","datePublished":"2022-05-06T10:59:59+00:00","dateModified":"2026-05-05T09:55:24+00:00","description":"K2 Annecy offre \u00e0 ses clients un service apr\u00e8s vente et une assistance continue.","breadcrumb":{"@id":"https:\/\/k2group.fr\/annecy\/service-apres-vente\/#breadcrumb"},"inLanguage":"fr-FR","potentialAction":[{"@type":"ReadAction","target":["https:\/\/k2group.fr\/annecy\/service-apres-vente\/"]}]},{"@type":"ImageObject","inLanguage":"fr-FR","@id":"https:\/\/k2group.fr\/annecy\/service-apres-vente\/#primaryimage","url":"https:\/\/k2group.fr\/annecy\/wp-content\/uploads\/sites\/5\/2022\/08\/service-apres-vente-k2-limours.webp","contentUrl":"https:\/\/k2group.fr\/annecy\/wp-content\/uploads\/sites\/5\/2022\/08\/service-apres-vente-k2-limours.webp","width":637,"height":695},{"@type":"BreadcrumbList","@id":"https:\/\/k2group.fr\/annecy\/service-apres-vente\/#breadcrumb","itemListElement":[{"@type":"ListItem","position":1,"name":"Accueil","item":"https:\/\/k2group.fr\/annecy\/"},{"@type":"ListItem","position":2,"name":"Service apr\u00e9s vente K2 Annecy"}]},{"@type":"WebSite","@id":"https:\/\/k2group.fr\/annecy\/#website","url":"https:\/\/k2group.fr\/annecy\/","name":"k2 Annecy","description":"Un site utilisant K2GROUP","publisher":{"@id":"https:\/\/k2group.fr\/annecy\/#organization"},"potentialAction":[{"@type":"SearchAction","target":{"@type":"EntryPoint","urlTemplate":"https:\/\/k2group.fr\/annecy\/?s={search_term_string}"},"query-input":{"@type":"PropertyValueSpecification","valueRequired":true,"valueName":"search_term_string"}}],"inLanguage":"fr-FR"},{"@type":"Organization","@id":"https:\/\/k2group.fr\/annecy\/#organization","name":"k2 Annecy","url":"https:\/\/k2group.fr\/annecy\/","logo":{"@type":"ImageObject","inLanguage":"fr-FR","@id":"https:\/\/k2group.fr\/annecy\/#\/schema\/logo\/image\/","url":"https:\/\/k2group.fr\/annecy\/wp-content\/uploads\/sites\/5\/2022\/04\/k2-logo.png","contentUrl":"https:\/\/k2group.fr\/annecy\/wp-content\/uploads\/sites\/5\/2022\/04\/k2-logo.png","width":580,"height":251,"caption":"k2 Annecy"},"image":{"@id":"https:\/\/k2group.fr\/annecy\/#\/schema\/logo\/image\/"}}]}},"_links":{"self":[{"href":"https:\/\/k2group.fr\/annecy\/wp-json\/wp\/v2\/pages\/1134","targetHints":{"allow":["GET"]}}],"collection":[{"href":"https:\/\/k2group.fr\/annecy\/wp-json\/wp\/v2\/pages"}],"about":[{"href":"https:\/\/k2group.fr\/annecy\/wp-json\/wp\/v2\/types\/page"}],"author":[{"embeddable":true,"href":"https:\/\/k2group.fr\/annecy\/wp-json\/wp\/v2\/users\/1"}],"replies":[{"embeddable":true,"href":"https:\/\/k2group.fr\/annecy\/wp-json\/wp\/v2\/comments?post=1134"}],"version-history":[{"count":81,"href":"https:\/\/k2group.fr\/annecy\/wp-json\/wp\/v2\/pages\/1134\/revisions"}],"predecessor-version":[{"id":1828,"href":"https:\/\/k2group.fr\/annecy\/wp-json\/wp\/v2\/pages\/1134\/revisions\/1828"}],"wp:attachment":[{"href":"https:\/\/k2group.fr\/annecy\/wp-json\/wp\/v2\/media?parent=1134"}],"curies":[{"name":"wp","href":"https:\/\/api.w.org\/{rel}","templated":true}]}}