{"id":1130,"date":"2022-05-06T13:00:03","date_gmt":"2022-05-06T11:00:03","guid":{"rendered":"https:\/\/k2group.fr\/dijon\/?page_id=1130"},"modified":"2024-04-17T11:32:26","modified_gmt":"2024-04-17T09:32:26","slug":"service-apres-vente","status":"publish","type":"page","link":"https:\/\/k2group.fr\/dijon\/service-apres-vente\/","title":{"rendered":"Service apr\u00e9s vente K2 Dijon"},"content":{"rendered":"\t\t<div data-elementor-type=\"wp-page\" data-elementor-id=\"1130\" class=\"elementor elementor-1130\">\n\t\t\t\t\t\t<section class=\"elementor-section elementor-top-section elementor-element elementor-element-7631ad6 elementor-section-height-min-height elementor-section-items-top elementor-section-boxed elementor-section-height-default\" data-id=\"7631ad6\" data-element_type=\"section\" data-settings=\"{&quot;background_background&quot;:&quot;classic&quot;}\">\n\t\t\t\t\t\t\t<div class=\"elementor-background-overlay\"><\/div>\n\t\t\t\t\t\t\t<div class=\"elementor-container elementor-column-gap-default\">\n\t\t\t\t\t<div class=\"elementor-column elementor-col-100 elementor-top-column elementor-element elementor-element-2852c20\" data-id=\"2852c20\" data-element_type=\"column\">\n\t\t\t<div class=\"elementor-widget-wrap elementor-element-populated\">\n\t\t\t\t\t\t<div class=\"elementor-element elementor-element-27988af elementor-widget elementor-widget-image-box\" data-id=\"27988af\" data-element_type=\"widget\" data-widget_type=\"image-box.default\">\n\t\t\t\t<div class=\"elementor-widget-container\">\n\t\t\t\t\t<div class=\"elementor-image-box-wrapper\"><div class=\"elementor-image-box-content\"><h1 class=\"elementor-image-box-title\">Service apr\u00e9s vente <br>K2 DIJON<\/h1><\/div><\/div>\t\t\t\t<\/div>\n\t\t\t\t<\/div>\n\t\t\t\t\t<\/div>\n\t\t<\/div>\n\t\t\t\t\t<\/div>\n\t\t<\/section>\n\t\t\t\t<section class=\"elementor-section elementor-top-section elementor-element elementor-element-6ae7f47 elementor-section-content-middle elementor-section-boxed elementor-section-height-default elementor-section-height-default\" data-id=\"6ae7f47\" data-element_type=\"section\" data-settings=\"{&quot;background_background&quot;:&quot;classic&quot;}\">\n\t\t\t\t\t\t<div class=\"elementor-container elementor-column-gap-no\">\n\t\t\t\t\t<div class=\"elementor-column elementor-col-50 elementor-top-column elementor-element elementor-element-8f1029c\" data-id=\"8f1029c\" data-element_type=\"column\">\n\t\t\t<div class=\"elementor-widget-wrap elementor-element-populated\">\n\t\t\t\t\t\t<div class=\"elementor-element elementor-element-585f2b7 elementor-widget elementor-widget-heading\" data-id=\"585f2b7\" data-element_type=\"widget\" data-widget_type=\"heading.default\">\n\t\t\t\t<div class=\"elementor-widget-container\">\n\t\t\t\t\t<h2 class=\"elementor-heading-title elementor-size-default\">La satisfaction du client est notre objectif<\/h2>\t\t\t\t<\/div>\n\t\t\t\t<\/div>\n\t\t\t\t<div class=\"elementor-element elementor-element-b4a8c2c elementor-widget elementor-widget-text-editor\" data-id=\"b4a8c2c\" data-element_type=\"widget\" data-widget_type=\"text-editor.default\">\n\t\t\t\t<div class=\"elementor-widget-container\">\n\t\t\t\t\t\t\t\t\t<p>L\u2019\u00e9quipe K2 Dijon cherche toujours \u00e0 satisfaire sa client\u00e8le \u00e0 travers les diff\u00e9rents services proposer ainsi qu\u2019un accompagnement client pour vous guider sur les diff\u00e9rentes \u00e9tapes de vos projets.<\/p><p>Nous proposons un service client irr\u00e9prochables \u00e0 travers des t\u00e9l\u00e9op\u00e9rateurs qualifi\u00e9 et expert en la mati\u00e8re qui seront toujours \u00e0 votre disposition.<\/p><p>Qu\u2019il s\u2019agisse d\u2019une assistance technique ou d\u2019une demande d\u2019information concernant nos produits et nos services, le service client de K2 Dijon est \u00e0 votre disposition.<\/p><p>Contactez-nous par mail ou appelez K2 Dijon pour toutes questions suppl\u00e9mentaires sur le sujet.<\/p>\t\t\t\t\t\t\t\t<\/div>\n\t\t\t\t<\/div>\n\t\t\t\t\t<\/div>\n\t\t<\/div>\n\t\t\t\t<div class=\"elementor-column elementor-col-50 elementor-top-column elementor-element elementor-element-961852f\" data-id=\"961852f\" data-element_type=\"column\">\n\t\t\t<div class=\"elementor-widget-wrap elementor-element-populated\">\n\t\t\t\t\t\t<div class=\"elementor-element elementor-element-3acb3e3 elementor-widget elementor-widget-image\" data-id=\"3acb3e3\" data-element_type=\"widget\" data-widget_type=\"image.default\">\n\t\t\t\t<div class=\"elementor-widget-container\">\n\t\t\t\t\t\t\t\t\t\t\t\t\t\t\t<img fetchpriority=\"high\" decoding=\"async\" width=\"459\" height=\"500\" src=\"https:\/\/k2group.fr\/dijon\/wp-content\/uploads\/sites\/6\/2022\/08\/sav.webp\" class=\"attachment-full size-full wp-image-1491\" alt=\"\" srcset=\"https:\/\/k2group.fr\/dijon\/wp-content\/uploads\/sites\/6\/2022\/08\/sav.webp 459w, https:\/\/k2group.fr\/dijon\/wp-content\/uploads\/sites\/6\/2022\/08\/sav-275x300.webp 275w\" sizes=\"(max-width: 459px) 100vw, 459px\" \/>\t\t\t\t\t\t\t\t\t\t\t\t\t\t\t<\/div>\n\t\t\t\t<\/div>\n\t\t\t\t\t<\/div>\n\t\t<\/div>\n\t\t\t\t\t<\/div>\n\t\t<\/section>\n\t\t\t\t<section class=\"elementor-section elementor-top-section elementor-element elementor-element-ad80adf elementor-section-content-middle elementor-section-boxed elementor-section-height-default elementor-section-height-default\" data-id=\"ad80adf\" data-element_type=\"section\" data-settings=\"{&quot;background_background&quot;:&quot;classic&quot;}\">\n\t\t\t\t\t\t<div class=\"elementor-container elementor-column-gap-no\">\n\t\t\t\t\t<div class=\"elementor-column elementor-col-50 elementor-top-column elementor-element elementor-element-fb1b747\" data-id=\"fb1b747\" data-element_type=\"column\">\n\t\t\t<div class=\"elementor-widget-wrap elementor-element-populated\">\n\t\t\t\t\t\t<div class=\"elementor-element elementor-element-9027a18 elementor-widget elementor-widget-image\" data-id=\"9027a18\" data-element_type=\"widget\" data-widget_type=\"image.default\">\n\t\t\t\t<div class=\"elementor-widget-container\">\n\t\t\t\t\t\t\t\t\t\t\t\t\t\t\t<img decoding=\"async\" src=\"https:\/\/k2group.fr\/paris\/wp-content\/uploads\/sites\/4\/2022\/05\/K2-maintenance.webp\" title=\"\" alt=\"\" loading=\"lazy\" \/>\t\t\t\t\t\t\t\t\t\t\t\t\t\t\t<\/div>\n\t\t\t\t<\/div>\n\t\t\t\t\t<\/div>\n\t\t<\/div>\n\t\t\t\t<div class=\"elementor-column elementor-col-50 elementor-top-column elementor-element elementor-element-de40696\" data-id=\"de40696\" data-element_type=\"column\">\n\t\t\t<div class=\"elementor-widget-wrap elementor-element-populated\">\n\t\t\t\t\t\t<div class=\"elementor-element elementor-element-7d16806 elementor-widget elementor-widget-heading\" data-id=\"7d16806\" data-element_type=\"widget\" data-widget_type=\"heading.default\">\n\t\t\t\t<div class=\"elementor-widget-container\">\n\t\t\t\t\t<h2 class=\"elementor-heading-title elementor-size-default\">Une forte relation client<\/h2>\t\t\t\t<\/div>\n\t\t\t\t<\/div>\n\t\t\t\t<div class=\"elementor-element elementor-element-ade8601 elementor-widget elementor-widget-text-editor\" data-id=\"ade8601\" data-element_type=\"widget\" data-widget_type=\"text-editor.default\">\n\t\t\t\t<div class=\"elementor-widget-container\">\n\t\t\t\t\t\t\t\t\tChez K2, la relation client est au centre de notre attention et c\u2019est pour cela que nous mettons toutes nos forces et notre savoir-faire pour entretenir et d\u00e9velopper des relations de confiance mutuelle bas\u00e9es sur la transparence et l\u2019\u00e9change.\n<br><br>\nNos distributeurs \u00e0 Dijon consid\u00e8rent vos commentaires comme une source de conseils pour l\u2019am\u00e9lioration continue de nos services et la croissance de notre groupe.\n<br><br>\nPour renforcer cette relation, nous sommes ouverts \u00e0 toutes vos suggestions et propositions concernant nos services et produits. Nous avons mis en place plusieurs canaux de communication tels que le t\u00e9l\u00e9phone, le courrier \u00e9lectronique et les r\u00e9seaux sociaux tels que Facebook, Instagram, Linkedin\u2026\t\t\t\t\t\t\t\t<\/div>\n\t\t\t\t<\/div>\n\t\t\t\t\t<\/div>\n\t\t<\/div>\n\t\t\t\t\t<\/div>\n\t\t<\/section>\n\t\t\t\t<section class=\"elementor-section elementor-top-section elementor-element elementor-element-f99d88b elementor-section-boxed elementor-section-height-default elementor-section-height-default\" data-id=\"f99d88b\" data-element_type=\"section\" data-settings=\"{&quot;background_background&quot;:&quot;classic&quot;}\">\n\t\t\t\t\t\t<div class=\"elementor-container elementor-column-gap-default\">\n\t\t\t\t\t<div class=\"elementor-column elementor-col-100 elementor-top-column elementor-element elementor-element-4811c4d\" data-id=\"4811c4d\" data-element_type=\"column\">\n\t\t\t<div class=\"elementor-widget-wrap elementor-element-populated\">\n\t\t\t\t\t\t<section class=\"elementor-section elementor-inner-section elementor-element elementor-element-30f3538 elementor-section-boxed elementor-section-height-default elementor-section-height-default\" data-id=\"30f3538\" data-element_type=\"section\" data-settings=\"{&quot;background_background&quot;:&quot;classic&quot;}\">\n\t\t\t\t\t\t<div class=\"elementor-container elementor-column-gap-default\">\n\t\t\t\t\t<div class=\"elementor-column elementor-col-50 elementor-inner-column elementor-element elementor-element-6f9722f\" data-id=\"6f9722f\" data-element_type=\"column\">\n\t\t\t<div class=\"elementor-widget-wrap elementor-element-populated\">\n\t\t\t\t\t\t<div class=\"elementor-element elementor-element-24e962a elementor-absolute elementor-widget elementor-widget-image\" data-id=\"24e962a\" data-element_type=\"widget\" data-settings=\"{&quot;_position&quot;:&quot;absolute&quot;}\" data-widget_type=\"image.default\">\n\t\t\t\t<div class=\"elementor-widget-container\">\n\t\t\t\t\t\t\t\t\t\t\t\t\t\t\t<img decoding=\"async\" width=\"753\" height=\"680\" src=\"https:\/\/k2group.fr\/dijon\/wp-content\/uploads\/sites\/6\/2024\/04\/catalogue-pack-metiers-K2.webp\" class=\"attachment-full size-full wp-image-1817\" alt=\"\" srcset=\"https:\/\/k2group.fr\/dijon\/wp-content\/uploads\/sites\/6\/2024\/04\/catalogue-pack-metiers-K2.webp 753w, https:\/\/k2group.fr\/dijon\/wp-content\/uploads\/sites\/6\/2024\/04\/catalogue-pack-metiers-K2-300x271.webp 300w\" sizes=\"(max-width: 753px) 100vw, 753px\" \/>\t\t\t\t\t\t\t\t\t\t\t\t\t\t\t<\/div>\n\t\t\t\t<\/div>\n\t\t\t\t\t<\/div>\n\t\t<\/div>\n\t\t\t\t<div class=\"elementor-column elementor-col-50 elementor-inner-column elementor-element elementor-element-a96485a\" data-id=\"a96485a\" data-element_type=\"column\">\n\t\t\t<div class=\"elementor-widget-wrap elementor-element-populated\">\n\t\t\t\t\t\t<div class=\"elementor-element elementor-element-e2895ab elementor-widget elementor-widget-heading\" data-id=\"e2895ab\" data-element_type=\"widget\" data-widget_type=\"heading.default\">\n\t\t\t\t<div class=\"elementor-widget-container\">\n\t\t\t\t\t<h3 class=\"elementor-heading-title elementor-size-default\">NOTRE CATALOGUE<\/h3>\t\t\t\t<\/div>\n\t\t\t\t<\/div>\n\t\t\t\t<div class=\"elementor-element elementor-element-89da7f8 elementor-widget elementor-widget-text-editor\" data-id=\"89da7f8\" data-element_type=\"widget\" data-widget_type=\"text-editor.default\">\n\t\t\t\t<div class=\"elementor-widget-container\">\n\t\t\t\t\t\t\t\t\tD\u00e9couvrez notre dernier catalogue <br>et nos HDN d\u00e9di\u00e9s aux professionels.\t\t\t\t\t\t\t\t<\/div>\n\t\t\t\t<\/div>\n\t\t\t\t<div class=\"elementor-element elementor-element-e00fff1 elementor-widget elementor-widget-button\" data-id=\"e00fff1\" data-element_type=\"widget\" data-widget_type=\"button.default\">\n\t\t\t\t<div class=\"elementor-widget-container\">\n\t\t\t\t\t\t\t\t\t<div class=\"elementor-button-wrapper\">\n\t\t\t\t\t<a class=\"elementor-button elementor-button-link elementor-size-sm\" href=\"https:\/\/k2group.fr\/catalogue\/k2\/index.html\">\n\t\t\t\t\t\t<span class=\"elementor-button-content-wrapper\">\n\t\t\t\t\t\t<span class=\"elementor-button-icon\">\n\t\t\t\t<i aria-hidden=\"true\" class=\"fas fa-arrow-right\"><\/i>\t\t\t<\/span>\n\t\t\t\t\t\t\t\t\t<span class=\"elementor-button-text\">Consulter<\/span>\n\t\t\t\t\t<\/span>\n\t\t\t\t\t<\/a>\n\t\t\t\t<\/div>\n\t\t\t\t\t\t\t\t<\/div>\n\t\t\t\t<\/div>\n\t\t\t\t\t<\/div>\n\t\t<\/div>\n\t\t\t\t\t<\/div>\n\t\t<\/section>\n\t\t\t\t\t<\/div>\n\t\t<\/div>\n\t\t\t\t\t<\/div>\n\t\t<\/section>\n\t\t\t\t<\/div>\n\t\t","protected":false},"excerpt":{"rendered":"<p>Service apr\u00e9s vente K2 DIJON La satisfaction du client est notre objectif L\u2019\u00e9quipe K2 Dijon cherche toujours \u00e0 satisfaire sa\u2026<\/p>\n","protected":false},"author":1,"featured_media":0,"parent":0,"menu_order":0,"comment_status":"closed","ping_status":"closed","template":"","meta":{"site-sidebar-layout":"no-sidebar","site-content-layout":"page-builder","ast-global-header-display":"","ast-main-header-display":"","ast-hfb-above-header-display":"","ast-hfb-below-header-display":"","ast-hfb-mobile-header-display":"","site-post-title":"disabled","ast-breadcrumbs-content":"","ast-featured-img":"disabled","footer-sml-layout":"","theme-transparent-header-meta":"enabled","adv-header-id-meta":"","stick-header-meta":"","header-above-stick-meta":"","header-main-stick-meta":"","header-below-stick-meta":"","footnotes":""},"class_list":["post-1130","page","type-page","status-publish","hentry"],"yoast_head":"<!-- This site is optimized with the Yoast SEO plugin v24.7 - https:\/\/yoast.com\/wordpress\/plugins\/seo\/ -->\n<title>Service apr\u00e8s vente \u00e0 Dijon | K2 Dijon<\/title>\n<meta name=\"description\" content=\"K2 Dijon offre \u00e0 ses clients un service apr\u00e8s vente et une assistance continue.\" \/>\n<meta name=\"robots\" content=\"index, follow, max-snippet:-1, max-image-preview:large, max-video-preview:-1\" \/>\n<link rel=\"canonical\" href=\"https:\/\/k2group.fr\/dijon\/service-apres-vente\/\" \/>\n<meta property=\"og:locale\" content=\"fr_FR\" \/>\n<meta property=\"og:type\" content=\"article\" \/>\n<meta property=\"og:title\" content=\"Service apr\u00e8s vente \u00e0 Dijon | K2 Dijon\" \/>\n<meta property=\"og:description\" content=\"K2 Dijon offre \u00e0 ses clients un service apr\u00e8s vente et une assistance continue.\" \/>\n<meta property=\"og:url\" content=\"https:\/\/k2group.fr\/dijon\/service-apres-vente\/\" \/>\n<meta property=\"og:site_name\" content=\"k2 Dijon\" \/>\n<meta property=\"article:modified_time\" content=\"2024-04-17T09:32:26+00:00\" \/>\n<meta property=\"og:image\" content=\"https:\/\/k2group.fr\/dijon\/wp-content\/uploads\/sites\/6\/2022\/08\/sav.webp\" \/>\n<meta name=\"twitter:card\" content=\"summary_large_image\" \/>\n<meta name=\"twitter:label1\" content=\"Dur\u00e9e de lecture estim\u00e9e\" \/>\n\t<meta name=\"twitter:data1\" content=\"2 minutes\" \/>\n<script type=\"application\/ld+json\" class=\"yoast-schema-graph\">{\"@context\":\"https:\/\/schema.org\",\"@graph\":[{\"@type\":\"WebPage\",\"@id\":\"https:\/\/k2group.fr\/dijon\/service-apres-vente\/\",\"url\":\"https:\/\/k2group.fr\/dijon\/service-apres-vente\/\",\"name\":\"Service apr\u00e8s vente \u00e0 Dijon | K2 Dijon\",\"isPartOf\":{\"@id\":\"https:\/\/k2group.fr\/dijon\/#website\"},\"primaryImageOfPage\":{\"@id\":\"https:\/\/k2group.fr\/dijon\/service-apres-vente\/#primaryimage\"},\"image\":{\"@id\":\"https:\/\/k2group.fr\/dijon\/service-apres-vente\/#primaryimage\"},\"thumbnailUrl\":\"https:\/\/k2group.fr\/dijon\/wp-content\/uploads\/sites\/6\/2022\/08\/sav.webp\",\"datePublished\":\"2022-05-06T11:00:03+00:00\",\"dateModified\":\"2024-04-17T09:32:26+00:00\",\"description\":\"K2 Dijon offre \u00e0 ses clients un service apr\u00e8s vente et une assistance continue.\",\"breadcrumb\":{\"@id\":\"https:\/\/k2group.fr\/dijon\/service-apres-vente\/#breadcrumb\"},\"inLanguage\":\"fr-FR\",\"potentialAction\":[{\"@type\":\"ReadAction\",\"target\":[\"https:\/\/k2group.fr\/dijon\/service-apres-vente\/\"]}]},{\"@type\":\"ImageObject\",\"inLanguage\":\"fr-FR\",\"@id\":\"https:\/\/k2group.fr\/dijon\/service-apres-vente\/#primaryimage\",\"url\":\"https:\/\/k2group.fr\/dijon\/wp-content\/uploads\/sites\/6\/2022\/08\/sav.webp\",\"contentUrl\":\"https:\/\/k2group.fr\/dijon\/wp-content\/uploads\/sites\/6\/2022\/08\/sav.webp\",\"width\":459,\"height\":500},{\"@type\":\"BreadcrumbList\",\"@id\":\"https:\/\/k2group.fr\/dijon\/service-apres-vente\/#breadcrumb\",\"itemListElement\":[{\"@type\":\"ListItem\",\"position\":1,\"name\":\"Accueil\",\"item\":\"https:\/\/k2group.fr\/dijon\/\"},{\"@type\":\"ListItem\",\"position\":2,\"name\":\"Service apr\u00e9s vente K2 Dijon\"}]},{\"@type\":\"WebSite\",\"@id\":\"https:\/\/k2group.fr\/dijon\/#website\",\"url\":\"https:\/\/k2group.fr\/dijon\/\",\"name\":\"k2 Dijon\",\"description\":\"Un site utilisant K2GROUP\",\"publisher\":{\"@id\":\"https:\/\/k2group.fr\/dijon\/#organization\"},\"potentialAction\":[{\"@type\":\"SearchAction\",\"target\":{\"@type\":\"EntryPoint\",\"urlTemplate\":\"https:\/\/k2group.fr\/dijon\/?s={search_term_string}\"},\"query-input\":{\"@type\":\"PropertyValueSpecification\",\"valueRequired\":true,\"valueName\":\"search_term_string\"}}],\"inLanguage\":\"fr-FR\"},{\"@type\":\"Organization\",\"@id\":\"https:\/\/k2group.fr\/dijon\/#organization\",\"name\":\"k2 Dijon\",\"url\":\"https:\/\/k2group.fr\/dijon\/\",\"logo\":{\"@type\":\"ImageObject\",\"inLanguage\":\"fr-FR\",\"@id\":\"https:\/\/k2group.fr\/dijon\/#\/schema\/logo\/image\/\",\"url\":\"https:\/\/k2group.fr\/dijon\/wp-content\/uploads\/sites\/6\/2022\/04\/k2-logo.png\",\"contentUrl\":\"https:\/\/k2group.fr\/dijon\/wp-content\/uploads\/sites\/6\/2022\/04\/k2-logo.png\",\"width\":580,\"height\":251,\"caption\":\"k2 Dijon\"},\"image\":{\"@id\":\"https:\/\/k2group.fr\/dijon\/#\/schema\/logo\/image\/\"}}]}<\/script>\n<!-- \/ Yoast SEO plugin. -->","yoast_head_json":{"title":"Service apr\u00e8s vente \u00e0 Dijon | K2 Dijon","description":"K2 Dijon offre \u00e0 ses clients un service apr\u00e8s vente et une assistance continue.","robots":{"index":"index","follow":"follow","max-snippet":"max-snippet:-1","max-image-preview":"max-image-preview:large","max-video-preview":"max-video-preview:-1"},"canonical":"https:\/\/k2group.fr\/dijon\/service-apres-vente\/","og_locale":"fr_FR","og_type":"article","og_title":"Service apr\u00e8s vente \u00e0 Dijon | K2 Dijon","og_description":"K2 Dijon offre \u00e0 ses clients un service apr\u00e8s vente et une assistance continue.","og_url":"https:\/\/k2group.fr\/dijon\/service-apres-vente\/","og_site_name":"k2 Dijon","article_modified_time":"2024-04-17T09:32:26+00:00","og_image":[{"url":"https:\/\/k2group.fr\/dijon\/wp-content\/uploads\/sites\/6\/2022\/08\/sav.webp","type":"","width":"","height":""}],"twitter_card":"summary_large_image","twitter_misc":{"Dur\u00e9e de lecture estim\u00e9e":"2 minutes"},"schema":{"@context":"https:\/\/schema.org","@graph":[{"@type":"WebPage","@id":"https:\/\/k2group.fr\/dijon\/service-apres-vente\/","url":"https:\/\/k2group.fr\/dijon\/service-apres-vente\/","name":"Service apr\u00e8s vente \u00e0 Dijon | K2 Dijon","isPartOf":{"@id":"https:\/\/k2group.fr\/dijon\/#website"},"primaryImageOfPage":{"@id":"https:\/\/k2group.fr\/dijon\/service-apres-vente\/#primaryimage"},"image":{"@id":"https:\/\/k2group.fr\/dijon\/service-apres-vente\/#primaryimage"},"thumbnailUrl":"https:\/\/k2group.fr\/dijon\/wp-content\/uploads\/sites\/6\/2022\/08\/sav.webp","datePublished":"2022-05-06T11:00:03+00:00","dateModified":"2024-04-17T09:32:26+00:00","description":"K2 Dijon offre \u00e0 ses clients un service apr\u00e8s vente et une assistance continue.","breadcrumb":{"@id":"https:\/\/k2group.fr\/dijon\/service-apres-vente\/#breadcrumb"},"inLanguage":"fr-FR","potentialAction":[{"@type":"ReadAction","target":["https:\/\/k2group.fr\/dijon\/service-apres-vente\/"]}]},{"@type":"ImageObject","inLanguage":"fr-FR","@id":"https:\/\/k2group.fr\/dijon\/service-apres-vente\/#primaryimage","url":"https:\/\/k2group.fr\/dijon\/wp-content\/uploads\/sites\/6\/2022\/08\/sav.webp","contentUrl":"https:\/\/k2group.fr\/dijon\/wp-content\/uploads\/sites\/6\/2022\/08\/sav.webp","width":459,"height":500},{"@type":"BreadcrumbList","@id":"https:\/\/k2group.fr\/dijon\/service-apres-vente\/#breadcrumb","itemListElement":[{"@type":"ListItem","position":1,"name":"Accueil","item":"https:\/\/k2group.fr\/dijon\/"},{"@type":"ListItem","position":2,"name":"Service apr\u00e9s vente K2 Dijon"}]},{"@type":"WebSite","@id":"https:\/\/k2group.fr\/dijon\/#website","url":"https:\/\/k2group.fr\/dijon\/","name":"k2 Dijon","description":"Un site utilisant K2GROUP","publisher":{"@id":"https:\/\/k2group.fr\/dijon\/#organization"},"potentialAction":[{"@type":"SearchAction","target":{"@type":"EntryPoint","urlTemplate":"https:\/\/k2group.fr\/dijon\/?s={search_term_string}"},"query-input":{"@type":"PropertyValueSpecification","valueRequired":true,"valueName":"search_term_string"}}],"inLanguage":"fr-FR"},{"@type":"Organization","@id":"https:\/\/k2group.fr\/dijon\/#organization","name":"k2 Dijon","url":"https:\/\/k2group.fr\/dijon\/","logo":{"@type":"ImageObject","inLanguage":"fr-FR","@id":"https:\/\/k2group.fr\/dijon\/#\/schema\/logo\/image\/","url":"https:\/\/k2group.fr\/dijon\/wp-content\/uploads\/sites\/6\/2022\/04\/k2-logo.png","contentUrl":"https:\/\/k2group.fr\/dijon\/wp-content\/uploads\/sites\/6\/2022\/04\/k2-logo.png","width":580,"height":251,"caption":"k2 Dijon"},"image":{"@id":"https:\/\/k2group.fr\/dijon\/#\/schema\/logo\/image\/"}}]}},"_links":{"self":[{"href":"https:\/\/k2group.fr\/dijon\/wp-json\/wp\/v2\/pages\/1130","targetHints":{"allow":["GET"]}}],"collection":[{"href":"https:\/\/k2group.fr\/dijon\/wp-json\/wp\/v2\/pages"}],"about":[{"href":"https:\/\/k2group.fr\/dijon\/wp-json\/wp\/v2\/types\/page"}],"author":[{"embeddable":true,"href":"https:\/\/k2group.fr\/dijon\/wp-json\/wp\/v2\/users\/1"}],"replies":[{"embeddable":true,"href":"https:\/\/k2group.fr\/dijon\/wp-json\/wp\/v2\/comments?post=1130"}],"version-history":[{"count":77,"href":"https:\/\/k2group.fr\/dijon\/wp-json\/wp\/v2\/pages\/1130\/revisions"}],"predecessor-version":[{"id":1829,"href":"https:\/\/k2group.fr\/dijon\/wp-json\/wp\/v2\/pages\/1130\/revisions\/1829"}],"wp:attachment":[{"href":"https:\/\/k2group.fr\/dijon\/wp-json\/wp\/v2\/media?parent=1130"}],"curies":[{"name":"wp","href":"https:\/\/api.w.org\/{rel}","templated":true}]}}