{"id":1135,"date":"2022-05-06T15:10:34","date_gmt":"2022-05-06T13:10:34","guid":{"rendered":"https:\/\/k2group.fr\/dijon\/?page_id=1135"},"modified":"2022-10-04T17:37:16","modified_gmt":"2022-10-04T15:37:16","slug":"video-surveillance","status":"publish","type":"page","link":"https:\/\/k2group.fr\/dijon\/video-surveillance\/","title":{"rendered":"Vid\u00e9o surveillance \u00e0 Dijon"},"content":{"rendered":"\t\t<div data-elementor-type=\"wp-page\" data-elementor-id=\"1135\" class=\"elementor elementor-1135\">\n\t\t\t\t\t\t<section class=\"elementor-section elementor-top-section elementor-element elementor-element-d23d634 elementor-section-height-min-height elementor-section-items-top elementor-section-boxed elementor-section-height-default\" data-id=\"d23d634\" data-element_type=\"section\" data-settings=\"{&quot;background_background&quot;:&quot;classic&quot;}\">\n\t\t\t\t\t\t\t<div class=\"elementor-background-overlay\"><\/div>\n\t\t\t\t\t\t\t<div class=\"elementor-container elementor-column-gap-default\">\n\t\t\t\t\t<div class=\"elementor-column elementor-col-100 elementor-top-column elementor-element elementor-element-f3a5876\" data-id=\"f3a5876\" data-element_type=\"column\">\n\t\t\t<div class=\"elementor-widget-wrap elementor-element-populated\">\n\t\t\t\t\t\t<div class=\"elementor-element elementor-element-a491a30 elementor-widget elementor-widget-image-box\" data-id=\"a491a30\" data-element_type=\"widget\" data-widget_type=\"image-box.default\">\n\t\t\t\t<div class=\"elementor-widget-container\">\n\t\t\t\t\t<div class=\"elementor-image-box-wrapper\"><div class=\"elementor-image-box-content\"><h1 class=\"elementor-image-box-title\">Vid\u00e9osurveillance <br>\u00e0 DIJON<\/h1><\/div><\/div>\t\t\t\t<\/div>\n\t\t\t\t<\/div>\n\t\t\t\t\t<\/div>\n\t\t<\/div>\n\t\t\t\t\t<\/div>\n\t\t<\/section>\n\t\t\t\t<section class=\"elementor-section elementor-top-section elementor-element elementor-element-9342cc5 elementor-section-content-middle elementor-section-boxed elementor-section-height-default elementor-section-height-default\" data-id=\"9342cc5\" data-element_type=\"section\" data-settings=\"{&quot;background_background&quot;:&quot;classic&quot;}\">\n\t\t\t\t\t\t<div class=\"elementor-container elementor-column-gap-no\">\n\t\t\t\t\t<div class=\"elementor-column elementor-col-50 elementor-top-column elementor-element elementor-element-455a874\" data-id=\"455a874\" data-element_type=\"column\">\n\t\t\t<div class=\"elementor-widget-wrap elementor-element-populated\">\n\t\t\t\t\t\t<div class=\"elementor-element elementor-element-6098676 elementor-widget elementor-widget-heading\" data-id=\"6098676\" data-element_type=\"widget\" data-widget_type=\"heading.default\">\n\t\t\t\t<div class=\"elementor-widget-container\">\n\t\t\t\t\t<h2 class=\"elementor-heading-title elementor-size-default\">Assurez la s\u00e9curit\u00e9 de vos biens et vos locaux<\/h2>\t\t\t\t<\/div>\n\t\t\t\t<\/div>\n\t\t\t\t<div class=\"elementor-element elementor-element-e695f38 elementor-widget elementor-widget-text-editor\" data-id=\"e695f38\" data-element_type=\"widget\" data-widget_type=\"text-editor.default\">\n\t\t\t\t<div class=\"elementor-widget-container\">\n\t\t\t\t\t\t\t\t\tAssurer la s\u00e9curit\u00e9 de vos locaux \u00e0 l\u2019aide de la vid\u00e9osurveillance, K2 Dijon vous fournit des solutions performantes et met \u00e0 votre disposition des produits de grande marque afin d\u2019assurer une s\u00e9curit\u00e9 optimale de vos biens et de vos locaux. \n<br><br>\nNous assurons \u00e0 nos clients un accompagnement total concernant le choix, l\u2019installation, la configuration et la mise en service de nos produits. \n<br><br>\nContacter l\u2019agence de Dijon pour installer d\u00e8s aujourd\u2019hui vos cam\u00e9ras de surveillance \t\t\t\t\t\t\t\t<\/div>\n\t\t\t\t<\/div>\n\t\t\t\t\t<\/div>\n\t\t<\/div>\n\t\t\t\t<div class=\"elementor-column elementor-col-50 elementor-top-column elementor-element elementor-element-d68adaa\" data-id=\"d68adaa\" data-element_type=\"column\">\n\t\t\t<div class=\"elementor-widget-wrap elementor-element-populated\">\n\t\t\t\t\t\t<div class=\"elementor-element elementor-element-b195610 elementor-widget elementor-widget-image\" data-id=\"b195610\" data-element_type=\"widget\" data-widget_type=\"image.default\">\n\t\t\t\t<div class=\"elementor-widget-container\">\n\t\t\t\t\t\t\t\t\t\t\t\t\t\t\t<img fetchpriority=\"high\" decoding=\"async\" width=\"459\" height=\"500\" src=\"https:\/\/k2group.fr\/dijon\/wp-content\/uploads\/sites\/6\/2022\/08\/videosurveillance-dijon.webp\" class=\"attachment-full size-full wp-image-1500\" alt=\"\" srcset=\"https:\/\/k2group.fr\/dijon\/wp-content\/uploads\/sites\/6\/2022\/08\/videosurveillance-dijon.webp 459w, https:\/\/k2group.fr\/dijon\/wp-content\/uploads\/sites\/6\/2022\/08\/videosurveillance-dijon-275x300.webp 275w\" sizes=\"(max-width: 459px) 100vw, 459px\" \/>\t\t\t\t\t\t\t\t\t\t\t\t\t\t\t<\/div>\n\t\t\t\t<\/div>\n\t\t\t\t\t<\/div>\n\t\t<\/div>\n\t\t\t\t\t<\/div>\n\t\t<\/section>\n\t\t\t\t<section class=\"elementor-section elementor-top-section elementor-element elementor-element-8822af9 elementor-section-content-middle elementor-section-boxed elementor-section-height-default elementor-section-height-default\" data-id=\"8822af9\" data-element_type=\"section\" data-settings=\"{&quot;background_background&quot;:&quot;classic&quot;}\">\n\t\t\t\t\t\t<div class=\"elementor-container elementor-column-gap-no\">\n\t\t\t\t\t<div class=\"elementor-column elementor-col-50 elementor-top-column elementor-element elementor-element-c421dd7\" data-id=\"c421dd7\" data-element_type=\"column\">\n\t\t\t<div class=\"elementor-widget-wrap elementor-element-populated\">\n\t\t\t\t\t\t<div class=\"elementor-element elementor-element-d54b393 elementor-widget elementor-widget-image\" data-id=\"d54b393\" data-element_type=\"widget\" data-widget_type=\"image.default\">\n\t\t\t\t<div class=\"elementor-widget-container\">\n\t\t\t\t\t\t\t\t\t\t\t\t\t\t\t<img decoding=\"async\" src=\"https:\/\/k2group.fr\/paris\/wp-content\/uploads\/sites\/4\/2022\/05\/alhua-camera.webp\" title=\"\" alt=\"\" loading=\"lazy\" \/>\t\t\t\t\t\t\t\t\t\t\t\t\t\t\t<\/div>\n\t\t\t\t<\/div>\n\t\t\t\t\t<\/div>\n\t\t<\/div>\n\t\t\t\t<div class=\"elementor-column elementor-col-50 elementor-top-column elementor-element elementor-element-bee1e35\" data-id=\"bee1e35\" data-element_type=\"column\">\n\t\t\t<div class=\"elementor-widget-wrap elementor-element-populated\">\n\t\t\t\t\t\t<div class=\"elementor-element elementor-element-4791545 elementor-widget elementor-widget-heading\" data-id=\"4791545\" data-element_type=\"widget\" data-widget_type=\"heading.default\">\n\t\t\t\t<div class=\"elementor-widget-container\">\n\t\t\t\t\t<h2 class=\"elementor-heading-title elementor-size-default\">Dahua : Une s\u00e9curit\u00e9 forte et intelligente<\/h2>\t\t\t\t<\/div>\n\t\t\t\t<\/div>\n\t\t\t\t<div class=\"elementor-element elementor-element-9fe8fec elementor-widget elementor-widget-text-editor\" data-id=\"9fe8fec\" data-element_type=\"widget\" data-widget_type=\"text-editor.default\">\n\t\t\t\t<div class=\"elementor-widget-container\">\n\t\t\t\t\t\t\t\t\tChez K2 Dijon, vous trouverez la marque populaire de fabrication de solution de vid\u00e9osurveillance Dahua qui propose du mat\u00e9riels de derni\u00e8re g\u00e9n\u00e9ration ainsi que des capteurs de mouvement performants.\n<br><br>\nDans le but de satisfaire nos clients, nous sommes en d\u00e9fi de vous accompagner dans l\u2019installation et la mise en service de tous ces produits en vous proposant la solution la mieux adapt\u00e9e \u00e0 vos besoins, et ce, afin d\u2019offrir le meilleur \u00e0 nos clients professionnels ou particuliers.\n<br><br>\n\nPour b\u00e9n\u00e9ficier de nos solutions vid\u00e9osurveillance, nous vous invitons \u00e0 feuilleter notre catalogue K2 sur notre site e-commerce ou nous rendre visite \u00e0 l\u2019agence K2 Dijon.\t\t\t\t\t\t\t\t<\/div>\n\t\t\t\t<\/div>\n\t\t\t\t\t<\/div>\n\t\t<\/div>\n\t\t\t\t\t<\/div>\n\t\t<\/section>\n\t\t\t\t<section class=\"elementor-section elementor-top-section elementor-element elementor-element-e61d6f2 elementor-section-content-middle elementor-section-boxed elementor-section-height-default elementor-section-height-default\" data-id=\"e61d6f2\" data-element_type=\"section\" data-settings=\"{&quot;background_background&quot;:&quot;classic&quot;}\">\n\t\t\t\t\t\t<div class=\"elementor-container elementor-column-gap-no\">\n\t\t\t\t\t<div class=\"elementor-column elementor-col-50 elementor-top-column elementor-element elementor-element-f743c7f\" data-id=\"f743c7f\" data-element_type=\"column\">\n\t\t\t<div class=\"elementor-widget-wrap elementor-element-populated\">\n\t\t\t\t\t\t<div class=\"elementor-element elementor-element-d0150d8 elementor-widget elementor-widget-heading\" data-id=\"d0150d8\" data-element_type=\"widget\" data-widget_type=\"heading.default\">\n\t\t\t\t<div class=\"elementor-widget-container\">\n\t\t\t\t\t<h2 class=\"elementor-heading-title elementor-size-default\">Hikvision : Des cam\u00e9ras de surveillance d'haute d\u00e9finition<\/h2>\t\t\t\t<\/div>\n\t\t\t\t<\/div>\n\t\t\t\t<div class=\"elementor-element elementor-element-c34335c elementor-widget elementor-widget-text-editor\" data-id=\"c34335c\" data-element_type=\"widget\" data-widget_type=\"text-editor.default\">\n\t\t\t\t<div class=\"elementor-widget-container\">\n\t\t\t\t\t\t\t\t\tParmi notre s\u00e9lection de solutions de vid\u00e9osurveillance \u00e0 Dijon, nous avons choisi pour vous la fameuse marque Hikvision qui se caract\u00e9rise par ces mod\u00e8les de cam\u00e9ras de surveillance d\u2019haute d\u00e9finition \u00e0 des prix all\u00e9chants.\n<br><br>\nLes solutions Hikvision comprennent aussi des kits d\u2019alarme sans fil WiFi et GPRS qui se  fixe dans les diff\u00e9rentes zones de mouvement afin de garantir tous les niveaux de surveillance et d\u2019alerte.\n<br><br>\nNos cam\u00e9ras Hikvision sont optimiser et ce afin d\u2019assurer une capture vid\u00e9o d\u00e9taill\u00e9e, ainsi ils int\u00e8gres les nouvelles technologies de pointes qui permettent par exemple la reconnaissance faciale et la distinction humaine.\t\t\t\t\t\t\t\t<\/div>\n\t\t\t\t<\/div>\n\t\t\t\t\t<\/div>\n\t\t<\/div>\n\t\t\t\t<div class=\"elementor-column elementor-col-50 elementor-top-column elementor-element elementor-element-7cd0e2d\" data-id=\"7cd0e2d\" data-element_type=\"column\">\n\t\t\t<div class=\"elementor-widget-wrap elementor-element-populated\">\n\t\t\t\t\t\t<div class=\"elementor-element elementor-element-5afa1bc elementor-widget elementor-widget-image\" data-id=\"5afa1bc\" data-element_type=\"widget\" data-widget_type=\"image.default\">\n\t\t\t\t<div class=\"elementor-widget-container\">\n\t\t\t\t\t\t\t\t\t\t\t\t\t\t\t<img decoding=\"async\" src=\"https:\/\/k2group.fr\/paris\/wp-content\/uploads\/sites\/4\/2022\/05\/hikvision-camera.webp\" title=\"\" alt=\"\" loading=\"lazy\" \/>\t\t\t\t\t\t\t\t\t\t\t\t\t\t\t<\/div>\n\t\t\t\t<\/div>\n\t\t\t\t\t<\/div>\n\t\t<\/div>\n\t\t\t\t\t<\/div>\n\t\t<\/section>\n\t\t\t\t<section class=\"elementor-section elementor-top-section elementor-element elementor-element-da022dc elementor-section-boxed elementor-section-height-default elementor-section-height-default\" data-id=\"da022dc\" data-element_type=\"section\" data-settings=\"{&quot;background_background&quot;:&quot;classic&quot;}\">\n\t\t\t\t\t\t<div class=\"elementor-container elementor-column-gap-default\">\n\t\t\t\t\t<div class=\"elementor-column elementor-col-100 elementor-top-column elementor-element elementor-element-a206c66\" data-id=\"a206c66\" data-element_type=\"column\">\n\t\t\t<div class=\"elementor-widget-wrap elementor-element-populated\">\n\t\t\t\t\t\t<section class=\"elementor-section elementor-inner-section elementor-element elementor-element-06c192f elementor-section-boxed elementor-section-height-default elementor-section-height-default\" data-id=\"06c192f\" data-element_type=\"section\">\n\t\t\t\t\t\t<div class=\"elementor-container elementor-column-gap-default\">\n\t\t\t\t\t<div class=\"elementor-column elementor-col-50 elementor-inner-column elementor-element elementor-element-a3b8bc0 elementor-hidden-mobile\" data-id=\"a3b8bc0\" data-element_type=\"column\">\n\t\t\t<div class=\"elementor-widget-wrap elementor-element-populated\">\n\t\t\t\t\t\t<div class=\"elementor-element elementor-element-7370cda elementor-widget elementor-widget-image\" data-id=\"7370cda\" data-element_type=\"widget\" data-widget_type=\"image.default\">\n\t\t\t\t<div class=\"elementor-widget-container\">\n\t\t\t\t\t\t\t\t\t\t\t\t\t\t\t<img decoding=\"async\" width=\"612\" height=\"443\" src=\"https:\/\/k2group.fr\/dijon\/wp-content\/uploads\/sites\/6\/2022\/09\/k2-dist.webp\" class=\"attachment-large size-large wp-image-1682\" alt=\"\" srcset=\"https:\/\/k2group.fr\/dijon\/wp-content\/uploads\/sites\/6\/2022\/09\/k2-dist.webp 612w, https:\/\/k2group.fr\/dijon\/wp-content\/uploads\/sites\/6\/2022\/09\/k2-dist-300x217.webp 300w\" sizes=\"(max-width: 612px) 100vw, 612px\" \/>\t\t\t\t\t\t\t\t\t\t\t\t\t\t\t<\/div>\n\t\t\t\t<\/div>\n\t\t\t\t\t<\/div>\n\t\t<\/div>\n\t\t\t\t<div class=\"elementor-column elementor-col-50 elementor-inner-column elementor-element elementor-element-3b1f7dd\" data-id=\"3b1f7dd\" data-element_type=\"column\" data-settings=\"{&quot;background_background&quot;:&quot;classic&quot;}\">\n\t\t\t<div class=\"elementor-widget-wrap elementor-element-populated\">\n\t\t\t\t\t\t<div class=\"elementor-element elementor-element-0115be9 elementor-widget elementor-widget-heading\" data-id=\"0115be9\" data-element_type=\"widget\" data-widget_type=\"heading.default\">\n\t\t\t\t<div class=\"elementor-widget-container\">\n\t\t\t\t\t<h3 class=\"elementor-heading-title elementor-size-default\">N'H\u00c9SITEZ PAS<\/h3>\t\t\t\t<\/div>\n\t\t\t\t<\/div>\n\t\t\t\t<div class=\"elementor-element elementor-element-93ecb75 elementor-widget elementor-widget-heading\" data-id=\"93ecb75\" data-element_type=\"widget\" data-widget_type=\"heading.default\">\n\t\t\t\t<div class=\"elementor-widget-container\">\n\t\t\t\t\t<h2 class=\"elementor-heading-title elementor-size-default\">\u00c0 CONSULTER NOTRE <\/h2>\t\t\t\t<\/div>\n\t\t\t\t<\/div>\n\t\t\t\t<div class=\"elementor-element elementor-element-66f4b3e elementor-widget elementor-widget-heading\" data-id=\"66f4b3e\" data-element_type=\"widget\" data-widget_type=\"heading.default\">\n\t\t\t\t<div class=\"elementor-widget-container\">\n\t\t\t\t\t<h2 class=\"elementor-heading-title elementor-size-default\">SITE E-COMMERCE<\/h2>\t\t\t\t<\/div>\n\t\t\t\t<\/div>\n\t\t\t\t<div class=\"elementor-element elementor-element-2770b9a elementor-button-danger elementor-align-center elementor-widget elementor-widget-button\" data-id=\"2770b9a\" data-element_type=\"widget\" data-widget_type=\"button.default\">\n\t\t\t\t<div class=\"elementor-widget-container\">\n\t\t\t\t\t\t\t\t\t<div class=\"elementor-button-wrapper\">\n\t\t\t\t\t<a class=\"elementor-button elementor-button-link elementor-size-xl\" href=\"https:\/\/k2group-distribution.fr\/\">\n\t\t\t\t\t\t<span class=\"elementor-button-content-wrapper\">\n\t\t\t\t\t\t<span class=\"elementor-button-icon\">\n\t\t\t\t<i aria-hidden=\"true\" class=\"fas fa-arrow-right\"><\/i>\t\t\t<\/span>\n\t\t\t\t\t\t\t\t\t<span class=\"elementor-button-text\">Consultez<\/span>\n\t\t\t\t\t<\/span>\n\t\t\t\t\t<\/a>\n\t\t\t\t<\/div>\n\t\t\t\t\t\t\t\t<\/div>\n\t\t\t\t<\/div>\n\t\t\t\t\t<\/div>\n\t\t<\/div>\n\t\t\t\t\t<\/div>\n\t\t<\/section>\n\t\t\t\t\t<\/div>\n\t\t<\/div>\n\t\t\t\t\t<\/div>\n\t\t<\/section>\n\t\t\t\t<\/div>\n\t\t","protected":false},"excerpt":{"rendered":"<p>Vid\u00e9osurveillance \u00e0 DIJON Assurez la s\u00e9curit\u00e9 de vos biens et vos locaux Assurer la s\u00e9curit\u00e9 de vos locaux \u00e0 l\u2019aide\u2026<\/p>\n","protected":false},"author":1,"featured_media":0,"parent":0,"menu_order":0,"comment_status":"closed","ping_status":"closed","template":"","meta":{"site-sidebar-layout":"no-sidebar","site-content-layout":"page-builder","ast-global-header-display":"","ast-main-header-display":"","ast-hfb-above-header-display":"","ast-hfb-below-header-display":"","ast-hfb-mobile-header-display":"","site-post-title":"disabled","ast-breadcrumbs-content":"","ast-featured-img":"disabled","footer-sml-layout":"","theme-transparent-header-meta":"enabled","adv-header-id-meta":"","stick-header-meta":"","header-above-stick-meta":"","header-main-stick-meta":"","header-below-stick-meta":"","footnotes":""},"class_list":["post-1135","page","type-page","status-publish","hentry"],"yoast_head":"<!-- This site is optimized with the Yoast SEO plugin v24.7 - https:\/\/yoast.com\/wordpress\/plugins\/seo\/ -->\n<title>Syst\u00e8me de surveillance \u00e0 Dijon | K2 Dijon<\/title>\n<meta name=\"description\" content=\"K2, une entreprise de vid\u00e9osurveillance \u00e0 Dijon qui propose la vente des meilleures syst\u00e8mes de s\u00e9curit\u00e9 : Alarmes, cam\u00e9ras de surveillance, contr\u00f4le d&#039;acc\u00e8s ...\" \/>\n<meta name=\"robots\" content=\"index, follow, max-snippet:-1, max-image-preview:large, max-video-preview:-1\" \/>\n<link rel=\"canonical\" href=\"https:\/\/k2group.fr\/dijon\/video-surveillance\/\" \/>\n<meta property=\"og:locale\" content=\"fr_FR\" \/>\n<meta property=\"og:type\" content=\"article\" \/>\n<meta property=\"og:title\" content=\"Syst\u00e8me de surveillance \u00e0 Dijon | K2 Dijon\" \/>\n<meta property=\"og:description\" content=\"K2, une entreprise de vid\u00e9osurveillance \u00e0 Dijon qui propose la vente des meilleures syst\u00e8mes de s\u00e9curit\u00e9 : Alarmes, cam\u00e9ras de surveillance, contr\u00f4le d&#039;acc\u00e8s ...\" \/>\n<meta property=\"og:url\" content=\"https:\/\/k2group.fr\/dijon\/video-surveillance\/\" \/>\n<meta property=\"og:site_name\" content=\"k2 Dijon\" \/>\n<meta property=\"article:modified_time\" content=\"2022-10-04T15:37:16+00:00\" \/>\n<meta property=\"og:image\" content=\"https:\/\/k2group.fr\/dijon\/wp-content\/uploads\/sites\/6\/2022\/08\/videosurveillance-dijon.webp\" \/>\n<meta name=\"twitter:card\" content=\"summary_large_image\" \/>\n<meta name=\"twitter:label1\" content=\"Dur\u00e9e de lecture estim\u00e9e\" \/>\n\t<meta name=\"twitter:data1\" content=\"3 minutes\" \/>\n<script type=\"application\/ld+json\" class=\"yoast-schema-graph\">{\"@context\":\"https:\/\/schema.org\",\"@graph\":[{\"@type\":\"WebPage\",\"@id\":\"https:\/\/k2group.fr\/dijon\/video-surveillance\/\",\"url\":\"https:\/\/k2group.fr\/dijon\/video-surveillance\/\",\"name\":\"Syst\u00e8me de surveillance \u00e0 Dijon | K2 Dijon\",\"isPartOf\":{\"@id\":\"https:\/\/k2group.fr\/dijon\/#website\"},\"primaryImageOfPage\":{\"@id\":\"https:\/\/k2group.fr\/dijon\/video-surveillance\/#primaryimage\"},\"image\":{\"@id\":\"https:\/\/k2group.fr\/dijon\/video-surveillance\/#primaryimage\"},\"thumbnailUrl\":\"https:\/\/k2group.fr\/dijon\/wp-content\/uploads\/sites\/6\/2022\/08\/videosurveillance-dijon.webp\",\"datePublished\":\"2022-05-06T13:10:34+00:00\",\"dateModified\":\"2022-10-04T15:37:16+00:00\",\"description\":\"K2, une entreprise de vid\u00e9osurveillance \u00e0 Dijon qui propose la vente des meilleures syst\u00e8mes de s\u00e9curit\u00e9 : Alarmes, cam\u00e9ras de surveillance, contr\u00f4le d'acc\u00e8s ...\",\"breadcrumb\":{\"@id\":\"https:\/\/k2group.fr\/dijon\/video-surveillance\/#breadcrumb\"},\"inLanguage\":\"fr-FR\",\"potentialAction\":[{\"@type\":\"ReadAction\",\"target\":[\"https:\/\/k2group.fr\/dijon\/video-surveillance\/\"]}]},{\"@type\":\"ImageObject\",\"inLanguage\":\"fr-FR\",\"@id\":\"https:\/\/k2group.fr\/dijon\/video-surveillance\/#primaryimage\",\"url\":\"https:\/\/k2group.fr\/dijon\/wp-content\/uploads\/sites\/6\/2022\/08\/videosurveillance-dijon.webp\",\"contentUrl\":\"https:\/\/k2group.fr\/dijon\/wp-content\/uploads\/sites\/6\/2022\/08\/videosurveillance-dijon.webp\",\"width\":459,\"height\":500},{\"@type\":\"BreadcrumbList\",\"@id\":\"https:\/\/k2group.fr\/dijon\/video-surveillance\/#breadcrumb\",\"itemListElement\":[{\"@type\":\"ListItem\",\"position\":1,\"name\":\"Accueil\",\"item\":\"https:\/\/k2group.fr\/dijon\/\"},{\"@type\":\"ListItem\",\"position\":2,\"name\":\"Vid\u00e9o surveillance \u00e0 Dijon\"}]},{\"@type\":\"WebSite\",\"@id\":\"https:\/\/k2group.fr\/dijon\/#website\",\"url\":\"https:\/\/k2group.fr\/dijon\/\",\"name\":\"k2 Dijon\",\"description\":\"Un site utilisant K2GROUP\",\"publisher\":{\"@id\":\"https:\/\/k2group.fr\/dijon\/#organization\"},\"potentialAction\":[{\"@type\":\"SearchAction\",\"target\":{\"@type\":\"EntryPoint\",\"urlTemplate\":\"https:\/\/k2group.fr\/dijon\/?s={search_term_string}\"},\"query-input\":{\"@type\":\"PropertyValueSpecification\",\"valueRequired\":true,\"valueName\":\"search_term_string\"}}],\"inLanguage\":\"fr-FR\"},{\"@type\":\"Organization\",\"@id\":\"https:\/\/k2group.fr\/dijon\/#organization\",\"name\":\"k2 Dijon\",\"url\":\"https:\/\/k2group.fr\/dijon\/\",\"logo\":{\"@type\":\"ImageObject\",\"inLanguage\":\"fr-FR\",\"@id\":\"https:\/\/k2group.fr\/dijon\/#\/schema\/logo\/image\/\",\"url\":\"https:\/\/k2group.fr\/dijon\/wp-content\/uploads\/sites\/6\/2022\/04\/k2-logo.png\",\"contentUrl\":\"https:\/\/k2group.fr\/dijon\/wp-content\/uploads\/sites\/6\/2022\/04\/k2-logo.png\",\"width\":580,\"height\":251,\"caption\":\"k2 Dijon\"},\"image\":{\"@id\":\"https:\/\/k2group.fr\/dijon\/#\/schema\/logo\/image\/\"}}]}<\/script>\n<!-- \/ Yoast SEO plugin. -->","yoast_head_json":{"title":"Syst\u00e8me de surveillance \u00e0 Dijon | K2 Dijon","description":"K2, une entreprise de vid\u00e9osurveillance \u00e0 Dijon qui propose la vente des meilleures syst\u00e8mes de s\u00e9curit\u00e9 : Alarmes, cam\u00e9ras de surveillance, contr\u00f4le d'acc\u00e8s ...","robots":{"index":"index","follow":"follow","max-snippet":"max-snippet:-1","max-image-preview":"max-image-preview:large","max-video-preview":"max-video-preview:-1"},"canonical":"https:\/\/k2group.fr\/dijon\/video-surveillance\/","og_locale":"fr_FR","og_type":"article","og_title":"Syst\u00e8me de surveillance \u00e0 Dijon | K2 Dijon","og_description":"K2, une entreprise de vid\u00e9osurveillance \u00e0 Dijon qui propose la vente des meilleures syst\u00e8mes de s\u00e9curit\u00e9 : Alarmes, cam\u00e9ras de surveillance, contr\u00f4le d'acc\u00e8s ...","og_url":"https:\/\/k2group.fr\/dijon\/video-surveillance\/","og_site_name":"k2 Dijon","article_modified_time":"2022-10-04T15:37:16+00:00","og_image":[{"url":"https:\/\/k2group.fr\/dijon\/wp-content\/uploads\/sites\/6\/2022\/08\/videosurveillance-dijon.webp","type":"","width":"","height":""}],"twitter_card":"summary_large_image","twitter_misc":{"Dur\u00e9e de lecture estim\u00e9e":"3 minutes"},"schema":{"@context":"https:\/\/schema.org","@graph":[{"@type":"WebPage","@id":"https:\/\/k2group.fr\/dijon\/video-surveillance\/","url":"https:\/\/k2group.fr\/dijon\/video-surveillance\/","name":"Syst\u00e8me de surveillance \u00e0 Dijon | K2 Dijon","isPartOf":{"@id":"https:\/\/k2group.fr\/dijon\/#website"},"primaryImageOfPage":{"@id":"https:\/\/k2group.fr\/dijon\/video-surveillance\/#primaryimage"},"image":{"@id":"https:\/\/k2group.fr\/dijon\/video-surveillance\/#primaryimage"},"thumbnailUrl":"https:\/\/k2group.fr\/dijon\/wp-content\/uploads\/sites\/6\/2022\/08\/videosurveillance-dijon.webp","datePublished":"2022-05-06T13:10:34+00:00","dateModified":"2022-10-04T15:37:16+00:00","description":"K2, une entreprise de vid\u00e9osurveillance \u00e0 Dijon qui propose la vente des meilleures syst\u00e8mes de s\u00e9curit\u00e9 : Alarmes, cam\u00e9ras de surveillance, contr\u00f4le d'acc\u00e8s ...","breadcrumb":{"@id":"https:\/\/k2group.fr\/dijon\/video-surveillance\/#breadcrumb"},"inLanguage":"fr-FR","potentialAction":[{"@type":"ReadAction","target":["https:\/\/k2group.fr\/dijon\/video-surveillance\/"]}]},{"@type":"ImageObject","inLanguage":"fr-FR","@id":"https:\/\/k2group.fr\/dijon\/video-surveillance\/#primaryimage","url":"https:\/\/k2group.fr\/dijon\/wp-content\/uploads\/sites\/6\/2022\/08\/videosurveillance-dijon.webp","contentUrl":"https:\/\/k2group.fr\/dijon\/wp-content\/uploads\/sites\/6\/2022\/08\/videosurveillance-dijon.webp","width":459,"height":500},{"@type":"BreadcrumbList","@id":"https:\/\/k2group.fr\/dijon\/video-surveillance\/#breadcrumb","itemListElement":[{"@type":"ListItem","position":1,"name":"Accueil","item":"https:\/\/k2group.fr\/dijon\/"},{"@type":"ListItem","position":2,"name":"Vid\u00e9o surveillance \u00e0 Dijon"}]},{"@type":"WebSite","@id":"https:\/\/k2group.fr\/dijon\/#website","url":"https:\/\/k2group.fr\/dijon\/","name":"k2 Dijon","description":"Un site utilisant K2GROUP","publisher":{"@id":"https:\/\/k2group.fr\/dijon\/#organization"},"potentialAction":[{"@type":"SearchAction","target":{"@type":"EntryPoint","urlTemplate":"https:\/\/k2group.fr\/dijon\/?s={search_term_string}"},"query-input":{"@type":"PropertyValueSpecification","valueRequired":true,"valueName":"search_term_string"}}],"inLanguage":"fr-FR"},{"@type":"Organization","@id":"https:\/\/k2group.fr\/dijon\/#organization","name":"k2 Dijon","url":"https:\/\/k2group.fr\/dijon\/","logo":{"@type":"ImageObject","inLanguage":"fr-FR","@id":"https:\/\/k2group.fr\/dijon\/#\/schema\/logo\/image\/","url":"https:\/\/k2group.fr\/dijon\/wp-content\/uploads\/sites\/6\/2022\/04\/k2-logo.png","contentUrl":"https:\/\/k2group.fr\/dijon\/wp-content\/uploads\/sites\/6\/2022\/04\/k2-logo.png","width":580,"height":251,"caption":"k2 Dijon"},"image":{"@id":"https:\/\/k2group.fr\/dijon\/#\/schema\/logo\/image\/"}}]}},"_links":{"self":[{"href":"https:\/\/k2group.fr\/dijon\/wp-json\/wp\/v2\/pages\/1135","targetHints":{"allow":["GET"]}}],"collection":[{"href":"https:\/\/k2group.fr\/dijon\/wp-json\/wp\/v2\/pages"}],"about":[{"href":"https:\/\/k2group.fr\/dijon\/wp-json\/wp\/v2\/types\/page"}],"author":[{"embeddable":true,"href":"https:\/\/k2group.fr\/dijon\/wp-json\/wp\/v2\/users\/1"}],"replies":[{"embeddable":true,"href":"https:\/\/k2group.fr\/dijon\/wp-json\/wp\/v2\/comments?post=1135"}],"version-history":[{"count":83,"href":"https:\/\/k2group.fr\/dijon\/wp-json\/wp\/v2\/pages\/1135\/revisions"}],"predecessor-version":[{"id":1759,"href":"https:\/\/k2group.fr\/dijon\/wp-json\/wp\/v2\/pages\/1135\/revisions\/1759"}],"wp:attachment":[{"href":"https:\/\/k2group.fr\/dijon\/wp-json\/wp\/v2\/media?parent=1135"}],"curies":[{"name":"wp","href":"https:\/\/api.w.org\/{rel}","templated":true}]}}