{"id":247,"date":"2021-04-29T03:36:59","date_gmt":"2021-04-29T03:36:59","guid":{"rendered":"https:\/\/k2group.fr\/dijon\/contact\/"},"modified":"2022-10-04T17:37:51","modified_gmt":"2022-10-04T15:37:51","slug":"contact","status":"publish","type":"page","link":"https:\/\/k2group.fr\/dijon\/contact\/","title":{"rendered":"Contact"},"content":{"rendered":"\t\t<div data-elementor-type=\"wp-page\" data-elementor-id=\"247\" class=\"elementor elementor-247\">\n\t\t\t\t\t\t<section class=\"elementor-section elementor-top-section elementor-element elementor-element-bedd58e elementor-section-content-middle elementor-section-full_width elementor-section-height-default elementor-section-height-default\" data-id=\"bedd58e\" data-element_type=\"section\">\n\t\t\t\t\t\t<div class=\"elementor-container elementor-column-gap-no\">\n\t\t\t\t\t<div class=\"elementor-column elementor-col-100 elementor-top-column elementor-element elementor-element-440a334\" data-id=\"440a334\" data-element_type=\"column\" data-settings=\"{&quot;background_background&quot;:&quot;classic&quot;}\">\n\t\t\t<div class=\"elementor-widget-wrap elementor-element-populated\">\n\t\t\t\t\t\t<div class=\"elementor-element elementor-element-8c0600e elementor-widget elementor-widget-heading\" data-id=\"8c0600e\" data-element_type=\"widget\" data-widget_type=\"heading.default\">\n\t\t\t\t<div class=\"elementor-widget-container\">\n\t\t\t\t\t<h1 class=\"elementor-heading-title elementor-size-xl\">Contactez-Nous<\/h1>\t\t\t\t<\/div>\n\t\t\t\t<\/div>\n\t\t\t\t<div class=\"elementor-element elementor-element-3b9589e contactf elementor-widget elementor-widget-wp-widget-block\" data-id=\"3b9589e\" data-element_type=\"widget\" data-widget_type=\"wp-widget-block.default\">\n\t\t\t\t<div class=\"elementor-widget-container\">\n\t\t\t\t\t\n<div class=\"wpcf7 no-js\" id=\"wpcf7-f1410-o1\" lang=\"fr-FR\" dir=\"ltr\" data-wpcf7-id=\"1410\">\n<div class=\"screen-reader-response\"><p role=\"status\" aria-live=\"polite\" aria-atomic=\"true\"><\/p> <ul><\/ul><\/div>\n<form action=\"\/dijon\/wp-json\/wp\/v2\/pages\/247#wpcf7-f1410-o1\" method=\"post\" class=\"wpcf7-form init\" aria-label=\"Formulaire de contact\" enctype=\"multipart\/form-data\" novalidate=\"novalidate\" data-status=\"init\">\n<div style=\"display: none;\">\n<input type=\"hidden\" name=\"_wpcf7\" value=\"1410\" \/>\n<input type=\"hidden\" name=\"_wpcf7_version\" value=\"6.0.6\" \/>\n<input type=\"hidden\" name=\"_wpcf7_locale\" value=\"fr_FR\" \/>\n<input type=\"hidden\" name=\"_wpcf7_unit_tag\" value=\"wpcf7-f1410-o1\" \/>\n<input type=\"hidden\" name=\"_wpcf7_container_post\" value=\"0\" \/>\n<input type=\"hidden\" name=\"_wpcf7_posted_data_hash\" value=\"\" \/>\n<\/div>\n<p><label> Votre nom<br \/>\n<span class=\"wpcf7-form-control-wrap\" data-name=\"your-name\"><input size=\"40\" maxlength=\"400\" class=\"wpcf7-form-control wpcf7-text wpcf7-validates-as-required\" aria-required=\"true\" aria-invalid=\"false\" value=\"\" type=\"text\" name=\"your-name\" \/><\/span> <\/label>\n<\/p>\n<p><label> Votre pr\u00e9nom<br \/>\n<span class=\"wpcf7-form-control-wrap\" data-name=\"your-name\"><input size=\"40\" maxlength=\"400\" class=\"wpcf7-form-control wpcf7-text wpcf7-validates-as-required\" aria-required=\"true\" aria-invalid=\"false\" value=\"\" type=\"text\" name=\"your-name\" \/><\/span> <\/label>\n<\/p>\n<p><label> Votre e-mail<br \/>\n<span class=\"wpcf7-form-control-wrap\" data-name=\"your-email\"><input size=\"40\" maxlength=\"400\" class=\"wpcf7-form-control wpcf7-email wpcf7-validates-as-required wpcf7-text wpcf7-validates-as-email\" aria-required=\"true\" aria-invalid=\"false\" value=\"\" type=\"email\" name=\"your-email\" \/><\/span> <\/label>\n<\/p>\n<p><label> Objet<br \/>\n<span class=\"wpcf7-form-control-wrap\" data-name=\"your-subject\"><input size=\"40\" maxlength=\"400\" class=\"wpcf7-form-control wpcf7-text wpcf7-validates-as-required\" aria-required=\"true\" aria-invalid=\"false\" value=\"\" type=\"text\" name=\"your-subject\" \/><\/span> <\/label>\n<\/p>\n<p><label> Votre message (facultatif)<br \/>\n<span class=\"wpcf7-form-control-wrap\" data-name=\"your-message\"><textarea cols=\"40\" rows=\"10\" maxlength=\"2000\" class=\"wpcf7-form-control wpcf7-textarea\" aria-invalid=\"false\" name=\"your-message\"><\/textarea><\/span> <\/label><br \/>\n<label> pi\u00e8ce jointe<br \/>\n<span class=\"wpcf7-form-control-wrap\" data-name=\"fichierjoint\"><input size=\"40\" class=\"wpcf7-form-control wpcf7-file\" accept=\"audio\/*,video\/*,image\/*\" aria-invalid=\"false\" type=\"file\" name=\"fichierjoint\" \/><\/span><\/label>\n<\/p>\n<p><input class=\"wpcf7-form-control wpcf7-submit has-spinner\" type=\"submit\" value=\"Envoyer\" \/>\n<\/p><div class=\"wpcf7-response-output\" aria-hidden=\"true\"><\/div>\n<\/form>\n<\/div>\n\t\t\t\t<\/div>\n\t\t\t\t<\/div>\n\t\t\t\t\t<\/div>\n\t\t<\/div>\n\t\t\t\t\t<\/div>\n\t\t<\/section>\n\t\t\t\t<\/div>\n\t\t","protected":false},"excerpt":{"rendered":"<p>Contactez-Nous<\/p>\n","protected":false},"author":1,"featured_media":0,"parent":0,"menu_order":0,"comment_status":"closed","ping_status":"closed","template":"","meta":{"site-sidebar-layout":"no-sidebar","site-content-layout":"page-builder","ast-global-header-display":"","ast-main-header-display":"","ast-hfb-above-header-display":"","ast-hfb-below-header-display":"","ast-hfb-mobile-header-display":"","site-post-title":"disabled","ast-breadcrumbs-content":"","ast-featured-img":"disabled","footer-sml-layout":"","theme-transparent-header-meta":"enabled","adv-header-id-meta":"","stick-header-meta":"","header-above-stick-meta":"","header-main-stick-meta":"","header-below-stick-meta":"","footnotes":""},"class_list":["post-247","page","type-page","status-publish","hentry"],"yoast_head":"<!-- This site is optimized with the Yoast SEO plugin v24.7 - https:\/\/yoast.com\/wordpress\/plugins\/seo\/ -->\n<title>Contactez-nous | K2 Dijon<\/title>\n<meta name=\"description\" content=\"Pour avoir plus d&#039;informations sur les services propos\u00e9s par K2 Dijon, n&#039;h\u00e9sitez pas \u00e0 remplir le formulaire de contact.\" \/>\n<meta name=\"robots\" content=\"index, follow, max-snippet:-1, max-image-preview:large, max-video-preview:-1\" \/>\n<link rel=\"canonical\" href=\"https:\/\/k2group.fr\/dijon\/contact\/\" \/>\n<meta property=\"og:locale\" content=\"fr_FR\" \/>\n<meta property=\"og:type\" content=\"article\" \/>\n<meta property=\"og:title\" content=\"Contactez-nous | K2 Dijon\" \/>\n<meta property=\"og:description\" content=\"Pour avoir plus d&#039;informations sur les services propos\u00e9s par K2 Dijon, n&#039;h\u00e9sitez pas \u00e0 remplir le formulaire de contact.\" \/>\n<meta property=\"og:url\" content=\"https:\/\/k2group.fr\/dijon\/contact\/\" \/>\n<meta property=\"og:site_name\" content=\"k2 Dijon\" \/>\n<meta property=\"article:modified_time\" content=\"2022-10-04T15:37:51+00:00\" \/>\n<meta name=\"twitter:card\" content=\"summary_large_image\" \/>\n<meta name=\"twitter:label1\" content=\"Dur\u00e9e de lecture estim\u00e9e\" \/>\n\t<meta name=\"twitter:data1\" content=\"1 minute\" \/>\n<script type=\"application\/ld+json\" class=\"yoast-schema-graph\">{\"@context\":\"https:\/\/schema.org\",\"@graph\":[{\"@type\":\"WebPage\",\"@id\":\"https:\/\/k2group.fr\/dijon\/contact\/\",\"url\":\"https:\/\/k2group.fr\/dijon\/contact\/\",\"name\":\"Contactez-nous | K2 Dijon\",\"isPartOf\":{\"@id\":\"https:\/\/k2group.fr\/dijon\/#website\"},\"datePublished\":\"2021-04-29T03:36:59+00:00\",\"dateModified\":\"2022-10-04T15:37:51+00:00\",\"description\":\"Pour avoir plus d'informations sur les services propos\u00e9s par K2 Dijon, n'h\u00e9sitez pas \u00e0 remplir le formulaire de contact.\",\"breadcrumb\":{\"@id\":\"https:\/\/k2group.fr\/dijon\/contact\/#breadcrumb\"},\"inLanguage\":\"fr-FR\",\"potentialAction\":[{\"@type\":\"ReadAction\",\"target\":[\"https:\/\/k2group.fr\/dijon\/contact\/\"]}]},{\"@type\":\"BreadcrumbList\",\"@id\":\"https:\/\/k2group.fr\/dijon\/contact\/#breadcrumb\",\"itemListElement\":[{\"@type\":\"ListItem\",\"position\":1,\"name\":\"Accueil\",\"item\":\"https:\/\/k2group.fr\/dijon\/\"},{\"@type\":\"ListItem\",\"position\":2,\"name\":\"Contact\"}]},{\"@type\":\"WebSite\",\"@id\":\"https:\/\/k2group.fr\/dijon\/#website\",\"url\":\"https:\/\/k2group.fr\/dijon\/\",\"name\":\"k2 Dijon\",\"description\":\"Un site utilisant K2GROUP\",\"publisher\":{\"@id\":\"https:\/\/k2group.fr\/dijon\/#organization\"},\"potentialAction\":[{\"@type\":\"SearchAction\",\"target\":{\"@type\":\"EntryPoint\",\"urlTemplate\":\"https:\/\/k2group.fr\/dijon\/?s={search_term_string}\"},\"query-input\":{\"@type\":\"PropertyValueSpecification\",\"valueRequired\":true,\"valueName\":\"search_term_string\"}}],\"inLanguage\":\"fr-FR\"},{\"@type\":\"Organization\",\"@id\":\"https:\/\/k2group.fr\/dijon\/#organization\",\"name\":\"k2 Dijon\",\"url\":\"https:\/\/k2group.fr\/dijon\/\",\"logo\":{\"@type\":\"ImageObject\",\"inLanguage\":\"fr-FR\",\"@id\":\"https:\/\/k2group.fr\/dijon\/#\/schema\/logo\/image\/\",\"url\":\"https:\/\/k2group.fr\/dijon\/wp-content\/uploads\/sites\/6\/2022\/04\/k2-logo.png\",\"contentUrl\":\"https:\/\/k2group.fr\/dijon\/wp-content\/uploads\/sites\/6\/2022\/04\/k2-logo.png\",\"width\":580,\"height\":251,\"caption\":\"k2 Dijon\"},\"image\":{\"@id\":\"https:\/\/k2group.fr\/dijon\/#\/schema\/logo\/image\/\"}}]}<\/script>\n<!-- \/ Yoast SEO plugin. -->","yoast_head_json":{"title":"Contactez-nous | K2 Dijon","description":"Pour avoir plus d'informations sur les services propos\u00e9s par K2 Dijon, n'h\u00e9sitez pas \u00e0 remplir le formulaire de contact.","robots":{"index":"index","follow":"follow","max-snippet":"max-snippet:-1","max-image-preview":"max-image-preview:large","max-video-preview":"max-video-preview:-1"},"canonical":"https:\/\/k2group.fr\/dijon\/contact\/","og_locale":"fr_FR","og_type":"article","og_title":"Contactez-nous | K2 Dijon","og_description":"Pour avoir plus d'informations sur les services propos\u00e9s par K2 Dijon, n'h\u00e9sitez pas \u00e0 remplir le formulaire de contact.","og_url":"https:\/\/k2group.fr\/dijon\/contact\/","og_site_name":"k2 Dijon","article_modified_time":"2022-10-04T15:37:51+00:00","twitter_card":"summary_large_image","twitter_misc":{"Dur\u00e9e de lecture estim\u00e9e":"1 minute"},"schema":{"@context":"https:\/\/schema.org","@graph":[{"@type":"WebPage","@id":"https:\/\/k2group.fr\/dijon\/contact\/","url":"https:\/\/k2group.fr\/dijon\/contact\/","name":"Contactez-nous | K2 Dijon","isPartOf":{"@id":"https:\/\/k2group.fr\/dijon\/#website"},"datePublished":"2021-04-29T03:36:59+00:00","dateModified":"2022-10-04T15:37:51+00:00","description":"Pour avoir plus d'informations sur les services propos\u00e9s par K2 Dijon, n'h\u00e9sitez pas \u00e0 remplir le formulaire de contact.","breadcrumb":{"@id":"https:\/\/k2group.fr\/dijon\/contact\/#breadcrumb"},"inLanguage":"fr-FR","potentialAction":[{"@type":"ReadAction","target":["https:\/\/k2group.fr\/dijon\/contact\/"]}]},{"@type":"BreadcrumbList","@id":"https:\/\/k2group.fr\/dijon\/contact\/#breadcrumb","itemListElement":[{"@type":"ListItem","position":1,"name":"Accueil","item":"https:\/\/k2group.fr\/dijon\/"},{"@type":"ListItem","position":2,"name":"Contact"}]},{"@type":"WebSite","@id":"https:\/\/k2group.fr\/dijon\/#website","url":"https:\/\/k2group.fr\/dijon\/","name":"k2 Dijon","description":"Un site utilisant K2GROUP","publisher":{"@id":"https:\/\/k2group.fr\/dijon\/#organization"},"potentialAction":[{"@type":"SearchAction","target":{"@type":"EntryPoint","urlTemplate":"https:\/\/k2group.fr\/dijon\/?s={search_term_string}"},"query-input":{"@type":"PropertyValueSpecification","valueRequired":true,"valueName":"search_term_string"}}],"inLanguage":"fr-FR"},{"@type":"Organization","@id":"https:\/\/k2group.fr\/dijon\/#organization","name":"k2 Dijon","url":"https:\/\/k2group.fr\/dijon\/","logo":{"@type":"ImageObject","inLanguage":"fr-FR","@id":"https:\/\/k2group.fr\/dijon\/#\/schema\/logo\/image\/","url":"https:\/\/k2group.fr\/dijon\/wp-content\/uploads\/sites\/6\/2022\/04\/k2-logo.png","contentUrl":"https:\/\/k2group.fr\/dijon\/wp-content\/uploads\/sites\/6\/2022\/04\/k2-logo.png","width":580,"height":251,"caption":"k2 Dijon"},"image":{"@id":"https:\/\/k2group.fr\/dijon\/#\/schema\/logo\/image\/"}}]}},"_links":{"self":[{"href":"https:\/\/k2group.fr\/dijon\/wp-json\/wp\/v2\/pages\/247","targetHints":{"allow":["GET"]}}],"collection":[{"href":"https:\/\/k2group.fr\/dijon\/wp-json\/wp\/v2\/pages"}],"about":[{"href":"https:\/\/k2group.fr\/dijon\/wp-json\/wp\/v2\/types\/page"}],"author":[{"embeddable":true,"href":"https:\/\/k2group.fr\/dijon\/wp-json\/wp\/v2\/users\/1"}],"replies":[{"embeddable":true,"href":"https:\/\/k2group.fr\/dijon\/wp-json\/wp\/v2\/comments?post=247"}],"version-history":[{"count":41,"href":"https:\/\/k2group.fr\/dijon\/wp-json\/wp\/v2\/pages\/247\/revisions"}],"predecessor-version":[{"id":1761,"href":"https:\/\/k2group.fr\/dijon\/wp-json\/wp\/v2\/pages\/247\/revisions\/1761"}],"wp:attachment":[{"href":"https:\/\/k2group.fr\/dijon\/wp-json\/wp\/v2\/media?parent=247"}],"curies":[{"name":"wp","href":"https:\/\/api.w.org\/{rel}","templated":true}]}}