{"id":1072,"date":"2022-05-06T12:51:58","date_gmt":"2022-05-06T10:51:58","guid":{"rendered":"https:\/\/k2group.fr\/limours\/?page_id=1072"},"modified":"2024-10-11T22:11:44","modified_gmt":"2024-10-11T20:11:44","slug":"gravure-laser","status":"publish","type":"page","link":"https:\/\/k2group.fr\/frepillon-95\/gravure-laser\/","title":{"rendered":"Gravure laser \u00e0 Limours"},"content":{"rendered":"\t\t<div data-elementor-type=\"wp-page\" data-elementor-id=\"1072\" class=\"elementor elementor-1072\">\n\t\t\t\t\t\t<section class=\"elementor-section elementor-top-section elementor-element elementor-element-4502862 elementor-section-height-min-height elementor-section-items-top elementor-section-boxed elementor-section-height-default\" data-id=\"4502862\" data-element_type=\"section\" data-settings=\"{&quot;background_background&quot;:&quot;classic&quot;}\">\n\t\t\t\t\t\t\t<div class=\"elementor-background-overlay\"><\/div>\n\t\t\t\t\t\t\t<div class=\"elementor-container elementor-column-gap-default\">\n\t\t\t\t\t<div class=\"elementor-column elementor-col-100 elementor-top-column elementor-element elementor-element-174dc32\" data-id=\"174dc32\" data-element_type=\"column\">\n\t\t\t<div class=\"elementor-widget-wrap elementor-element-populated\">\n\t\t\t\t\t\t<div class=\"elementor-element elementor-element-38097ad elementor-widget elementor-widget-image-box\" data-id=\"38097ad\" data-element_type=\"widget\" data-widget_type=\"image-box.default\">\n\t\t\t\t<div class=\"elementor-widget-container\">\n\t\t\t\t\t<div class=\"elementor-image-box-wrapper\"><div class=\"elementor-image-box-content\"><h1 class=\"elementor-image-box-title\">GRAVURE LASER <br>\u00e0 Fr\u00e9pillon <\/h1><\/div><\/div>\t\t\t\t<\/div>\n\t\t\t\t<\/div>\n\t\t\t\t\t<\/div>\n\t\t<\/div>\n\t\t\t\t\t<\/div>\n\t\t<\/section>\n\t\t\t\t<section class=\"elementor-section elementor-top-section elementor-element elementor-element-3f48143 elementor-section-content-middle elementor-section-boxed elementor-section-height-default elementor-section-height-default\" data-id=\"3f48143\" data-element_type=\"section\" data-settings=\"{&quot;background_background&quot;:&quot;classic&quot;}\">\n\t\t\t\t\t\t<div class=\"elementor-container elementor-column-gap-no\">\n\t\t\t\t\t<div class=\"elementor-column elementor-col-50 elementor-top-column elementor-element elementor-element-49f539d\" data-id=\"49f539d\" data-element_type=\"column\">\n\t\t\t<div class=\"elementor-widget-wrap elementor-element-populated\">\n\t\t\t\t\t\t<div class=\"elementor-element elementor-element-1db47ad elementor-widget elementor-widget-heading\" data-id=\"1db47ad\" data-element_type=\"widget\" data-widget_type=\"heading.default\">\n\t\t\t\t<div class=\"elementor-widget-container\">\n\t\t\t\t\t<h2 class=\"elementor-heading-title elementor-size-default\">Un marquage industriel parfait en toute s\u00e9curit\u00e9<\/h2>\t\t\t\t<\/div>\n\t\t\t\t<\/div>\n\t\t\t\t<div class=\"elementor-element elementor-element-c5bd852 elementor-widget elementor-widget-text-editor\" data-id=\"c5bd852\" data-element_type=\"widget\" data-widget_type=\"text-editor.default\">\n\t\t\t\t<div class=\"elementor-widget-container\">\n\t\t\t\t\t\t\t\t\tK2 Fr\u00e9pillon met \u00e0 votre disposition un service de gravure d\u2019\u00e9tiquettes de marquage \u00e0 Fr\u00e9pillon.\n\n<br><br>\n\nL\u2019utilisation d\u2019\u00e9tiquettes est tr\u00e8s utile dans le domaine des r\u00e9seaux de t\u00e9l\u00e9com pour identifier et marquer les c\u00e2bles, les fils, les poteaux, les chambres, les PBO etc.\n\n<br><br>\n\nGr\u00e2ce \u00e0 la technologie laser DPSS, nous sommes \u00e0 votre disposition pour r\u00e9aliser une gravure de haute pr\u00e9cision de vos \u00e9tiquettes sur divers plans de gravure comme le plastique, le m\u00e9tal, le cuivre, l\u2019inox, l\u2019acier, l\u2019aluminium en un temps record.\t\t\t\t\t\t\t\t<\/div>\n\t\t\t\t<\/div>\n\t\t\t\t\t<\/div>\n\t\t<\/div>\n\t\t\t\t<div class=\"elementor-column elementor-col-50 elementor-top-column elementor-element elementor-element-5bc6930\" data-id=\"5bc6930\" data-element_type=\"column\">\n\t\t\t<div class=\"elementor-widget-wrap elementor-element-populated\">\n\t\t\t\t\t\t<div class=\"elementor-element elementor-element-abc9e46 elementor-widget elementor-widget-image\" data-id=\"abc9e46\" data-element_type=\"widget\" data-widget_type=\"image.default\">\n\t\t\t\t<div class=\"elementor-widget-container\">\n\t\t\t\t\t\t\t\t\t\t\t\t\t\t\t<img fetchpriority=\"high\" decoding=\"async\" width=\"637\" height=\"695\" src=\"https:\/\/k2group.fr\/frepillon-95\/wp-content\/uploads\/sites\/7\/2024\/10\/GRAVURE-LASER-Frepillon-k2.webp\" class=\"attachment-full size-full wp-image-1799\" alt=\"GRAVURE LASER Fr\u00e9pillon k2\" srcset=\"https:\/\/k2group.fr\/frepillon-95\/wp-content\/uploads\/sites\/7\/2024\/10\/GRAVURE-LASER-Frepillon-k2.webp 637w, https:\/\/k2group.fr\/frepillon-95\/wp-content\/uploads\/sites\/7\/2024\/10\/GRAVURE-LASER-Frepillon-k2-275x300.webp 275w\" sizes=\"(max-width: 637px) 100vw, 637px\" \/>\t\t\t\t\t\t\t\t\t\t\t\t\t\t\t<\/div>\n\t\t\t\t<\/div>\n\t\t\t\t\t<\/div>\n\t\t<\/div>\n\t\t\t\t\t<\/div>\n\t\t<\/section>\n\t\t\t\t<section class=\"elementor-section elementor-top-section elementor-element elementor-element-f3ca115 elementor-section-content-middle elementor-section-boxed elementor-section-height-default elementor-section-height-default\" data-id=\"f3ca115\" data-element_type=\"section\" data-settings=\"{&quot;background_background&quot;:&quot;classic&quot;}\">\n\t\t\t\t\t\t<div class=\"elementor-container elementor-column-gap-no\">\n\t\t\t\t\t<div class=\"elementor-column elementor-col-50 elementor-top-column elementor-element elementor-element-7a81f4f\" data-id=\"7a81f4f\" data-element_type=\"column\">\n\t\t\t<div class=\"elementor-widget-wrap elementor-element-populated\">\n\t\t\t\t\t\t<div class=\"elementor-element elementor-element-3c99a56 elementor-widget elementor-widget-image\" data-id=\"3c99a56\" data-element_type=\"widget\" data-widget_type=\"image.default\">\n\t\t\t\t<div class=\"elementor-widget-container\">\n\t\t\t\t\t\t\t\t\t\t\t\t\t\t\t<img decoding=\"async\" width=\"637\" height=\"695\" src=\"https:\/\/k2group.fr\/frepillon-95\/wp-content\/uploads\/sites\/7\/2024\/10\/GRAVURE-LASER-Frepillon-k2-group.webp\" class=\"attachment-full size-full wp-image-1801\" alt=\"\" srcset=\"https:\/\/k2group.fr\/frepillon-95\/wp-content\/uploads\/sites\/7\/2024\/10\/GRAVURE-LASER-Frepillon-k2-group.webp 637w, https:\/\/k2group.fr\/frepillon-95\/wp-content\/uploads\/sites\/7\/2024\/10\/GRAVURE-LASER-Frepillon-k2-group-275x300.webp 275w\" sizes=\"(max-width: 637px) 100vw, 637px\" \/>\t\t\t\t\t\t\t\t\t\t\t\t\t\t\t<\/div>\n\t\t\t\t<\/div>\n\t\t\t\t\t<\/div>\n\t\t<\/div>\n\t\t\t\t<div class=\"elementor-column elementor-col-50 elementor-top-column elementor-element elementor-element-1cb01eb\" data-id=\"1cb01eb\" data-element_type=\"column\">\n\t\t\t<div class=\"elementor-widget-wrap elementor-element-populated\">\n\t\t\t\t\t\t<div class=\"elementor-element elementor-element-a4ac330 elementor-widget elementor-widget-heading\" data-id=\"a4ac330\" data-element_type=\"widget\" data-widget_type=\"heading.default\">\n\t\t\t\t<div class=\"elementor-widget-container\">\n\t\t\t\t\t<h2 class=\"elementor-heading-title elementor-size-default\">un excellent travail r\u00e9alis\u00e9 en un temps record<\/h2>\t\t\t\t<\/div>\n\t\t\t\t<\/div>\n\t\t\t\t<div class=\"elementor-element elementor-element-5ffca5c elementor-widget elementor-widget-text-editor\" data-id=\"5ffca5c\" data-element_type=\"widget\" data-widget_type=\"text-editor.default\">\n\t\t\t\t<div class=\"elementor-widget-container\">\n\t\t\t\t\t\t\t\t\tGr\u00e2ce \u00e0 notre machine de gravure laser rapide, l\u2019\u00e9quipe K2 Fr\u00e9pillon permet de charger, stocker et graver une grande quantit\u00e9 d\u2019\u00e9tiquettes.\n <br><br>\n\nNous vous effectuons un marquage d\u2019une grande vari\u00e9t\u00e9 d\u2019objets : des petites aux grandes pi\u00e8ces aux formes simples ou plus complexes sur tout type de m\u00e9taux.\n<br><br>\n\nConcr\u00e8tement, nos \u00e9quipes K2 vous livre des gravures claires, parfaitement lisibles et durables sur tout type d\u2019\u00e9tiquettes.\n<br><br>\n\nAlors, contactez-nous et optez pour des gravures personnalis\u00e9es en toute simplicit\u00e9 \u00e0 des prix attractifs.\t\t\t\t\t\t\t\t<\/div>\n\t\t\t\t<\/div>\n\t\t\t\t\t<\/div>\n\t\t<\/div>\n\t\t\t\t\t<\/div>\n\t\t<\/section>\n\t\t\t\t<section class=\"elementor-section elementor-top-section elementor-element elementor-element-b4322c5 elementor-section-boxed elementor-section-height-default elementor-section-height-default\" data-id=\"b4322c5\" data-element_type=\"section\" data-settings=\"{&quot;background_background&quot;:&quot;classic&quot;}\">\n\t\t\t\t\t\t<div class=\"elementor-container elementor-column-gap-default\">\n\t\t\t\t\t<div class=\"elementor-column elementor-col-100 elementor-top-column elementor-element elementor-element-3c4411c\" data-id=\"3c4411c\" data-element_type=\"column\">\n\t\t\t<div class=\"elementor-widget-wrap elementor-element-populated\">\n\t\t\t\t\t\t<section class=\"elementor-section elementor-inner-section elementor-element elementor-element-9f9d062 elementor-section-boxed elementor-section-height-default elementor-section-height-default\" data-id=\"9f9d062\" data-element_type=\"section\" data-settings=\"{&quot;background_background&quot;:&quot;classic&quot;}\">\n\t\t\t\t\t\t<div class=\"elementor-container elementor-column-gap-default\">\n\t\t\t\t\t<div class=\"elementor-column elementor-col-50 elementor-inner-column elementor-element elementor-element-1a9d097\" data-id=\"1a9d097\" data-element_type=\"column\">\n\t\t\t<div class=\"elementor-widget-wrap elementor-element-populated\">\n\t\t\t\t\t\t<div class=\"elementor-element elementor-element-ea116ad elementor-absolute elementor-widget elementor-widget-image\" data-id=\"ea116ad\" data-element_type=\"widget\" data-settings=\"{&quot;_position&quot;:&quot;absolute&quot;}\" data-widget_type=\"image.default\">\n\t\t\t\t<div class=\"elementor-widget-container\">\n\t\t\t\t\t\t\t\t\t\t\t\t\t\t\t<img decoding=\"async\" width=\"753\" height=\"680\" src=\"https:\/\/k2group.fr\/frepillon-95\/wp-content\/uploads\/sites\/7\/2024\/10\/catalogue-pack-metiers-K2.webp\" class=\"attachment-medium_large size-medium_large wp-image-1736\" alt=\"catalogue pack d3 a fr\u00e9pillon 95\" srcset=\"https:\/\/k2group.fr\/frepillon-95\/wp-content\/uploads\/sites\/7\/2024\/10\/catalogue-pack-metiers-K2.webp 753w, https:\/\/k2group.fr\/frepillon-95\/wp-content\/uploads\/sites\/7\/2024\/10\/catalogue-pack-metiers-K2-300x271.webp 300w\" sizes=\"(max-width: 753px) 100vw, 753px\" \/>\t\t\t\t\t\t\t\t\t\t\t\t\t\t\t<\/div>\n\t\t\t\t<\/div>\n\t\t\t\t\t<\/div>\n\t\t<\/div>\n\t\t\t\t<div class=\"elementor-column elementor-col-50 elementor-inner-column elementor-element elementor-element-99fb2ad\" data-id=\"99fb2ad\" data-element_type=\"column\">\n\t\t\t<div class=\"elementor-widget-wrap elementor-element-populated\">\n\t\t\t\t\t\t<div class=\"elementor-element elementor-element-c35afd6 elementor-widget elementor-widget-heading\" data-id=\"c35afd6\" data-element_type=\"widget\" data-widget_type=\"heading.default\">\n\t\t\t\t<div class=\"elementor-widget-container\">\n\t\t\t\t\t<h3 class=\"elementor-heading-title elementor-size-default\">NOTRE CATALOGUE<\/h3>\t\t\t\t<\/div>\n\t\t\t\t<\/div>\n\t\t\t\t<div class=\"elementor-element elementor-element-4fe3242 elementor-widget elementor-widget-text-editor\" data-id=\"4fe3242\" data-element_type=\"widget\" data-widget_type=\"text-editor.default\">\n\t\t\t\t<div class=\"elementor-widget-container\">\n\t\t\t\t\t\t\t\t\tD\u00e9couvrez notre dernier catalogue <br>et nos HDN d\u00e9di\u00e9s aux professionels.\t\t\t\t\t\t\t\t<\/div>\n\t\t\t\t<\/div>\n\t\t\t\t<div class=\"elementor-element elementor-element-f5e0e0f elementor-widget elementor-widget-button\" data-id=\"f5e0e0f\" data-element_type=\"widget\" data-widget_type=\"button.default\">\n\t\t\t\t<div class=\"elementor-widget-container\">\n\t\t\t\t\t\t\t\t\t<div class=\"elementor-button-wrapper\">\n\t\t\t\t\t<a class=\"elementor-button elementor-button-link elementor-size-sm\" href=\"https:\/\/k2group.fr\/catalogue\/k2\/index.html\">\n\t\t\t\t\t\t<span class=\"elementor-button-content-wrapper\">\n\t\t\t\t\t\t<span class=\"elementor-button-icon\">\n\t\t\t\t<i aria-hidden=\"true\" class=\"fas fa-arrow-right\"><\/i>\t\t\t<\/span>\n\t\t\t\t\t\t\t\t\t<span class=\"elementor-button-text\">Consulter<\/span>\n\t\t\t\t\t<\/span>\n\t\t\t\t\t<\/a>\n\t\t\t\t<\/div>\n\t\t\t\t\t\t\t\t<\/div>\n\t\t\t\t<\/div>\n\t\t\t\t\t<\/div>\n\t\t<\/div>\n\t\t\t\t\t<\/div>\n\t\t<\/section>\n\t\t\t\t\t<\/div>\n\t\t<\/div>\n\t\t\t\t\t<\/div>\n\t\t<\/section>\n\t\t\t\t<\/div>\n\t\t","protected":false},"excerpt":{"rendered":"<p>GRAVURE LASER \u00e0 Fr\u00e9pillon Un marquage industriel parfait en toute s\u00e9curit\u00e9 K2 Fr\u00e9pillon met \u00e0 votre disposition un service de\u2026<\/p>\n","protected":false},"author":1,"featured_media":0,"parent":0,"menu_order":0,"comment_status":"closed","ping_status":"closed","template":"","meta":{"site-sidebar-layout":"no-sidebar","site-content-layout":"page-builder","ast-global-header-display":"","ast-main-header-display":"","ast-hfb-above-header-display":"","ast-hfb-below-header-display":"","ast-hfb-mobile-header-display":"","site-post-title":"disabled","ast-breadcrumbs-content":"","ast-featured-img":"disabled","footer-sml-layout":"","theme-transparent-header-meta":"enabled","adv-header-id-meta":"","stick-header-meta":"","header-above-stick-meta":"","header-main-stick-meta":"","header-below-stick-meta":"","footnotes":""},"class_list":["post-1072","page","type-page","status-publish","hentry"],"yoast_head":"<!-- This site is optimized with the Yoast SEO plugin v24.7 - https:\/\/yoast.com\/wordpress\/plugins\/seo\/ -->\n<title>Gravure laser \u00e0 Fr\u00e9pillon | K2 Limours<\/title>\n<meta name=\"description\" content=\"K2 Fr\u00e9pillon vous offre un service de gravure laser \u00e0 Limours pour marquer vos \u00e9tiquettes en m\u00e9tal ou en plastique.\" \/>\n<meta name=\"robots\" content=\"index, follow, max-snippet:-1, max-image-preview:large, max-video-preview:-1\" \/>\n<link rel=\"canonical\" href=\"https:\/\/k2group.fr\/frepillon-95\/gravure-laser\/\" \/>\n<meta property=\"og:locale\" content=\"fr_FR\" \/>\n<meta property=\"og:type\" content=\"article\" \/>\n<meta property=\"og:title\" content=\"Gravure laser \u00e0 Fr\u00e9pillon | K2 Limours\" \/>\n<meta property=\"og:description\" content=\"K2 Fr\u00e9pillon vous offre un service de gravure laser \u00e0 Limours pour marquer vos \u00e9tiquettes en m\u00e9tal ou en plastique.\" \/>\n<meta property=\"og:url\" content=\"https:\/\/k2group.fr\/frepillon-95\/gravure-laser\/\" \/>\n<meta property=\"og:site_name\" content=\"k2 Fr\u00e9pillon 95\" \/>\n<meta property=\"article:modified_time\" content=\"2024-10-11T20:11:44+00:00\" \/>\n<meta property=\"og:image\" content=\"https:\/\/k2group.fr\/frepillon-95\/wp-content\/uploads\/sites\/7\/2024\/10\/GRAVURE-LASER-Frepillon-k2.webp\" \/>\n<meta name=\"twitter:card\" content=\"summary_large_image\" \/>\n<meta name=\"twitter:label1\" content=\"Dur\u00e9e de lecture estim\u00e9e\" \/>\n\t<meta name=\"twitter:data1\" content=\"2 minutes\" \/>\n<script type=\"application\/ld+json\" class=\"yoast-schema-graph\">{\"@context\":\"https:\/\/schema.org\",\"@graph\":[{\"@type\":\"WebPage\",\"@id\":\"https:\/\/k2group.fr\/frepillon-95\/gravure-laser\/\",\"url\":\"https:\/\/k2group.fr\/frepillon-95\/gravure-laser\/\",\"name\":\"Gravure laser \u00e0 Fr\u00e9pillon | K2 Limours\",\"isPartOf\":{\"@id\":\"https:\/\/k2group.fr\/frepillon-95\/#website\"},\"primaryImageOfPage\":{\"@id\":\"https:\/\/k2group.fr\/frepillon-95\/gravure-laser\/#primaryimage\"},\"image\":{\"@id\":\"https:\/\/k2group.fr\/frepillon-95\/gravure-laser\/#primaryimage\"},\"thumbnailUrl\":\"https:\/\/k2group.fr\/frepillon-95\/wp-content\/uploads\/sites\/7\/2024\/10\/GRAVURE-LASER-Frepillon-k2.webp\",\"datePublished\":\"2022-05-06T10:51:58+00:00\",\"dateModified\":\"2024-10-11T20:11:44+00:00\",\"description\":\"K2 Fr\u00e9pillon vous offre un service de gravure laser \u00e0 Limours pour marquer vos \u00e9tiquettes en m\u00e9tal ou en plastique.\",\"breadcrumb\":{\"@id\":\"https:\/\/k2group.fr\/frepillon-95\/gravure-laser\/#breadcrumb\"},\"inLanguage\":\"fr-FR\",\"potentialAction\":[{\"@type\":\"ReadAction\",\"target\":[\"https:\/\/k2group.fr\/frepillon-95\/gravure-laser\/\"]}]},{\"@type\":\"ImageObject\",\"inLanguage\":\"fr-FR\",\"@id\":\"https:\/\/k2group.fr\/frepillon-95\/gravure-laser\/#primaryimage\",\"url\":\"https:\/\/k2group.fr\/frepillon-95\/wp-content\/uploads\/sites\/7\/2024\/10\/GRAVURE-LASER-Frepillon-k2.webp\",\"contentUrl\":\"https:\/\/k2group.fr\/frepillon-95\/wp-content\/uploads\/sites\/7\/2024\/10\/GRAVURE-LASER-Frepillon-k2.webp\",\"width\":637,\"height\":695,\"caption\":\"GRAVURE LASER Fr\u00e9pillon k2\"},{\"@type\":\"BreadcrumbList\",\"@id\":\"https:\/\/k2group.fr\/frepillon-95\/gravure-laser\/#breadcrumb\",\"itemListElement\":[{\"@type\":\"ListItem\",\"position\":1,\"name\":\"Accueil\",\"item\":\"https:\/\/k2group.fr\/frepillon-95\/\"},{\"@type\":\"ListItem\",\"position\":2,\"name\":\"Gravure laser \u00e0 Limours\"}]},{\"@type\":\"WebSite\",\"@id\":\"https:\/\/k2group.fr\/frepillon-95\/#website\",\"url\":\"https:\/\/k2group.fr\/frepillon-95\/\",\"name\":\"k2 Fr\u00e9pillon 95\",\"description\":\"Un site utilisant K2GROUP\",\"publisher\":{\"@id\":\"https:\/\/k2group.fr\/frepillon-95\/#organization\"},\"potentialAction\":[{\"@type\":\"SearchAction\",\"target\":{\"@type\":\"EntryPoint\",\"urlTemplate\":\"https:\/\/k2group.fr\/frepillon-95\/?s={search_term_string}\"},\"query-input\":{\"@type\":\"PropertyValueSpecification\",\"valueRequired\":true,\"valueName\":\"search_term_string\"}}],\"inLanguage\":\"fr-FR\"},{\"@type\":\"Organization\",\"@id\":\"https:\/\/k2group.fr\/frepillon-95\/#organization\",\"name\":\"k2 Fr\u00e9pillon 95\",\"url\":\"https:\/\/k2group.fr\/frepillon-95\/\",\"logo\":{\"@type\":\"ImageObject\",\"inLanguage\":\"fr-FR\",\"@id\":\"https:\/\/k2group.fr\/frepillon-95\/#\/schema\/logo\/image\/\",\"url\":\"https:\/\/k2group.fr\/frepillon-95\/wp-content\/uploads\/sites\/7\/2022\/05\/k2-logo.png\",\"contentUrl\":\"https:\/\/k2group.fr\/frepillon-95\/wp-content\/uploads\/sites\/7\/2022\/05\/k2-logo.png\",\"width\":580,\"height\":251,\"caption\":\"k2 Fr\u00e9pillon 95\"},\"image\":{\"@id\":\"https:\/\/k2group.fr\/frepillon-95\/#\/schema\/logo\/image\/\"}}]}<\/script>\n<!-- \/ Yoast SEO plugin. -->","yoast_head_json":{"title":"Gravure laser \u00e0 Fr\u00e9pillon | K2 Limours","description":"K2 Fr\u00e9pillon vous offre un service de gravure laser \u00e0 Limours pour marquer vos \u00e9tiquettes en m\u00e9tal ou en plastique.","robots":{"index":"index","follow":"follow","max-snippet":"max-snippet:-1","max-image-preview":"max-image-preview:large","max-video-preview":"max-video-preview:-1"},"canonical":"https:\/\/k2group.fr\/frepillon-95\/gravure-laser\/","og_locale":"fr_FR","og_type":"article","og_title":"Gravure laser \u00e0 Fr\u00e9pillon | K2 Limours","og_description":"K2 Fr\u00e9pillon vous offre un service de gravure laser \u00e0 Limours pour marquer vos \u00e9tiquettes en m\u00e9tal ou en plastique.","og_url":"https:\/\/k2group.fr\/frepillon-95\/gravure-laser\/","og_site_name":"k2 Fr\u00e9pillon 95","article_modified_time":"2024-10-11T20:11:44+00:00","og_image":[{"url":"https:\/\/k2group.fr\/frepillon-95\/wp-content\/uploads\/sites\/7\/2024\/10\/GRAVURE-LASER-Frepillon-k2.webp","type":"","width":"","height":""}],"twitter_card":"summary_large_image","twitter_misc":{"Dur\u00e9e de lecture estim\u00e9e":"2 minutes"},"schema":{"@context":"https:\/\/schema.org","@graph":[{"@type":"WebPage","@id":"https:\/\/k2group.fr\/frepillon-95\/gravure-laser\/","url":"https:\/\/k2group.fr\/frepillon-95\/gravure-laser\/","name":"Gravure laser \u00e0 Fr\u00e9pillon | K2 Limours","isPartOf":{"@id":"https:\/\/k2group.fr\/frepillon-95\/#website"},"primaryImageOfPage":{"@id":"https:\/\/k2group.fr\/frepillon-95\/gravure-laser\/#primaryimage"},"image":{"@id":"https:\/\/k2group.fr\/frepillon-95\/gravure-laser\/#primaryimage"},"thumbnailUrl":"https:\/\/k2group.fr\/frepillon-95\/wp-content\/uploads\/sites\/7\/2024\/10\/GRAVURE-LASER-Frepillon-k2.webp","datePublished":"2022-05-06T10:51:58+00:00","dateModified":"2024-10-11T20:11:44+00:00","description":"K2 Fr\u00e9pillon vous offre un service de gravure laser \u00e0 Limours pour marquer vos \u00e9tiquettes en m\u00e9tal ou en plastique.","breadcrumb":{"@id":"https:\/\/k2group.fr\/frepillon-95\/gravure-laser\/#breadcrumb"},"inLanguage":"fr-FR","potentialAction":[{"@type":"ReadAction","target":["https:\/\/k2group.fr\/frepillon-95\/gravure-laser\/"]}]},{"@type":"ImageObject","inLanguage":"fr-FR","@id":"https:\/\/k2group.fr\/frepillon-95\/gravure-laser\/#primaryimage","url":"https:\/\/k2group.fr\/frepillon-95\/wp-content\/uploads\/sites\/7\/2024\/10\/GRAVURE-LASER-Frepillon-k2.webp","contentUrl":"https:\/\/k2group.fr\/frepillon-95\/wp-content\/uploads\/sites\/7\/2024\/10\/GRAVURE-LASER-Frepillon-k2.webp","width":637,"height":695,"caption":"GRAVURE LASER Fr\u00e9pillon k2"},{"@type":"BreadcrumbList","@id":"https:\/\/k2group.fr\/frepillon-95\/gravure-laser\/#breadcrumb","itemListElement":[{"@type":"ListItem","position":1,"name":"Accueil","item":"https:\/\/k2group.fr\/frepillon-95\/"},{"@type":"ListItem","position":2,"name":"Gravure laser \u00e0 Limours"}]},{"@type":"WebSite","@id":"https:\/\/k2group.fr\/frepillon-95\/#website","url":"https:\/\/k2group.fr\/frepillon-95\/","name":"k2 Fr\u00e9pillon 95","description":"Un site utilisant K2GROUP","publisher":{"@id":"https:\/\/k2group.fr\/frepillon-95\/#organization"},"potentialAction":[{"@type":"SearchAction","target":{"@type":"EntryPoint","urlTemplate":"https:\/\/k2group.fr\/frepillon-95\/?s={search_term_string}"},"query-input":{"@type":"PropertyValueSpecification","valueRequired":true,"valueName":"search_term_string"}}],"inLanguage":"fr-FR"},{"@type":"Organization","@id":"https:\/\/k2group.fr\/frepillon-95\/#organization","name":"k2 Fr\u00e9pillon 95","url":"https:\/\/k2group.fr\/frepillon-95\/","logo":{"@type":"ImageObject","inLanguage":"fr-FR","@id":"https:\/\/k2group.fr\/frepillon-95\/#\/schema\/logo\/image\/","url":"https:\/\/k2group.fr\/frepillon-95\/wp-content\/uploads\/sites\/7\/2022\/05\/k2-logo.png","contentUrl":"https:\/\/k2group.fr\/frepillon-95\/wp-content\/uploads\/sites\/7\/2022\/05\/k2-logo.png","width":580,"height":251,"caption":"k2 Fr\u00e9pillon 95"},"image":{"@id":"https:\/\/k2group.fr\/frepillon-95\/#\/schema\/logo\/image\/"}}]}},"_links":{"self":[{"href":"https:\/\/k2group.fr\/frepillon-95\/wp-json\/wp\/v2\/pages\/1072","targetHints":{"allow":["GET"]}}],"collection":[{"href":"https:\/\/k2group.fr\/frepillon-95\/wp-json\/wp\/v2\/pages"}],"about":[{"href":"https:\/\/k2group.fr\/frepillon-95\/wp-json\/wp\/v2\/types\/page"}],"author":[{"embeddable":true,"href":"https:\/\/k2group.fr\/frepillon-95\/wp-json\/wp\/v2\/users\/1"}],"replies":[{"embeddable":true,"href":"https:\/\/k2group.fr\/frepillon-95\/wp-json\/wp\/v2\/comments?post=1072"}],"version-history":[{"count":83,"href":"https:\/\/k2group.fr\/frepillon-95\/wp-json\/wp\/v2\/pages\/1072\/revisions"}],"predecessor-version":[{"id":1804,"href":"https:\/\/k2group.fr\/frepillon-95\/wp-json\/wp\/v2\/pages\/1072\/revisions\/1804"}],"wp:attachment":[{"href":"https:\/\/k2group.fr\/frepillon-95\/wp-json\/wp\/v2\/media?parent=1072"}],"curies":[{"name":"wp","href":"https:\/\/api.w.org\/{rel}","templated":true}]}}