{"id":1077,"date":"2022-05-06T13:00:04","date_gmt":"2022-05-06T11:00:04","guid":{"rendered":"https:\/\/k2group.fr\/limours\/?page_id=1077"},"modified":"2024-10-11T22:14:01","modified_gmt":"2024-10-11T20:14:01","slug":"service-apres-vente","status":"publish","type":"page","link":"https:\/\/k2group.fr\/frepillon-95\/service-apres-vente\/","title":{"rendered":"Service apr\u00e9s vente K2 Limours"},"content":{"rendered":"\t\t<div data-elementor-type=\"wp-page\" data-elementor-id=\"1077\" class=\"elementor elementor-1077\">\n\t\t\t\t\t\t<section class=\"elementor-section elementor-top-section elementor-element elementor-element-5d4ff52 elementor-section-height-min-height elementor-section-items-top elementor-section-boxed elementor-section-height-default\" data-id=\"5d4ff52\" data-element_type=\"section\" data-settings=\"{&quot;background_background&quot;:&quot;classic&quot;}\">\n\t\t\t\t\t\t\t<div class=\"elementor-background-overlay\"><\/div>\n\t\t\t\t\t\t\t<div class=\"elementor-container elementor-column-gap-default\">\n\t\t\t\t\t<div class=\"elementor-column elementor-col-100 elementor-top-column elementor-element elementor-element-a72c1a9\" data-id=\"a72c1a9\" data-element_type=\"column\">\n\t\t\t<div class=\"elementor-widget-wrap elementor-element-populated\">\n\t\t\t\t\t\t<div class=\"elementor-element elementor-element-8611c0f elementor-widget elementor-widget-image-box\" data-id=\"8611c0f\" data-element_type=\"widget\" data-widget_type=\"image-box.default\">\n\t\t\t\t<div class=\"elementor-widget-container\">\n\t\t\t\t\t<div class=\"elementor-image-box-wrapper\"><div class=\"elementor-image-box-content\"><h1 class=\"elementor-image-box-title\">Service apr\u00e9s vente <br>K2 Fr\u00e9pillon<\/h1><\/div><\/div>\t\t\t\t<\/div>\n\t\t\t\t<\/div>\n\t\t\t\t\t<\/div>\n\t\t<\/div>\n\t\t\t\t\t<\/div>\n\t\t<\/section>\n\t\t\t\t<section class=\"elementor-section elementor-top-section elementor-element elementor-element-8a9cdb8 elementor-section-content-middle elementor-section-boxed elementor-section-height-default elementor-section-height-default\" data-id=\"8a9cdb8\" data-element_type=\"section\" data-settings=\"{&quot;background_background&quot;:&quot;classic&quot;}\">\n\t\t\t\t\t\t<div class=\"elementor-container elementor-column-gap-no\">\n\t\t\t\t\t<div class=\"elementor-column elementor-col-50 elementor-top-column elementor-element elementor-element-6200a36\" data-id=\"6200a36\" data-element_type=\"column\">\n\t\t\t<div class=\"elementor-widget-wrap elementor-element-populated\">\n\t\t\t\t\t\t<div class=\"elementor-element elementor-element-7be35f2 elementor-widget elementor-widget-heading\" data-id=\"7be35f2\" data-element_type=\"widget\" data-widget_type=\"heading.default\">\n\t\t\t\t<div class=\"elementor-widget-container\">\n\t\t\t\t\t<h2 class=\"elementor-heading-title elementor-size-default\">La satisfaction du client est notre objectif<\/h2>\t\t\t\t<\/div>\n\t\t\t\t<\/div>\n\t\t\t\t<div class=\"elementor-element elementor-element-bb46b14 elementor-widget elementor-widget-text-editor\" data-id=\"bb46b14\" data-element_type=\"widget\" data-widget_type=\"text-editor.default\">\n\t\t\t\t<div class=\"elementor-widget-container\">\n\t\t\t\t\t\t\t\t\tL\u2019\u00e9quipe K2 Fr\u00e9pillon cherche toujours \u00e0 satisfaire sa client\u00e8le \u00e0 travers les diff\u00e9rents services proposer ainsi qu\u2019un accompagnement client pour vous guider sur les diff\u00e9rentes \u00e9tapes de vos projets.\n<br><br>\n\n\nNous proposons un service client irr\u00e9prochables \u00e0 travers des t\u00e9l\u00e9op\u00e9rateurs qualifi\u00e9 et expert en la mati\u00e8re qui seront toujours \u00e0 votre disposition.\n<br><br>\n\n\nQu\u2019il s\u2019agisse d\u2019une assistance technique ou d\u2019une demande d\u2019information concernant nos produits et nos services, le service client de K2 Fr\u00e9pillon est \u00e0 votre disposition.\n<br><br>\n\n\nContactez-nous par mail ou appelez K2 Fr\u00e9pillon pour toutes questions suppl\u00e9mentaires sur le sujet.\t\t\t\t\t\t\t\t<\/div>\n\t\t\t\t<\/div>\n\t\t\t\t\t<\/div>\n\t\t<\/div>\n\t\t\t\t<div class=\"elementor-column elementor-col-50 elementor-top-column elementor-element elementor-element-11c48da\" data-id=\"11c48da\" data-element_type=\"column\">\n\t\t\t<div class=\"elementor-widget-wrap elementor-element-populated\">\n\t\t\t\t\t\t<div class=\"elementor-element elementor-element-d24f92f elementor-widget elementor-widget-image\" data-id=\"d24f92f\" data-element_type=\"widget\" data-widget_type=\"image.default\">\n\t\t\t\t<div class=\"elementor-widget-container\">\n\t\t\t\t\t\t\t\t\t\t\t\t\t\t\t<img fetchpriority=\"high\" decoding=\"async\" width=\"637\" height=\"695\" src=\"https:\/\/k2group.fr\/frepillon-95\/wp-content\/uploads\/sites\/7\/2024\/10\/service-apres-vente-k2-Frepillon.webp\" class=\"attachment-full size-full wp-image-1805\" alt=\"service apres vente k2 Fr\u00e9pillon\" srcset=\"https:\/\/k2group.fr\/frepillon-95\/wp-content\/uploads\/sites\/7\/2024\/10\/service-apres-vente-k2-Frepillon.webp 637w, https:\/\/k2group.fr\/frepillon-95\/wp-content\/uploads\/sites\/7\/2024\/10\/service-apres-vente-k2-Frepillon-275x300.webp 275w\" sizes=\"(max-width: 637px) 100vw, 637px\" \/>\t\t\t\t\t\t\t\t\t\t\t\t\t\t\t<\/div>\n\t\t\t\t<\/div>\n\t\t\t\t\t<\/div>\n\t\t<\/div>\n\t\t\t\t\t<\/div>\n\t\t<\/section>\n\t\t\t\t<section class=\"elementor-section elementor-top-section elementor-element elementor-element-2abf9af elementor-section-content-middle elementor-section-boxed elementor-section-height-default elementor-section-height-default\" data-id=\"2abf9af\" data-element_type=\"section\" data-settings=\"{&quot;background_background&quot;:&quot;classic&quot;}\">\n\t\t\t\t\t\t<div class=\"elementor-container elementor-column-gap-no\">\n\t\t\t\t\t<div class=\"elementor-column elementor-col-50 elementor-top-column elementor-element elementor-element-8cae744\" data-id=\"8cae744\" data-element_type=\"column\">\n\t\t\t<div class=\"elementor-widget-wrap elementor-element-populated\">\n\t\t\t\t\t\t<div class=\"elementor-element elementor-element-9c898c7 elementor-widget elementor-widget-image\" data-id=\"9c898c7\" data-element_type=\"widget\" data-widget_type=\"image.default\">\n\t\t\t\t<div class=\"elementor-widget-container\">\n\t\t\t\t\t\t\t\t\t\t\t\t\t\t\t<img decoding=\"async\" width=\"459\" height=\"500\" src=\"https:\/\/k2group.fr\/frepillon-95\/wp-content\/uploads\/sites\/7\/2022\/09\/K2-maintenance.webp\" class=\"attachment-full size-full wp-image-1583\" alt=\"\" srcset=\"https:\/\/k2group.fr\/frepillon-95\/wp-content\/uploads\/sites\/7\/2022\/09\/K2-maintenance.webp 459w, https:\/\/k2group.fr\/frepillon-95\/wp-content\/uploads\/sites\/7\/2022\/09\/K2-maintenance-275x300.webp 275w\" sizes=\"(max-width: 459px) 100vw, 459px\" \/>\t\t\t\t\t\t\t\t\t\t\t\t\t\t\t<\/div>\n\t\t\t\t<\/div>\n\t\t\t\t\t<\/div>\n\t\t<\/div>\n\t\t\t\t<div class=\"elementor-column elementor-col-50 elementor-top-column elementor-element elementor-element-2ef3147\" data-id=\"2ef3147\" data-element_type=\"column\">\n\t\t\t<div class=\"elementor-widget-wrap elementor-element-populated\">\n\t\t\t\t\t\t<div class=\"elementor-element elementor-element-6f9439b elementor-widget elementor-widget-heading\" data-id=\"6f9439b\" data-element_type=\"widget\" data-widget_type=\"heading.default\">\n\t\t\t\t<div class=\"elementor-widget-container\">\n\t\t\t\t\t<h2 class=\"elementor-heading-title elementor-size-default\">Une forte relation client<\/h2>\t\t\t\t<\/div>\n\t\t\t\t<\/div>\n\t\t\t\t<div class=\"elementor-element elementor-element-d1c68d2 elementor-widget elementor-widget-text-editor\" data-id=\"d1c68d2\" data-element_type=\"widget\" data-widget_type=\"text-editor.default\">\n\t\t\t\t<div class=\"elementor-widget-container\">\n\t\t\t\t\t\t\t\t\tChez K2, la relation client est au centre de notre attention et c\u2019est pour cela que nous mettons toutes nos forces et notre savoir-faire pour entretenir et d\u00e9velopper des relations de confiance mutuelle bas\u00e9es sur la transparence et l\u2019\u00e9change.\n\n<br><br>\n\nNos distributeurs \u00e0 Fr\u00e9pillon consid\u00e8rent vos commentaires comme une source de conseils pour l\u2019am\u00e9lioration continue de nos services et la croissance de notre groupe.\n\n<br><br>\n\nPour renforcer cette relation, nous sommes ouverts \u00e0 toutes vos suggestions et propositions concernant nos services et produits. Nous avons mis en place plusieurs canaux de communication tels que le t\u00e9l\u00e9phone, le courrier \u00e9lectronique et les r\u00e9seaux sociaux tels que Facebook, Instagram, Linkedin\u2026\t\t\t\t\t\t\t\t<\/div>\n\t\t\t\t<\/div>\n\t\t\t\t\t<\/div>\n\t\t<\/div>\n\t\t\t\t\t<\/div>\n\t\t<\/section>\n\t\t\t\t<section class=\"elementor-section elementor-top-section elementor-element elementor-element-ebd3843 elementor-section-boxed elementor-section-height-default elementor-section-height-default\" data-id=\"ebd3843\" data-element_type=\"section\" data-settings=\"{&quot;background_background&quot;:&quot;classic&quot;}\">\n\t\t\t\t\t\t<div class=\"elementor-container elementor-column-gap-default\">\n\t\t\t\t\t<div class=\"elementor-column elementor-col-100 elementor-top-column elementor-element elementor-element-8200a6e\" data-id=\"8200a6e\" data-element_type=\"column\">\n\t\t\t<div class=\"elementor-widget-wrap elementor-element-populated\">\n\t\t\t\t\t\t<section class=\"elementor-section elementor-inner-section elementor-element elementor-element-13e38af elementor-section-boxed elementor-section-height-default elementor-section-height-default\" data-id=\"13e38af\" data-element_type=\"section\" data-settings=\"{&quot;background_background&quot;:&quot;classic&quot;}\">\n\t\t\t\t\t\t<div class=\"elementor-container elementor-column-gap-default\">\n\t\t\t\t\t<div class=\"elementor-column elementor-col-50 elementor-inner-column elementor-element elementor-element-a2c3d66\" data-id=\"a2c3d66\" data-element_type=\"column\">\n\t\t\t<div class=\"elementor-widget-wrap elementor-element-populated\">\n\t\t\t\t\t\t<div class=\"elementor-element elementor-element-a245da2 elementor-absolute elementor-widget elementor-widget-image\" data-id=\"a245da2\" data-element_type=\"widget\" data-settings=\"{&quot;_position&quot;:&quot;absolute&quot;}\" data-widget_type=\"image.default\">\n\t\t\t\t<div class=\"elementor-widget-container\">\n\t\t\t\t\t\t\t\t\t\t\t\t\t\t\t<img decoding=\"async\" width=\"753\" height=\"680\" src=\"https:\/\/k2group.fr\/frepillon-95\/wp-content\/uploads\/sites\/7\/2024\/10\/catalogue-pack-metiers-K2.webp\" class=\"attachment-medium_large size-medium_large wp-image-1736\" alt=\"catalogue pack d3 a fr\u00e9pillon 95\" srcset=\"https:\/\/k2group.fr\/frepillon-95\/wp-content\/uploads\/sites\/7\/2024\/10\/catalogue-pack-metiers-K2.webp 753w, https:\/\/k2group.fr\/frepillon-95\/wp-content\/uploads\/sites\/7\/2024\/10\/catalogue-pack-metiers-K2-300x271.webp 300w\" sizes=\"(max-width: 753px) 100vw, 753px\" \/>\t\t\t\t\t\t\t\t\t\t\t\t\t\t\t<\/div>\n\t\t\t\t<\/div>\n\t\t\t\t\t<\/div>\n\t\t<\/div>\n\t\t\t\t<div class=\"elementor-column elementor-col-50 elementor-inner-column elementor-element elementor-element-90a6912\" data-id=\"90a6912\" data-element_type=\"column\">\n\t\t\t<div class=\"elementor-widget-wrap elementor-element-populated\">\n\t\t\t\t\t\t<div class=\"elementor-element elementor-element-eba1d7b elementor-widget elementor-widget-heading\" data-id=\"eba1d7b\" data-element_type=\"widget\" data-widget_type=\"heading.default\">\n\t\t\t\t<div class=\"elementor-widget-container\">\n\t\t\t\t\t<h3 class=\"elementor-heading-title elementor-size-default\">NOTRE CATALOGUE<\/h3>\t\t\t\t<\/div>\n\t\t\t\t<\/div>\n\t\t\t\t<div class=\"elementor-element elementor-element-92b413d elementor-widget elementor-widget-text-editor\" data-id=\"92b413d\" data-element_type=\"widget\" data-widget_type=\"text-editor.default\">\n\t\t\t\t<div class=\"elementor-widget-container\">\n\t\t\t\t\t\t\t\t\tD\u00e9couvrez notre dernier catalogue <br>et nos HDN d\u00e9di\u00e9s aux professionels.\t\t\t\t\t\t\t\t<\/div>\n\t\t\t\t<\/div>\n\t\t\t\t<div class=\"elementor-element elementor-element-5911e44 elementor-widget elementor-widget-button\" data-id=\"5911e44\" data-element_type=\"widget\" data-widget_type=\"button.default\">\n\t\t\t\t<div class=\"elementor-widget-container\">\n\t\t\t\t\t\t\t\t\t<div class=\"elementor-button-wrapper\">\n\t\t\t\t\t<a class=\"elementor-button elementor-button-link elementor-size-sm\" href=\"https:\/\/k2group.fr\/catalogue\/k2\/index.html\">\n\t\t\t\t\t\t<span class=\"elementor-button-content-wrapper\">\n\t\t\t\t\t\t<span class=\"elementor-button-icon\">\n\t\t\t\t<i aria-hidden=\"true\" class=\"fas fa-arrow-right\"><\/i>\t\t\t<\/span>\n\t\t\t\t\t\t\t\t\t<span class=\"elementor-button-text\">Consulter<\/span>\n\t\t\t\t\t<\/span>\n\t\t\t\t\t<\/a>\n\t\t\t\t<\/div>\n\t\t\t\t\t\t\t\t<\/div>\n\t\t\t\t<\/div>\n\t\t\t\t\t<\/div>\n\t\t<\/div>\n\t\t\t\t\t<\/div>\n\t\t<\/section>\n\t\t\t\t\t<\/div>\n\t\t<\/div>\n\t\t\t\t\t<\/div>\n\t\t<\/section>\n\t\t\t\t<\/div>\n\t\t","protected":false},"excerpt":{"rendered":"<p>Service apr\u00e9s vente K2 Fr\u00e9pillon La satisfaction du client est notre objectif L\u2019\u00e9quipe K2 Fr\u00e9pillon cherche toujours \u00e0 satisfaire sa\u2026<\/p>\n","protected":false},"author":1,"featured_media":0,"parent":0,"menu_order":0,"comment_status":"closed","ping_status":"closed","template":"","meta":{"site-sidebar-layout":"no-sidebar","site-content-layout":"page-builder","ast-global-header-display":"","ast-main-header-display":"","ast-hfb-above-header-display":"","ast-hfb-below-header-display":"","ast-hfb-mobile-header-display":"","site-post-title":"disabled","ast-breadcrumbs-content":"","ast-featured-img":"disabled","footer-sml-layout":"","theme-transparent-header-meta":"enabled","adv-header-id-meta":"","stick-header-meta":"","header-above-stick-meta":"","header-main-stick-meta":"","header-below-stick-meta":"","footnotes":""},"class_list":["post-1077","page","type-page","status-publish","hentry"],"yoast_head":"<!-- This site is optimized with the Yoast SEO plugin v24.7 - https:\/\/yoast.com\/wordpress\/plugins\/seo\/ -->\n<title>Service apr\u00e8s vente \u00e0 Fr\u00e9pillon | K2 Fr\u00e9pillon<\/title>\n<meta name=\"description\" content=\"K2 Fr\u00e9pillon offre \u00e0 ses clients un service apr\u00e8s vente et une assistance continue.\" \/>\n<meta name=\"robots\" content=\"index, follow, max-snippet:-1, max-image-preview:large, max-video-preview:-1\" \/>\n<link rel=\"canonical\" href=\"https:\/\/k2group.fr\/frepillon-95\/service-apres-vente\/\" \/>\n<meta property=\"og:locale\" content=\"fr_FR\" \/>\n<meta property=\"og:type\" content=\"article\" \/>\n<meta property=\"og:title\" content=\"Service apr\u00e8s vente \u00e0 Fr\u00e9pillon | K2 Fr\u00e9pillon\" \/>\n<meta property=\"og:description\" content=\"K2 Fr\u00e9pillon offre \u00e0 ses clients un service apr\u00e8s vente et une assistance continue.\" \/>\n<meta property=\"og:url\" content=\"https:\/\/k2group.fr\/frepillon-95\/service-apres-vente\/\" \/>\n<meta property=\"og:site_name\" content=\"k2 Fr\u00e9pillon 95\" \/>\n<meta property=\"article:modified_time\" content=\"2024-10-11T20:14:01+00:00\" \/>\n<meta property=\"og:image\" content=\"https:\/\/k2group.fr\/frepillon-95\/wp-content\/uploads\/sites\/7\/2024\/10\/service-apres-vente-k2-Frepillon.webp\" \/>\n<meta name=\"twitter:card\" content=\"summary_large_image\" \/>\n<meta name=\"twitter:label1\" content=\"Dur\u00e9e de lecture estim\u00e9e\" \/>\n\t<meta name=\"twitter:data1\" content=\"2 minutes\" \/>\n<script type=\"application\/ld+json\" class=\"yoast-schema-graph\">{\"@context\":\"https:\/\/schema.org\",\"@graph\":[{\"@type\":\"WebPage\",\"@id\":\"https:\/\/k2group.fr\/frepillon-95\/service-apres-vente\/\",\"url\":\"https:\/\/k2group.fr\/frepillon-95\/service-apres-vente\/\",\"name\":\"Service apr\u00e8s vente \u00e0 Fr\u00e9pillon | K2 Fr\u00e9pillon\",\"isPartOf\":{\"@id\":\"https:\/\/k2group.fr\/frepillon-95\/#website\"},\"primaryImageOfPage\":{\"@id\":\"https:\/\/k2group.fr\/frepillon-95\/service-apres-vente\/#primaryimage\"},\"image\":{\"@id\":\"https:\/\/k2group.fr\/frepillon-95\/service-apres-vente\/#primaryimage\"},\"thumbnailUrl\":\"https:\/\/k2group.fr\/frepillon-95\/wp-content\/uploads\/sites\/7\/2024\/10\/service-apres-vente-k2-Frepillon.webp\",\"datePublished\":\"2022-05-06T11:00:04+00:00\",\"dateModified\":\"2024-10-11T20:14:01+00:00\",\"description\":\"K2 Fr\u00e9pillon offre \u00e0 ses clients un service apr\u00e8s vente et une assistance continue.\",\"breadcrumb\":{\"@id\":\"https:\/\/k2group.fr\/frepillon-95\/service-apres-vente\/#breadcrumb\"},\"inLanguage\":\"fr-FR\",\"potentialAction\":[{\"@type\":\"ReadAction\",\"target\":[\"https:\/\/k2group.fr\/frepillon-95\/service-apres-vente\/\"]}]},{\"@type\":\"ImageObject\",\"inLanguage\":\"fr-FR\",\"@id\":\"https:\/\/k2group.fr\/frepillon-95\/service-apres-vente\/#primaryimage\",\"url\":\"https:\/\/k2group.fr\/frepillon-95\/wp-content\/uploads\/sites\/7\/2024\/10\/service-apres-vente-k2-Frepillon.webp\",\"contentUrl\":\"https:\/\/k2group.fr\/frepillon-95\/wp-content\/uploads\/sites\/7\/2024\/10\/service-apres-vente-k2-Frepillon.webp\",\"width\":637,\"height\":695,\"caption\":\"service apres vente k2 Fr\u00e9pillon\"},{\"@type\":\"BreadcrumbList\",\"@id\":\"https:\/\/k2group.fr\/frepillon-95\/service-apres-vente\/#breadcrumb\",\"itemListElement\":[{\"@type\":\"ListItem\",\"position\":1,\"name\":\"Accueil\",\"item\":\"https:\/\/k2group.fr\/frepillon-95\/\"},{\"@type\":\"ListItem\",\"position\":2,\"name\":\"Service apr\u00e9s vente K2 Limours\"}]},{\"@type\":\"WebSite\",\"@id\":\"https:\/\/k2group.fr\/frepillon-95\/#website\",\"url\":\"https:\/\/k2group.fr\/frepillon-95\/\",\"name\":\"k2 Fr\u00e9pillon 95\",\"description\":\"Un site utilisant K2GROUP\",\"publisher\":{\"@id\":\"https:\/\/k2group.fr\/frepillon-95\/#organization\"},\"potentialAction\":[{\"@type\":\"SearchAction\",\"target\":{\"@type\":\"EntryPoint\",\"urlTemplate\":\"https:\/\/k2group.fr\/frepillon-95\/?s={search_term_string}\"},\"query-input\":{\"@type\":\"PropertyValueSpecification\",\"valueRequired\":true,\"valueName\":\"search_term_string\"}}],\"inLanguage\":\"fr-FR\"},{\"@type\":\"Organization\",\"@id\":\"https:\/\/k2group.fr\/frepillon-95\/#organization\",\"name\":\"k2 Fr\u00e9pillon 95\",\"url\":\"https:\/\/k2group.fr\/frepillon-95\/\",\"logo\":{\"@type\":\"ImageObject\",\"inLanguage\":\"fr-FR\",\"@id\":\"https:\/\/k2group.fr\/frepillon-95\/#\/schema\/logo\/image\/\",\"url\":\"https:\/\/k2group.fr\/frepillon-95\/wp-content\/uploads\/sites\/7\/2022\/05\/k2-logo.png\",\"contentUrl\":\"https:\/\/k2group.fr\/frepillon-95\/wp-content\/uploads\/sites\/7\/2022\/05\/k2-logo.png\",\"width\":580,\"height\":251,\"caption\":\"k2 Fr\u00e9pillon 95\"},\"image\":{\"@id\":\"https:\/\/k2group.fr\/frepillon-95\/#\/schema\/logo\/image\/\"}}]}<\/script>\n<!-- \/ Yoast SEO plugin. -->","yoast_head_json":{"title":"Service apr\u00e8s vente \u00e0 Fr\u00e9pillon | K2 Fr\u00e9pillon","description":"K2 Fr\u00e9pillon offre \u00e0 ses clients un service apr\u00e8s vente et une assistance continue.","robots":{"index":"index","follow":"follow","max-snippet":"max-snippet:-1","max-image-preview":"max-image-preview:large","max-video-preview":"max-video-preview:-1"},"canonical":"https:\/\/k2group.fr\/frepillon-95\/service-apres-vente\/","og_locale":"fr_FR","og_type":"article","og_title":"Service apr\u00e8s vente \u00e0 Fr\u00e9pillon | K2 Fr\u00e9pillon","og_description":"K2 Fr\u00e9pillon offre \u00e0 ses clients un service apr\u00e8s vente et une assistance continue.","og_url":"https:\/\/k2group.fr\/frepillon-95\/service-apres-vente\/","og_site_name":"k2 Fr\u00e9pillon 95","article_modified_time":"2024-10-11T20:14:01+00:00","og_image":[{"url":"https:\/\/k2group.fr\/frepillon-95\/wp-content\/uploads\/sites\/7\/2024\/10\/service-apres-vente-k2-Frepillon.webp","type":"","width":"","height":""}],"twitter_card":"summary_large_image","twitter_misc":{"Dur\u00e9e de lecture estim\u00e9e":"2 minutes"},"schema":{"@context":"https:\/\/schema.org","@graph":[{"@type":"WebPage","@id":"https:\/\/k2group.fr\/frepillon-95\/service-apres-vente\/","url":"https:\/\/k2group.fr\/frepillon-95\/service-apres-vente\/","name":"Service apr\u00e8s vente \u00e0 Fr\u00e9pillon | K2 Fr\u00e9pillon","isPartOf":{"@id":"https:\/\/k2group.fr\/frepillon-95\/#website"},"primaryImageOfPage":{"@id":"https:\/\/k2group.fr\/frepillon-95\/service-apres-vente\/#primaryimage"},"image":{"@id":"https:\/\/k2group.fr\/frepillon-95\/service-apres-vente\/#primaryimage"},"thumbnailUrl":"https:\/\/k2group.fr\/frepillon-95\/wp-content\/uploads\/sites\/7\/2024\/10\/service-apres-vente-k2-Frepillon.webp","datePublished":"2022-05-06T11:00:04+00:00","dateModified":"2024-10-11T20:14:01+00:00","description":"K2 Fr\u00e9pillon offre \u00e0 ses clients un service apr\u00e8s vente et une assistance continue.","breadcrumb":{"@id":"https:\/\/k2group.fr\/frepillon-95\/service-apres-vente\/#breadcrumb"},"inLanguage":"fr-FR","potentialAction":[{"@type":"ReadAction","target":["https:\/\/k2group.fr\/frepillon-95\/service-apres-vente\/"]}]},{"@type":"ImageObject","inLanguage":"fr-FR","@id":"https:\/\/k2group.fr\/frepillon-95\/service-apres-vente\/#primaryimage","url":"https:\/\/k2group.fr\/frepillon-95\/wp-content\/uploads\/sites\/7\/2024\/10\/service-apres-vente-k2-Frepillon.webp","contentUrl":"https:\/\/k2group.fr\/frepillon-95\/wp-content\/uploads\/sites\/7\/2024\/10\/service-apres-vente-k2-Frepillon.webp","width":637,"height":695,"caption":"service apres vente k2 Fr\u00e9pillon"},{"@type":"BreadcrumbList","@id":"https:\/\/k2group.fr\/frepillon-95\/service-apres-vente\/#breadcrumb","itemListElement":[{"@type":"ListItem","position":1,"name":"Accueil","item":"https:\/\/k2group.fr\/frepillon-95\/"},{"@type":"ListItem","position":2,"name":"Service apr\u00e9s vente K2 Limours"}]},{"@type":"WebSite","@id":"https:\/\/k2group.fr\/frepillon-95\/#website","url":"https:\/\/k2group.fr\/frepillon-95\/","name":"k2 Fr\u00e9pillon 95","description":"Un site utilisant K2GROUP","publisher":{"@id":"https:\/\/k2group.fr\/frepillon-95\/#organization"},"potentialAction":[{"@type":"SearchAction","target":{"@type":"EntryPoint","urlTemplate":"https:\/\/k2group.fr\/frepillon-95\/?s={search_term_string}"},"query-input":{"@type":"PropertyValueSpecification","valueRequired":true,"valueName":"search_term_string"}}],"inLanguage":"fr-FR"},{"@type":"Organization","@id":"https:\/\/k2group.fr\/frepillon-95\/#organization","name":"k2 Fr\u00e9pillon 95","url":"https:\/\/k2group.fr\/frepillon-95\/","logo":{"@type":"ImageObject","inLanguage":"fr-FR","@id":"https:\/\/k2group.fr\/frepillon-95\/#\/schema\/logo\/image\/","url":"https:\/\/k2group.fr\/frepillon-95\/wp-content\/uploads\/sites\/7\/2022\/05\/k2-logo.png","contentUrl":"https:\/\/k2group.fr\/frepillon-95\/wp-content\/uploads\/sites\/7\/2022\/05\/k2-logo.png","width":580,"height":251,"caption":"k2 Fr\u00e9pillon 95"},"image":{"@id":"https:\/\/k2group.fr\/frepillon-95\/#\/schema\/logo\/image\/"}}]}},"_links":{"self":[{"href":"https:\/\/k2group.fr\/frepillon-95\/wp-json\/wp\/v2\/pages\/1077","targetHints":{"allow":["GET"]}}],"collection":[{"href":"https:\/\/k2group.fr\/frepillon-95\/wp-json\/wp\/v2\/pages"}],"about":[{"href":"https:\/\/k2group.fr\/frepillon-95\/wp-json\/wp\/v2\/types\/page"}],"author":[{"embeddable":true,"href":"https:\/\/k2group.fr\/frepillon-95\/wp-json\/wp\/v2\/users\/1"}],"replies":[{"embeddable":true,"href":"https:\/\/k2group.fr\/frepillon-95\/wp-json\/wp\/v2\/comments?post=1077"}],"version-history":[{"count":83,"href":"https:\/\/k2group.fr\/frepillon-95\/wp-json\/wp\/v2\/pages\/1077\/revisions"}],"predecessor-version":[{"id":1820,"href":"https:\/\/k2group.fr\/frepillon-95\/wp-json\/wp\/v2\/pages\/1077\/revisions\/1820"}],"wp:attachment":[{"href":"https:\/\/k2group.fr\/frepillon-95\/wp-json\/wp\/v2\/media?parent=1077"}],"curies":[{"name":"wp","href":"https:\/\/api.w.org\/{rel}","templated":true}]}}