{"id":1082,"date":"2022-05-06T15:10:30","date_gmt":"2022-05-06T13:10:30","guid":{"rendered":"https:\/\/k2group.fr\/limours\/?page_id=1082"},"modified":"2024-10-11T22:13:34","modified_gmt":"2024-10-11T20:13:34","slug":"video-surveillance","status":"publish","type":"page","link":"https:\/\/k2group.fr\/frepillon-95\/video-surveillance\/","title":{"rendered":"Vid\u00e9o surveillance \u00e0 Limours"},"content":{"rendered":"\t\t<div data-elementor-type=\"wp-page\" data-elementor-id=\"1082\" class=\"elementor elementor-1082\">\n\t\t\t\t\t\t<section class=\"elementor-section elementor-top-section elementor-element elementor-element-7799bc4 elementor-section-height-min-height elementor-section-items-top elementor-section-boxed elementor-section-height-default\" data-id=\"7799bc4\" data-element_type=\"section\" data-settings=\"{&quot;background_background&quot;:&quot;classic&quot;}\">\n\t\t\t\t\t\t\t<div class=\"elementor-background-overlay\"><\/div>\n\t\t\t\t\t\t\t<div class=\"elementor-container elementor-column-gap-default\">\n\t\t\t\t\t<div class=\"elementor-column elementor-col-100 elementor-top-column elementor-element elementor-element-70d3c09\" data-id=\"70d3c09\" data-element_type=\"column\">\n\t\t\t<div class=\"elementor-widget-wrap elementor-element-populated\">\n\t\t\t\t\t\t<div class=\"elementor-element elementor-element-5d2482b elementor-widget elementor-widget-image-box\" data-id=\"5d2482b\" data-element_type=\"widget\" data-widget_type=\"image-box.default\">\n\t\t\t\t<div class=\"elementor-widget-container\">\n\t\t\t\t\t<div class=\"elementor-image-box-wrapper\"><div class=\"elementor-image-box-content\"><h1 class=\"elementor-image-box-title\">Vid\u00e9osurveillance <br>\u00e0 Fr\u00e9pillon<\/h1><\/div><\/div>\t\t\t\t<\/div>\n\t\t\t\t<\/div>\n\t\t\t\t\t<\/div>\n\t\t<\/div>\n\t\t\t\t\t<\/div>\n\t\t<\/section>\n\t\t\t\t<section class=\"elementor-section elementor-top-section elementor-element elementor-element-0903770 elementor-section-content-middle elementor-section-boxed elementor-section-height-default elementor-section-height-default\" data-id=\"0903770\" data-element_type=\"section\" data-settings=\"{&quot;background_background&quot;:&quot;classic&quot;}\">\n\t\t\t\t\t\t<div class=\"elementor-container elementor-column-gap-no\">\n\t\t\t\t\t<div class=\"elementor-column elementor-col-50 elementor-top-column elementor-element elementor-element-8d320c7\" data-id=\"8d320c7\" data-element_type=\"column\">\n\t\t\t<div class=\"elementor-widget-wrap elementor-element-populated\">\n\t\t\t\t\t\t<div class=\"elementor-element elementor-element-bb356a7 elementor-widget elementor-widget-heading\" data-id=\"bb356a7\" data-element_type=\"widget\" data-widget_type=\"heading.default\">\n\t\t\t\t<div class=\"elementor-widget-container\">\n\t\t\t\t\t<h2 class=\"elementor-heading-title elementor-size-default\">Assurez la s\u00e9curit\u00e9 de vos biens et vos locaux<\/h2>\t\t\t\t<\/div>\n\t\t\t\t<\/div>\n\t\t\t\t<div class=\"elementor-element elementor-element-93ffc54 elementor-widget elementor-widget-text-editor\" data-id=\"93ffc54\" data-element_type=\"widget\" data-widget_type=\"text-editor.default\">\n\t\t\t\t<div class=\"elementor-widget-container\">\n\t\t\t\t\t\t\t\t\tAssurer la s\u00e9curit\u00e9 de vos locaux \u00e0 l\u2019aide de la vid\u00e9osurveillance, K2 Fr\u00e9pillon vous fournit des solutions performantes et met \u00e0 votre disposition des produits de grande marque afin d\u2019assurer une s\u00e9curit\u00e9 optimale de vos biens et de vos locaux.\n<br><br>\n\nNous assurons \u00e0 nos clients un accompagnement total concernant le choix, l\u2019installation, la configuration et la mise en service de nos produits.\n<br><br>\n\n\nContacter l\u2019agence de Fr\u00e9pillon pour installer d\u00e8s aujourd\u2019hui vos cam\u00e9ras de surveillance\t\t\t\t\t\t\t\t<\/div>\n\t\t\t\t<\/div>\n\t\t\t\t\t<\/div>\n\t\t<\/div>\n\t\t\t\t<div class=\"elementor-column elementor-col-50 elementor-top-column elementor-element elementor-element-e651b59\" data-id=\"e651b59\" data-element_type=\"column\">\n\t\t\t<div class=\"elementor-widget-wrap elementor-element-populated\">\n\t\t\t\t\t\t<div class=\"elementor-element elementor-element-7c82c41 elementor-widget elementor-widget-image\" data-id=\"7c82c41\" data-element_type=\"widget\" data-widget_type=\"image.default\">\n\t\t\t\t<div class=\"elementor-widget-container\">\n\t\t\t\t\t\t\t\t\t\t\t\t\t\t\t<img fetchpriority=\"high\" decoding=\"async\" width=\"637\" height=\"695\" src=\"https:\/\/k2group.fr\/frepillon-95\/wp-content\/uploads\/sites\/7\/2022\/08\/VIDEOSURVEILLANCE-k2.webp\" class=\"attachment-full size-full wp-image-1428\" alt=\"\" srcset=\"https:\/\/k2group.fr\/frepillon-95\/wp-content\/uploads\/sites\/7\/2022\/08\/VIDEOSURVEILLANCE-k2.webp 637w, https:\/\/k2group.fr\/frepillon-95\/wp-content\/uploads\/sites\/7\/2022\/08\/VIDEOSURVEILLANCE-k2-275x300.webp 275w\" sizes=\"(max-width: 637px) 100vw, 637px\" \/>\t\t\t\t\t\t\t\t\t\t\t\t\t\t\t<\/div>\n\t\t\t\t<\/div>\n\t\t\t\t\t<\/div>\n\t\t<\/div>\n\t\t\t\t\t<\/div>\n\t\t<\/section>\n\t\t\t\t<section class=\"elementor-section elementor-top-section elementor-element elementor-element-291add5 elementor-section-content-middle elementor-section-boxed elementor-section-height-default elementor-section-height-default\" data-id=\"291add5\" data-element_type=\"section\" data-settings=\"{&quot;background_background&quot;:&quot;classic&quot;}\">\n\t\t\t\t\t\t<div class=\"elementor-container elementor-column-gap-no\">\n\t\t\t\t\t<div class=\"elementor-column elementor-col-50 elementor-top-column elementor-element elementor-element-374b45c\" data-id=\"374b45c\" data-element_type=\"column\">\n\t\t\t<div class=\"elementor-widget-wrap elementor-element-populated\">\n\t\t\t\t\t\t<div class=\"elementor-element elementor-element-5d41388 elementor-widget elementor-widget-image\" data-id=\"5d41388\" data-element_type=\"widget\" data-widget_type=\"image.default\">\n\t\t\t\t<div class=\"elementor-widget-container\">\n\t\t\t\t\t\t\t\t\t\t\t\t\t\t\t<img decoding=\"async\" width=\"459\" height=\"500\" src=\"https:\/\/k2group.fr\/frepillon-95\/wp-content\/uploads\/sites\/7\/2022\/09\/alhua-camera.webp\" class=\"attachment-full size-full wp-image-1578\" alt=\"\" srcset=\"https:\/\/k2group.fr\/frepillon-95\/wp-content\/uploads\/sites\/7\/2022\/09\/alhua-camera.webp 459w, https:\/\/k2group.fr\/frepillon-95\/wp-content\/uploads\/sites\/7\/2022\/09\/alhua-camera-275x300.webp 275w\" sizes=\"(max-width: 459px) 100vw, 459px\" \/>\t\t\t\t\t\t\t\t\t\t\t\t\t\t\t<\/div>\n\t\t\t\t<\/div>\n\t\t\t\t\t<\/div>\n\t\t<\/div>\n\t\t\t\t<div class=\"elementor-column elementor-col-50 elementor-top-column elementor-element elementor-element-20093c9\" data-id=\"20093c9\" data-element_type=\"column\">\n\t\t\t<div class=\"elementor-widget-wrap elementor-element-populated\">\n\t\t\t\t\t\t<div class=\"elementor-element elementor-element-d4abe95 elementor-widget elementor-widget-heading\" data-id=\"d4abe95\" data-element_type=\"widget\" data-widget_type=\"heading.default\">\n\t\t\t\t<div class=\"elementor-widget-container\">\n\t\t\t\t\t<h2 class=\"elementor-heading-title elementor-size-default\">Dahua : Une s\u00e9curit\u00e9 forte et intelligente<\/h2>\t\t\t\t<\/div>\n\t\t\t\t<\/div>\n\t\t\t\t<div class=\"elementor-element elementor-element-53cd5d4 elementor-widget elementor-widget-text-editor\" data-id=\"53cd5d4\" data-element_type=\"widget\" data-widget_type=\"text-editor.default\">\n\t\t\t\t<div class=\"elementor-widget-container\">\n\t\t\t\t\t\t\t\t\tChez K2 Fr\u00e9pillon, vous trouverez la marque populaire de fabrication de solution de vid\u00e9osurveillance Dahua qui propose du mat\u00e9riels de derni\u00e8re g\u00e9n\u00e9ration ainsi que des capteurs de mouvement performants.\n<br><br>\n\n\nDans le but de satisfaire nos clients, nous sommes en d\u00e9fi de vous accompagner dans l\u2019installation et la mise en service de tous ces produits en vous proposant la solution la mieux adapt\u00e9e \u00e0 vos besoins, et ce, afin d\u2019offrir le meilleur \u00e0 nos clients professionnels ou particuliers.\n<br><br>\n\n\nPour b\u00e9n\u00e9ficier de nos solutions vid\u00e9osurveillance, nous vous invitons \u00e0 feuilleter notre catalogue K2 sur notre site e-commerce ou nous rendre visite \u00e0 l\u2019agence K2 Fr\u00e9pillon.\t\t\t\t\t\t\t\t<\/div>\n\t\t\t\t<\/div>\n\t\t\t\t\t<\/div>\n\t\t<\/div>\n\t\t\t\t\t<\/div>\n\t\t<\/section>\n\t\t\t\t<section class=\"elementor-section elementor-top-section elementor-element elementor-element-b2008d7 elementor-section-content-middle elementor-section-boxed elementor-section-height-default elementor-section-height-default\" data-id=\"b2008d7\" data-element_type=\"section\" data-settings=\"{&quot;background_background&quot;:&quot;classic&quot;}\">\n\t\t\t\t\t\t<div class=\"elementor-container elementor-column-gap-no\">\n\t\t\t\t\t<div class=\"elementor-column elementor-col-50 elementor-top-column elementor-element elementor-element-8206f2d\" data-id=\"8206f2d\" data-element_type=\"column\">\n\t\t\t<div class=\"elementor-widget-wrap elementor-element-populated\">\n\t\t\t\t\t\t<div class=\"elementor-element elementor-element-7c79c69 elementor-widget elementor-widget-heading\" data-id=\"7c79c69\" data-element_type=\"widget\" data-widget_type=\"heading.default\">\n\t\t\t\t<div class=\"elementor-widget-container\">\n\t\t\t\t\t<h2 class=\"elementor-heading-title elementor-size-default\">Hikvision : Des cam\u00e9ras de surveillance d'haute d\u00e9finition<\/h2>\t\t\t\t<\/div>\n\t\t\t\t<\/div>\n\t\t\t\t<div class=\"elementor-element elementor-element-3e78518 elementor-widget elementor-widget-text-editor\" data-id=\"3e78518\" data-element_type=\"widget\" data-widget_type=\"text-editor.default\">\n\t\t\t\t<div class=\"elementor-widget-container\">\n\t\t\t\t\t\t\t\t\tParmi notre s\u00e9lection de solutions de vid\u00e9osurveillance \u00e0 Fr\u00e9pillon, nous avons choisi pour vous la fameuse marque Hikvision qui se caract\u00e9rise par ces mod\u00e8les de cam\u00e9ras de surveillance d\u2019haute d\u00e9finition \u00e0 des prix all\u00e9chants.\n<br><br>\n\n\nLes solutions Hikvision comprennent aussi des kits d\u2019alarme sans fil WiFi et GPRS qui se fixe dans les diff\u00e9rentes zones de mouvement afin de garantir tous les niveaux de surveillance et d\u2019alerte.\n<br><br>\n\n\nNos cam\u00e9ras Hikvision sont optimiser et ce afin d\u2019assurer une capture vid\u00e9o d\u00e9taill\u00e9e, ainsi ils int\u00e8gres les nouvelles technologies de pointes qui permettent par exemple la reconnaissance faciale et la distinction humaine.\t\t\t\t\t\t\t\t<\/div>\n\t\t\t\t<\/div>\n\t\t\t\t\t<\/div>\n\t\t<\/div>\n\t\t\t\t<div class=\"elementor-column elementor-col-50 elementor-top-column elementor-element elementor-element-5b8c423\" data-id=\"5b8c423\" data-element_type=\"column\">\n\t\t\t<div class=\"elementor-widget-wrap elementor-element-populated\">\n\t\t\t\t\t\t<div class=\"elementor-element elementor-element-771a502 elementor-widget elementor-widget-image\" data-id=\"771a502\" data-element_type=\"widget\" data-widget_type=\"image.default\">\n\t\t\t\t<div class=\"elementor-widget-container\">\n\t\t\t\t\t\t\t\t\t\t\t\t\t\t\t<img decoding=\"async\" width=\"460\" height=\"500\" src=\"https:\/\/k2group.fr\/frepillon-95\/wp-content\/uploads\/sites\/7\/2022\/09\/hikvision-camera.webp\" class=\"attachment-full size-full wp-image-1579\" alt=\"\" srcset=\"https:\/\/k2group.fr\/frepillon-95\/wp-content\/uploads\/sites\/7\/2022\/09\/hikvision-camera.webp 460w, https:\/\/k2group.fr\/frepillon-95\/wp-content\/uploads\/sites\/7\/2022\/09\/hikvision-camera-276x300.webp 276w\" sizes=\"(max-width: 460px) 100vw, 460px\" \/>\t\t\t\t\t\t\t\t\t\t\t\t\t\t\t<\/div>\n\t\t\t\t<\/div>\n\t\t\t\t\t<\/div>\n\t\t<\/div>\n\t\t\t\t\t<\/div>\n\t\t<\/section>\n\t\t\t\t<section class=\"elementor-section elementor-top-section elementor-element elementor-element-487bf06 elementor-section-boxed elementor-section-height-default elementor-section-height-default\" data-id=\"487bf06\" data-element_type=\"section\" data-settings=\"{&quot;background_background&quot;:&quot;classic&quot;}\">\n\t\t\t\t\t\t<div class=\"elementor-container elementor-column-gap-default\">\n\t\t\t\t\t<div class=\"elementor-column elementor-col-100 elementor-top-column elementor-element elementor-element-54d2720\" data-id=\"54d2720\" data-element_type=\"column\">\n\t\t\t<div class=\"elementor-widget-wrap elementor-element-populated\">\n\t\t\t\t\t\t<section class=\"elementor-section elementor-inner-section elementor-element elementor-element-884d6d2 elementor-section-boxed elementor-section-height-default elementor-section-height-default\" data-id=\"884d6d2\" data-element_type=\"section\">\n\t\t\t\t\t\t<div class=\"elementor-container elementor-column-gap-default\">\n\t\t\t\t\t<div class=\"elementor-column elementor-col-50 elementor-inner-column elementor-element elementor-element-dcd87a0 elementor-hidden-mobile\" data-id=\"dcd87a0\" data-element_type=\"column\">\n\t\t\t<div class=\"elementor-widget-wrap elementor-element-populated\">\n\t\t\t\t\t\t<div class=\"elementor-element elementor-element-e1db4d6 elementor-widget elementor-widget-image\" data-id=\"e1db4d6\" data-element_type=\"widget\" data-widget_type=\"image.default\">\n\t\t\t\t<div class=\"elementor-widget-container\">\n\t\t\t\t\t\t\t\t\t\t\t\t\t\t\t<img loading=\"lazy\" decoding=\"async\" width=\"612\" height=\"443\" src=\"https:\/\/k2group.fr\/frepillon-95\/wp-content\/uploads\/sites\/7\/2022\/09\/k2-dist.webp\" class=\"attachment-large size-large wp-image-1621\" alt=\"\" srcset=\"https:\/\/k2group.fr\/frepillon-95\/wp-content\/uploads\/sites\/7\/2022\/09\/k2-dist.webp 612w, https:\/\/k2group.fr\/frepillon-95\/wp-content\/uploads\/sites\/7\/2022\/09\/k2-dist-300x217.webp 300w\" sizes=\"(max-width: 612px) 100vw, 612px\" \/>\t\t\t\t\t\t\t\t\t\t\t\t\t\t\t<\/div>\n\t\t\t\t<\/div>\n\t\t\t\t\t<\/div>\n\t\t<\/div>\n\t\t\t\t<div class=\"elementor-column elementor-col-50 elementor-inner-column elementor-element elementor-element-c1360ff\" data-id=\"c1360ff\" data-element_type=\"column\" data-settings=\"{&quot;background_background&quot;:&quot;classic&quot;}\">\n\t\t\t<div class=\"elementor-widget-wrap elementor-element-populated\">\n\t\t\t\t\t\t<div class=\"elementor-element elementor-element-3ddef03 elementor-widget elementor-widget-heading\" data-id=\"3ddef03\" data-element_type=\"widget\" data-widget_type=\"heading.default\">\n\t\t\t\t<div class=\"elementor-widget-container\">\n\t\t\t\t\t<h3 class=\"elementor-heading-title elementor-size-default\">N'H\u00c9SITEZ PAS<\/h3>\t\t\t\t<\/div>\n\t\t\t\t<\/div>\n\t\t\t\t<div class=\"elementor-element elementor-element-6669353 elementor-widget elementor-widget-heading\" data-id=\"6669353\" data-element_type=\"widget\" data-widget_type=\"heading.default\">\n\t\t\t\t<div class=\"elementor-widget-container\">\n\t\t\t\t\t<h2 class=\"elementor-heading-title elementor-size-default\">\u00c0 CONSULTER NOTRE <\/h2>\t\t\t\t<\/div>\n\t\t\t\t<\/div>\n\t\t\t\t<div class=\"elementor-element elementor-element-fe042b4 elementor-widget elementor-widget-heading\" data-id=\"fe042b4\" data-element_type=\"widget\" data-widget_type=\"heading.default\">\n\t\t\t\t<div class=\"elementor-widget-container\">\n\t\t\t\t\t<h2 class=\"elementor-heading-title elementor-size-default\">SITE E-COMMERCE<\/h2>\t\t\t\t<\/div>\n\t\t\t\t<\/div>\n\t\t\t\t<div class=\"elementor-element elementor-element-7bccfdc elementor-button-danger elementor-align-center elementor-widget elementor-widget-button\" data-id=\"7bccfdc\" data-element_type=\"widget\" data-widget_type=\"button.default\">\n\t\t\t\t<div class=\"elementor-widget-container\">\n\t\t\t\t\t\t\t\t\t<div class=\"elementor-button-wrapper\">\n\t\t\t\t\t<a class=\"elementor-button elementor-button-link elementor-size-xl\" href=\"https:\/\/k2group-distribution.fr\/\">\n\t\t\t\t\t\t<span class=\"elementor-button-content-wrapper\">\n\t\t\t\t\t\t<span class=\"elementor-button-icon\">\n\t\t\t\t<i aria-hidden=\"true\" class=\"fas fa-arrow-right\"><\/i>\t\t\t<\/span>\n\t\t\t\t\t\t\t\t\t<span class=\"elementor-button-text\">Consultez<\/span>\n\t\t\t\t\t<\/span>\n\t\t\t\t\t<\/a>\n\t\t\t\t<\/div>\n\t\t\t\t\t\t\t\t<\/div>\n\t\t\t\t<\/div>\n\t\t\t\t\t<\/div>\n\t\t<\/div>\n\t\t\t\t\t<\/div>\n\t\t<\/section>\n\t\t\t\t\t<\/div>\n\t\t<\/div>\n\t\t\t\t\t<\/div>\n\t\t<\/section>\n\t\t\t\t<\/div>\n\t\t","protected":false},"excerpt":{"rendered":"<p>Vid\u00e9osurveillance \u00e0 Fr\u00e9pillon Assurez la s\u00e9curit\u00e9 de vos biens et vos locaux Assurer la s\u00e9curit\u00e9 de vos locaux \u00e0 l\u2019aide\u2026<\/p>\n","protected":false},"author":1,"featured_media":0,"parent":0,"menu_order":0,"comment_status":"closed","ping_status":"closed","template":"","meta":{"site-sidebar-layout":"no-sidebar","site-content-layout":"page-builder","ast-global-header-display":"","ast-main-header-display":"","ast-hfb-above-header-display":"","ast-hfb-below-header-display":"","ast-hfb-mobile-header-display":"","site-post-title":"disabled","ast-breadcrumbs-content":"","ast-featured-img":"disabled","footer-sml-layout":"","theme-transparent-header-meta":"enabled","adv-header-id-meta":"","stick-header-meta":"","header-above-stick-meta":"","header-main-stick-meta":"","header-below-stick-meta":"","footnotes":""},"class_list":["post-1082","page","type-page","status-publish","hentry"],"yoast_head":"<!-- This site is optimized with the Yoast SEO plugin v24.7 - https:\/\/yoast.com\/wordpress\/plugins\/seo\/ -->\n<title>Syst\u00e8me de surveillance \u00e0 Fr\u00e9pillon | K2 Fr\u00e9pillon<\/title>\n<meta name=\"description\" content=\"K2, une entreprise de vid\u00e9osurveillance \u00e0 Limours qui propose la vente des meilleures syst\u00e8mes de s\u00e9curit\u00e9 : Alarmes, cam\u00e9ras de surveillance, contr\u00f4le d&#039;acc\u00e8s...\" \/>\n<meta name=\"robots\" content=\"index, follow, max-snippet:-1, max-image-preview:large, max-video-preview:-1\" \/>\n<link rel=\"canonical\" href=\"https:\/\/k2group.fr\/frepillon-95\/video-surveillance\/\" \/>\n<meta property=\"og:locale\" content=\"fr_FR\" \/>\n<meta property=\"og:type\" content=\"article\" \/>\n<meta property=\"og:title\" content=\"Syst\u00e8me de surveillance \u00e0 Fr\u00e9pillon | K2 Fr\u00e9pillon\" \/>\n<meta property=\"og:description\" content=\"K2, une entreprise de vid\u00e9osurveillance \u00e0 Limours qui propose la vente des meilleures syst\u00e8mes de s\u00e9curit\u00e9 : Alarmes, cam\u00e9ras de surveillance, contr\u00f4le d&#039;acc\u00e8s...\" \/>\n<meta property=\"og:url\" content=\"https:\/\/k2group.fr\/frepillon-95\/video-surveillance\/\" \/>\n<meta property=\"og:site_name\" content=\"k2 Fr\u00e9pillon 95\" \/>\n<meta property=\"article:modified_time\" content=\"2024-10-11T20:13:34+00:00\" \/>\n<meta property=\"og:image\" content=\"https:\/\/k2group.fr\/frepillon-95\/wp-content\/uploads\/sites\/7\/2022\/08\/VIDEOSURVEILLANCE-k2.webp\" \/>\n<meta name=\"twitter:card\" content=\"summary_large_image\" \/>\n<meta name=\"twitter:label1\" content=\"Dur\u00e9e de lecture estim\u00e9e\" \/>\n\t<meta name=\"twitter:data1\" content=\"3 minutes\" \/>\n<script type=\"application\/ld+json\" class=\"yoast-schema-graph\">{\"@context\":\"https:\/\/schema.org\",\"@graph\":[{\"@type\":\"WebPage\",\"@id\":\"https:\/\/k2group.fr\/frepillon-95\/video-surveillance\/\",\"url\":\"https:\/\/k2group.fr\/frepillon-95\/video-surveillance\/\",\"name\":\"Syst\u00e8me de surveillance \u00e0 Fr\u00e9pillon | K2 Fr\u00e9pillon\",\"isPartOf\":{\"@id\":\"https:\/\/k2group.fr\/frepillon-95\/#website\"},\"primaryImageOfPage\":{\"@id\":\"https:\/\/k2group.fr\/frepillon-95\/video-surveillance\/#primaryimage\"},\"image\":{\"@id\":\"https:\/\/k2group.fr\/frepillon-95\/video-surveillance\/#primaryimage\"},\"thumbnailUrl\":\"https:\/\/k2group.fr\/frepillon-95\/wp-content\/uploads\/sites\/7\/2022\/08\/VIDEOSURVEILLANCE-k2.webp\",\"datePublished\":\"2022-05-06T13:10:30+00:00\",\"dateModified\":\"2024-10-11T20:13:34+00:00\",\"description\":\"K2, une entreprise de vid\u00e9osurveillance \u00e0 Limours qui propose la vente des meilleures syst\u00e8mes de s\u00e9curit\u00e9 : Alarmes, cam\u00e9ras de surveillance, contr\u00f4le d'acc\u00e8s...\",\"breadcrumb\":{\"@id\":\"https:\/\/k2group.fr\/frepillon-95\/video-surveillance\/#breadcrumb\"},\"inLanguage\":\"fr-FR\",\"potentialAction\":[{\"@type\":\"ReadAction\",\"target\":[\"https:\/\/k2group.fr\/frepillon-95\/video-surveillance\/\"]}]},{\"@type\":\"ImageObject\",\"inLanguage\":\"fr-FR\",\"@id\":\"https:\/\/k2group.fr\/frepillon-95\/video-surveillance\/#primaryimage\",\"url\":\"https:\/\/k2group.fr\/frepillon-95\/wp-content\/uploads\/sites\/7\/2022\/08\/VIDEOSURVEILLANCE-k2.webp\",\"contentUrl\":\"https:\/\/k2group.fr\/frepillon-95\/wp-content\/uploads\/sites\/7\/2022\/08\/VIDEOSURVEILLANCE-k2.webp\",\"width\":637,\"height\":695},{\"@type\":\"BreadcrumbList\",\"@id\":\"https:\/\/k2group.fr\/frepillon-95\/video-surveillance\/#breadcrumb\",\"itemListElement\":[{\"@type\":\"ListItem\",\"position\":1,\"name\":\"Accueil\",\"item\":\"https:\/\/k2group.fr\/frepillon-95\/\"},{\"@type\":\"ListItem\",\"position\":2,\"name\":\"Vid\u00e9o surveillance \u00e0 Limours\"}]},{\"@type\":\"WebSite\",\"@id\":\"https:\/\/k2group.fr\/frepillon-95\/#website\",\"url\":\"https:\/\/k2group.fr\/frepillon-95\/\",\"name\":\"k2 Fr\u00e9pillon 95\",\"description\":\"Un site utilisant K2GROUP\",\"publisher\":{\"@id\":\"https:\/\/k2group.fr\/frepillon-95\/#organization\"},\"potentialAction\":[{\"@type\":\"SearchAction\",\"target\":{\"@type\":\"EntryPoint\",\"urlTemplate\":\"https:\/\/k2group.fr\/frepillon-95\/?s={search_term_string}\"},\"query-input\":{\"@type\":\"PropertyValueSpecification\",\"valueRequired\":true,\"valueName\":\"search_term_string\"}}],\"inLanguage\":\"fr-FR\"},{\"@type\":\"Organization\",\"@id\":\"https:\/\/k2group.fr\/frepillon-95\/#organization\",\"name\":\"k2 Fr\u00e9pillon 95\",\"url\":\"https:\/\/k2group.fr\/frepillon-95\/\",\"logo\":{\"@type\":\"ImageObject\",\"inLanguage\":\"fr-FR\",\"@id\":\"https:\/\/k2group.fr\/frepillon-95\/#\/schema\/logo\/image\/\",\"url\":\"https:\/\/k2group.fr\/frepillon-95\/wp-content\/uploads\/sites\/7\/2022\/05\/k2-logo.png\",\"contentUrl\":\"https:\/\/k2group.fr\/frepillon-95\/wp-content\/uploads\/sites\/7\/2022\/05\/k2-logo.png\",\"width\":580,\"height\":251,\"caption\":\"k2 Fr\u00e9pillon 95\"},\"image\":{\"@id\":\"https:\/\/k2group.fr\/frepillon-95\/#\/schema\/logo\/image\/\"}}]}<\/script>\n<!-- \/ Yoast SEO plugin. -->","yoast_head_json":{"title":"Syst\u00e8me de surveillance \u00e0 Fr\u00e9pillon | K2 Fr\u00e9pillon","description":"K2, une entreprise de vid\u00e9osurveillance \u00e0 Limours qui propose la vente des meilleures syst\u00e8mes de s\u00e9curit\u00e9 : Alarmes, cam\u00e9ras de surveillance, contr\u00f4le d'acc\u00e8s...","robots":{"index":"index","follow":"follow","max-snippet":"max-snippet:-1","max-image-preview":"max-image-preview:large","max-video-preview":"max-video-preview:-1"},"canonical":"https:\/\/k2group.fr\/frepillon-95\/video-surveillance\/","og_locale":"fr_FR","og_type":"article","og_title":"Syst\u00e8me de surveillance \u00e0 Fr\u00e9pillon | K2 Fr\u00e9pillon","og_description":"K2, une entreprise de vid\u00e9osurveillance \u00e0 Limours qui propose la vente des meilleures syst\u00e8mes de s\u00e9curit\u00e9 : Alarmes, cam\u00e9ras de surveillance, contr\u00f4le d'acc\u00e8s...","og_url":"https:\/\/k2group.fr\/frepillon-95\/video-surveillance\/","og_site_name":"k2 Fr\u00e9pillon 95","article_modified_time":"2024-10-11T20:13:34+00:00","og_image":[{"url":"https:\/\/k2group.fr\/frepillon-95\/wp-content\/uploads\/sites\/7\/2022\/08\/VIDEOSURVEILLANCE-k2.webp","type":"","width":"","height":""}],"twitter_card":"summary_large_image","twitter_misc":{"Dur\u00e9e de lecture estim\u00e9e":"3 minutes"},"schema":{"@context":"https:\/\/schema.org","@graph":[{"@type":"WebPage","@id":"https:\/\/k2group.fr\/frepillon-95\/video-surveillance\/","url":"https:\/\/k2group.fr\/frepillon-95\/video-surveillance\/","name":"Syst\u00e8me de surveillance \u00e0 Fr\u00e9pillon | K2 Fr\u00e9pillon","isPartOf":{"@id":"https:\/\/k2group.fr\/frepillon-95\/#website"},"primaryImageOfPage":{"@id":"https:\/\/k2group.fr\/frepillon-95\/video-surveillance\/#primaryimage"},"image":{"@id":"https:\/\/k2group.fr\/frepillon-95\/video-surveillance\/#primaryimage"},"thumbnailUrl":"https:\/\/k2group.fr\/frepillon-95\/wp-content\/uploads\/sites\/7\/2022\/08\/VIDEOSURVEILLANCE-k2.webp","datePublished":"2022-05-06T13:10:30+00:00","dateModified":"2024-10-11T20:13:34+00:00","description":"K2, une entreprise de vid\u00e9osurveillance \u00e0 Limours qui propose la vente des meilleures syst\u00e8mes de s\u00e9curit\u00e9 : Alarmes, cam\u00e9ras de surveillance, contr\u00f4le d'acc\u00e8s...","breadcrumb":{"@id":"https:\/\/k2group.fr\/frepillon-95\/video-surveillance\/#breadcrumb"},"inLanguage":"fr-FR","potentialAction":[{"@type":"ReadAction","target":["https:\/\/k2group.fr\/frepillon-95\/video-surveillance\/"]}]},{"@type":"ImageObject","inLanguage":"fr-FR","@id":"https:\/\/k2group.fr\/frepillon-95\/video-surveillance\/#primaryimage","url":"https:\/\/k2group.fr\/frepillon-95\/wp-content\/uploads\/sites\/7\/2022\/08\/VIDEOSURVEILLANCE-k2.webp","contentUrl":"https:\/\/k2group.fr\/frepillon-95\/wp-content\/uploads\/sites\/7\/2022\/08\/VIDEOSURVEILLANCE-k2.webp","width":637,"height":695},{"@type":"BreadcrumbList","@id":"https:\/\/k2group.fr\/frepillon-95\/video-surveillance\/#breadcrumb","itemListElement":[{"@type":"ListItem","position":1,"name":"Accueil","item":"https:\/\/k2group.fr\/frepillon-95\/"},{"@type":"ListItem","position":2,"name":"Vid\u00e9o surveillance \u00e0 Limours"}]},{"@type":"WebSite","@id":"https:\/\/k2group.fr\/frepillon-95\/#website","url":"https:\/\/k2group.fr\/frepillon-95\/","name":"k2 Fr\u00e9pillon 95","description":"Un site utilisant K2GROUP","publisher":{"@id":"https:\/\/k2group.fr\/frepillon-95\/#organization"},"potentialAction":[{"@type":"SearchAction","target":{"@type":"EntryPoint","urlTemplate":"https:\/\/k2group.fr\/frepillon-95\/?s={search_term_string}"},"query-input":{"@type":"PropertyValueSpecification","valueRequired":true,"valueName":"search_term_string"}}],"inLanguage":"fr-FR"},{"@type":"Organization","@id":"https:\/\/k2group.fr\/frepillon-95\/#organization","name":"k2 Fr\u00e9pillon 95","url":"https:\/\/k2group.fr\/frepillon-95\/","logo":{"@type":"ImageObject","inLanguage":"fr-FR","@id":"https:\/\/k2group.fr\/frepillon-95\/#\/schema\/logo\/image\/","url":"https:\/\/k2group.fr\/frepillon-95\/wp-content\/uploads\/sites\/7\/2022\/05\/k2-logo.png","contentUrl":"https:\/\/k2group.fr\/frepillon-95\/wp-content\/uploads\/sites\/7\/2022\/05\/k2-logo.png","width":580,"height":251,"caption":"k2 Fr\u00e9pillon 95"},"image":{"@id":"https:\/\/k2group.fr\/frepillon-95\/#\/schema\/logo\/image\/"}}]}},"_links":{"self":[{"href":"https:\/\/k2group.fr\/frepillon-95\/wp-json\/wp\/v2\/pages\/1082","targetHints":{"allow":["GET"]}}],"collection":[{"href":"https:\/\/k2group.fr\/frepillon-95\/wp-json\/wp\/v2\/pages"}],"about":[{"href":"https:\/\/k2group.fr\/frepillon-95\/wp-json\/wp\/v2\/types\/page"}],"author":[{"embeddable":true,"href":"https:\/\/k2group.fr\/frepillon-95\/wp-json\/wp\/v2\/users\/1"}],"replies":[{"embeddable":true,"href":"https:\/\/k2group.fr\/frepillon-95\/wp-json\/wp\/v2\/comments?post=1082"}],"version-history":[{"count":86,"href":"https:\/\/k2group.fr\/frepillon-95\/wp-json\/wp\/v2\/pages\/1082\/revisions"}],"predecessor-version":[{"id":1784,"href":"https:\/\/k2group.fr\/frepillon-95\/wp-json\/wp\/v2\/pages\/1082\/revisions\/1784"}],"wp:attachment":[{"href":"https:\/\/k2group.fr\/frepillon-95\/wp-json\/wp\/v2\/media?parent=1082"}],"curies":[{"name":"wp","href":"https:\/\/api.w.org\/{rel}","templated":true}]}}