{"id":1312,"date":"2022-05-04T11:00:33","date_gmt":"2022-05-04T09:00:33","guid":{"rendered":"https:\/\/k2group.fr\/paris\/?page_id=1312"},"modified":"2024-04-17T11:32:14","modified_gmt":"2024-04-17T09:32:14","slug":"gravure-laser","status":"publish","type":"page","link":"https:\/\/k2group.fr\/paris\/gravure-laser\/","title":{"rendered":"Gravure laser \u00e0 Paris"},"content":{"rendered":"\t\t<div data-elementor-type=\"wp-page\" data-elementor-id=\"1312\" class=\"elementor elementor-1312\">\n\t\t\t\t\t\t<section class=\"elementor-section elementor-top-section elementor-element elementor-element-89470ea elementor-section-height-min-height elementor-section-items-top elementor-section-boxed elementor-section-height-default\" data-id=\"89470ea\" data-element_type=\"section\" data-settings=\"{&quot;background_background&quot;:&quot;classic&quot;}\">\n\t\t\t\t\t\t\t<div class=\"elementor-background-overlay\"><\/div>\n\t\t\t\t\t\t\t<div class=\"elementor-container elementor-column-gap-default\">\n\t\t\t\t\t<div class=\"elementor-column elementor-col-100 elementor-top-column elementor-element elementor-element-596e338\" data-id=\"596e338\" data-element_type=\"column\">\n\t\t\t<div class=\"elementor-widget-wrap elementor-element-populated\">\n\t\t\t\t\t\t<div class=\"elementor-element elementor-element-86fda4a elementor-widget elementor-widget-image-box\" data-id=\"86fda4a\" data-element_type=\"widget\" data-widget_type=\"image-box.default\">\n\t\t\t\t<div class=\"elementor-widget-container\">\n\t\t\t\t\t<div class=\"elementor-image-box-wrapper\"><div class=\"elementor-image-box-content\"><h1 class=\"elementor-image-box-title\">GRAVURE LASER<br> \u00e0 Paris<\/h1><\/div><\/div>\t\t\t\t<\/div>\n\t\t\t\t<\/div>\n\t\t\t\t\t<\/div>\n\t\t<\/div>\n\t\t\t\t\t<\/div>\n\t\t<\/section>\n\t\t\t\t<section class=\"elementor-section elementor-top-section elementor-element elementor-element-eafb22d elementor-section-content-middle elementor-section-boxed elementor-section-height-default elementor-section-height-default\" data-id=\"eafb22d\" data-element_type=\"section\" data-settings=\"{&quot;background_background&quot;:&quot;classic&quot;}\">\n\t\t\t\t\t\t<div class=\"elementor-container elementor-column-gap-no\">\n\t\t\t\t\t<div class=\"elementor-column elementor-col-50 elementor-top-column elementor-element elementor-element-d04299c\" data-id=\"d04299c\" data-element_type=\"column\">\n\t\t\t<div class=\"elementor-widget-wrap elementor-element-populated\">\n\t\t\t\t\t\t<div class=\"elementor-element elementor-element-38848ad elementor-widget elementor-widget-heading\" data-id=\"38848ad\" data-element_type=\"widget\" data-widget_type=\"heading.default\">\n\t\t\t\t<div class=\"elementor-widget-container\">\n\t\t\t\t\t<h2 class=\"elementor-heading-title elementor-size-default\">Un marquage industriel parfait en toute s\u00e9curit\u00e9<\/h2>\t\t\t\t<\/div>\n\t\t\t\t<\/div>\n\t\t\t\t<div class=\"elementor-element elementor-element-bcc296c elementor-widget elementor-widget-text-editor\" data-id=\"bcc296c\" data-element_type=\"widget\" data-widget_type=\"text-editor.default\">\n\t\t\t\t<div class=\"elementor-widget-container\">\n\t\t\t\t\t\t\t\t\t<p>K2 Paris met \u00e0 votre disposition un service de gravure d\u2019\u00e9tiquettes de marquage.<br>\n<br><br>L\u2019utilisation d\u2019\u00e9tiquettes est tr\u00e8s utile dans le domaine des r\u00e9seaux de t\u00e9l\u00e9com pour identifier et marquer les c\u00e2bles, les fils, les poteaux, les chambres, les PBO etc.<br>\n<br><br>Gr\u00e2ce \u00e0 la technologie laser DPSS, nous sommes \u00e0 votre disposition pour r\u00e9aliser une gravure de haute pr\u00e9cision de vos \u00e9tiquettes sur divers plans de gravure comme le plastique, le m\u00e9tal, le cuivre, l\u2019inox, l\u2019acier, l\u2019aluminium en un temps record.<\/p>\t\t\t\t\t\t\t\t<\/div>\n\t\t\t\t<\/div>\n\t\t\t\t\t<\/div>\n\t\t<\/div>\n\t\t\t\t<div class=\"elementor-column elementor-col-50 elementor-top-column elementor-element elementor-element-d87ceee\" data-id=\"d87ceee\" data-element_type=\"column\">\n\t\t\t<div class=\"elementor-widget-wrap elementor-element-populated\">\n\t\t\t\t\t\t<div class=\"elementor-element elementor-element-6352600 elementor-widget elementor-widget-image\" data-id=\"6352600\" data-element_type=\"widget\" data-widget_type=\"image.default\">\n\t\t\t\t<div class=\"elementor-widget-container\">\n\t\t\t\t\t\t\t\t\t\t\t\t\t\t\t<img fetchpriority=\"high\" decoding=\"async\" width=\"459\" height=\"500\" src=\"https:\/\/k2group.fr\/paris\/wp-content\/uploads\/sites\/4\/2022\/05\/UN-MARQUAGE-k2groupe.webp\" class=\"attachment-full size-full wp-image-2044\" alt=\"\" srcset=\"https:\/\/k2group.fr\/paris\/wp-content\/uploads\/sites\/4\/2022\/05\/UN-MARQUAGE-k2groupe.webp 459w, https:\/\/k2group.fr\/paris\/wp-content\/uploads\/sites\/4\/2022\/05\/UN-MARQUAGE-k2groupe-275x300.webp 275w\" sizes=\"(max-width: 459px) 100vw, 459px\" \/>\t\t\t\t\t\t\t\t\t\t\t\t\t\t\t<\/div>\n\t\t\t\t<\/div>\n\t\t\t\t\t<\/div>\n\t\t<\/div>\n\t\t\t\t\t<\/div>\n\t\t<\/section>\n\t\t\t\t<section class=\"elementor-section elementor-top-section elementor-element elementor-element-be30b7f elementor-section-content-middle elementor-section-boxed elementor-section-height-default elementor-section-height-default\" data-id=\"be30b7f\" data-element_type=\"section\" data-settings=\"{&quot;background_background&quot;:&quot;classic&quot;}\">\n\t\t\t\t\t\t<div class=\"elementor-container elementor-column-gap-no\">\n\t\t\t\t\t<div class=\"elementor-column elementor-col-50 elementor-top-column elementor-element elementor-element-e7c64e9\" data-id=\"e7c64e9\" data-element_type=\"column\">\n\t\t\t<div class=\"elementor-widget-wrap elementor-element-populated\">\n\t\t\t\t\t\t<div class=\"elementor-element elementor-element-9478f1d elementor-widget elementor-widget-image\" data-id=\"9478f1d\" data-element_type=\"widget\" data-widget_type=\"image.default\">\n\t\t\t\t<div class=\"elementor-widget-container\">\n\t\t\t\t\t\t\t\t\t\t\t\t\t\t\t<img decoding=\"async\" width=\"459\" height=\"500\" src=\"https:\/\/k2group.fr\/paris\/wp-content\/uploads\/sites\/4\/2022\/05\/Groupe-de-masques-40.webp\" class=\"attachment-full size-full wp-image-1326\" alt=\"\" srcset=\"https:\/\/k2group.fr\/paris\/wp-content\/uploads\/sites\/4\/2022\/05\/Groupe-de-masques-40.webp 459w, https:\/\/k2group.fr\/paris\/wp-content\/uploads\/sites\/4\/2022\/05\/Groupe-de-masques-40-275x300.webp 275w\" sizes=\"(max-width: 459px) 100vw, 459px\" \/>\t\t\t\t\t\t\t\t\t\t\t\t\t\t\t<\/div>\n\t\t\t\t<\/div>\n\t\t\t\t\t<\/div>\n\t\t<\/div>\n\t\t\t\t<div class=\"elementor-column elementor-col-50 elementor-top-column elementor-element elementor-element-73b46b0\" data-id=\"73b46b0\" data-element_type=\"column\">\n\t\t\t<div class=\"elementor-widget-wrap elementor-element-populated\">\n\t\t\t\t\t\t<div class=\"elementor-element elementor-element-3641cdf elementor-widget elementor-widget-heading\" data-id=\"3641cdf\" data-element_type=\"widget\" data-widget_type=\"heading.default\">\n\t\t\t\t<div class=\"elementor-widget-container\">\n\t\t\t\t\t<h2 class=\"elementor-heading-title elementor-size-default\">un excellent travail r\u00e9alis\u00e9 en un temps record<\/h2>\t\t\t\t<\/div>\n\t\t\t\t<\/div>\n\t\t\t\t<div class=\"elementor-element elementor-element-9b60c9b elementor-widget elementor-widget-text-editor\" data-id=\"9b60c9b\" data-element_type=\"widget\" data-widget_type=\"text-editor.default\">\n\t\t\t\t<div class=\"elementor-widget-container\">\n\t\t\t\t\t\t\t\t\t<p>Gr\u00e2ce \u00e0 notre machine de gravure laser rapide, l\u2019\u00e9quipe K2 Paris permet de charger, stocker et graver une grande quantit\u00e9 d\u2019\u00e9tiquettes.<br \/><br \/>Nous vous effectuons un marquage d\u2019une grande vari\u00e9t\u00e9 d\u2019objets : des petites aux grandes pi\u00e8ces aux formes simples ou plus complexes sur tout type de m\u00e9taux.<br \/><br \/>Concr\u00e8tement, nos \u00e9quipes K2 vous livre des gravures claires, parfaitement lisibles et durables sur tout type d\u2019\u00e9tiquettes.<br \/><br \/>Alors, contactez-nous et optez pour des gravures personnalis\u00e9es en toute simplicit\u00e9 \u00e0 des prix attractifs.<\/p>\t\t\t\t\t\t\t\t<\/div>\n\t\t\t\t<\/div>\n\t\t\t\t\t<\/div>\n\t\t<\/div>\n\t\t\t\t\t<\/div>\n\t\t<\/section>\n\t\t\t\t<section class=\"elementor-section elementor-top-section elementor-element elementor-element-1c3aa19 elementor-section-boxed elementor-section-height-default elementor-section-height-default\" data-id=\"1c3aa19\" data-element_type=\"section\" data-settings=\"{&quot;background_background&quot;:&quot;classic&quot;}\">\n\t\t\t\t\t\t<div class=\"elementor-container elementor-column-gap-default\">\n\t\t\t\t\t<div class=\"elementor-column elementor-col-100 elementor-top-column elementor-element elementor-element-e885a03\" data-id=\"e885a03\" data-element_type=\"column\">\n\t\t\t<div class=\"elementor-widget-wrap elementor-element-populated\">\n\t\t\t\t\t\t<section class=\"elementor-section elementor-inner-section elementor-element elementor-element-79be0a5 elementor-section-boxed elementor-section-height-default elementor-section-height-default\" data-id=\"79be0a5\" data-element_type=\"section\" data-settings=\"{&quot;background_background&quot;:&quot;classic&quot;}\">\n\t\t\t\t\t\t<div class=\"elementor-container elementor-column-gap-default\">\n\t\t\t\t\t<div class=\"elementor-column elementor-col-50 elementor-inner-column elementor-element elementor-element-cef6d1b\" data-id=\"cef6d1b\" data-element_type=\"column\">\n\t\t\t<div class=\"elementor-widget-wrap elementor-element-populated\">\n\t\t\t\t\t\t<div class=\"elementor-element elementor-element-e46e5a0 elementor-absolute elementor-widget elementor-widget-image\" data-id=\"e46e5a0\" data-element_type=\"widget\" data-settings=\"{&quot;_position&quot;:&quot;absolute&quot;}\" data-widget_type=\"image.default\">\n\t\t\t\t<div class=\"elementor-widget-container\">\n\t\t\t\t\t\t\t\t\t\t\t\t\t\t\t<img decoding=\"async\" width=\"753\" height=\"680\" src=\"https:\/\/k2group.fr\/paris\/wp-content\/uploads\/sites\/4\/2024\/04\/catalogue-pack-metiers-K2.webp\" class=\"attachment-full size-full wp-image-2512\" alt=\"\" srcset=\"https:\/\/k2group.fr\/paris\/wp-content\/uploads\/sites\/4\/2024\/04\/catalogue-pack-metiers-K2.webp 753w, https:\/\/k2group.fr\/paris\/wp-content\/uploads\/sites\/4\/2024\/04\/catalogue-pack-metiers-K2-300x271.webp 300w\" sizes=\"(max-width: 753px) 100vw, 753px\" \/>\t\t\t\t\t\t\t\t\t\t\t\t\t\t\t<\/div>\n\t\t\t\t<\/div>\n\t\t\t\t\t<\/div>\n\t\t<\/div>\n\t\t\t\t<div class=\"elementor-column elementor-col-50 elementor-inner-column elementor-element elementor-element-f549d24\" data-id=\"f549d24\" data-element_type=\"column\">\n\t\t\t<div class=\"elementor-widget-wrap elementor-element-populated\">\n\t\t\t\t\t\t<div class=\"elementor-element elementor-element-de40306 elementor-widget elementor-widget-heading\" data-id=\"de40306\" data-element_type=\"widget\" data-widget_type=\"heading.default\">\n\t\t\t\t<div class=\"elementor-widget-container\">\n\t\t\t\t\t<h3 class=\"elementor-heading-title elementor-size-default\">NOTRE CATALOGUE<\/h3>\t\t\t\t<\/div>\n\t\t\t\t<\/div>\n\t\t\t\t<div class=\"elementor-element elementor-element-bb6fe92 elementor-widget elementor-widget-text-editor\" data-id=\"bb6fe92\" data-element_type=\"widget\" data-widget_type=\"text-editor.default\">\n\t\t\t\t<div class=\"elementor-widget-container\">\n\t\t\t\t\t\t\t\t\tD\u00e9couvrez notre dernier catalogue <br>et nos HDN d\u00e9di\u00e9s aux professionels.\t\t\t\t\t\t\t\t<\/div>\n\t\t\t\t<\/div>\n\t\t\t\t<div class=\"elementor-element elementor-element-5ca2de7 elementor-widget elementor-widget-button\" data-id=\"5ca2de7\" data-element_type=\"widget\" data-widget_type=\"button.default\">\n\t\t\t\t<div class=\"elementor-widget-container\">\n\t\t\t\t\t\t\t\t\t<div class=\"elementor-button-wrapper\">\n\t\t\t\t\t<a class=\"elementor-button elementor-button-link elementor-size-sm\" href=\"https:\/\/k2group.fr\/catalogue\/k2\/index.html\">\n\t\t\t\t\t\t<span class=\"elementor-button-content-wrapper\">\n\t\t\t\t\t\t<span class=\"elementor-button-icon\">\n\t\t\t\t<i aria-hidden=\"true\" class=\"fas fa-arrow-right\"><\/i>\t\t\t<\/span>\n\t\t\t\t\t\t\t\t\t<span class=\"elementor-button-text\">Consulter<\/span>\n\t\t\t\t\t<\/span>\n\t\t\t\t\t<\/a>\n\t\t\t\t<\/div>\n\t\t\t\t\t\t\t\t<\/div>\n\t\t\t\t<\/div>\n\t\t\t\t\t<\/div>\n\t\t<\/div>\n\t\t\t\t\t<\/div>\n\t\t<\/section>\n\t\t\t\t\t<\/div>\n\t\t<\/div>\n\t\t\t\t\t<\/div>\n\t\t<\/section>\n\t\t\t\t<\/div>\n\t\t","protected":false},"excerpt":{"rendered":"<p>GRAVURE LASER \u00e0 Paris Un marquage industriel parfait en toute s\u00e9curit\u00e9 K2 Paris met \u00e0 votre disposition un service de\u2026<\/p>\n","protected":false},"author":1,"featured_media":0,"parent":0,"menu_order":0,"comment_status":"closed","ping_status":"closed","template":"","meta":{"site-sidebar-layout":"no-sidebar","site-content-layout":"page-builder","ast-global-header-display":"","ast-main-header-display":"","ast-hfb-above-header-display":"","ast-hfb-below-header-display":"","ast-hfb-mobile-header-display":"","site-post-title":"disabled","ast-breadcrumbs-content":"","ast-featured-img":"disabled","footer-sml-layout":"","theme-transparent-header-meta":"enabled","adv-header-id-meta":"","stick-header-meta":"","header-above-stick-meta":"","header-main-stick-meta":"","header-below-stick-meta":"","footnotes":""},"class_list":["post-1312","page","type-page","status-publish","hentry"],"yoast_head":"<!-- This site is optimized with the Yoast SEO plugin v24.7 - https:\/\/yoast.com\/wordpress\/plugins\/seo\/ -->\n<title>Gravure laser \u00e0 Paris | K2 Paris<\/title>\n<meta name=\"description\" content=\"K2 Paris vous offre un service de gravure laser \u00e0 Paris pour marquer vos \u00e9tiquettes en m\u00e9tal ou en plastique.\" \/>\n<meta name=\"robots\" content=\"index, follow, max-snippet:-1, max-image-preview:large, max-video-preview:-1\" \/>\n<link rel=\"canonical\" href=\"https:\/\/k2group.fr\/paris\/gravure-laser\/\" \/>\n<meta property=\"og:locale\" content=\"fr_FR\" \/>\n<meta property=\"og:type\" content=\"article\" \/>\n<meta property=\"og:title\" content=\"Gravure laser \u00e0 Paris | K2 Paris\" \/>\n<meta property=\"og:description\" content=\"K2 Paris vous offre un service de gravure laser \u00e0 Paris pour marquer vos \u00e9tiquettes en m\u00e9tal ou en plastique.\" \/>\n<meta property=\"og:url\" content=\"https:\/\/k2group.fr\/paris\/gravure-laser\/\" \/>\n<meta property=\"og:site_name\" content=\"k2 paris\" \/>\n<meta property=\"article:modified_time\" content=\"2024-04-17T09:32:14+00:00\" \/>\n<meta property=\"og:image\" content=\"https:\/\/k2group.fr\/paris\/wp-content\/uploads\/sites\/4\/2022\/05\/UN-MARQUAGE-k2groupe.webp\" \/>\n<meta name=\"twitter:card\" content=\"summary_large_image\" \/>\n<meta name=\"twitter:label1\" content=\"Dur\u00e9e de lecture estim\u00e9e\" \/>\n\t<meta name=\"twitter:data1\" content=\"2 minutes\" \/>\n<script type=\"application\/ld+json\" class=\"yoast-schema-graph\">{\"@context\":\"https:\/\/schema.org\",\"@graph\":[{\"@type\":\"WebPage\",\"@id\":\"https:\/\/k2group.fr\/paris\/gravure-laser\/\",\"url\":\"https:\/\/k2group.fr\/paris\/gravure-laser\/\",\"name\":\"Gravure laser \u00e0 Paris | K2 Paris\",\"isPartOf\":{\"@id\":\"https:\/\/k2group.fr\/paris\/#website\"},\"primaryImageOfPage\":{\"@id\":\"https:\/\/k2group.fr\/paris\/gravure-laser\/#primaryimage\"},\"image\":{\"@id\":\"https:\/\/k2group.fr\/paris\/gravure-laser\/#primaryimage\"},\"thumbnailUrl\":\"https:\/\/k2group.fr\/paris\/wp-content\/uploads\/sites\/4\/2022\/05\/UN-MARQUAGE-k2groupe.webp\",\"datePublished\":\"2022-05-04T09:00:33+00:00\",\"dateModified\":\"2024-04-17T09:32:14+00:00\",\"description\":\"K2 Paris vous offre un service de gravure laser \u00e0 Paris pour marquer vos \u00e9tiquettes en m\u00e9tal ou en plastique.\",\"breadcrumb\":{\"@id\":\"https:\/\/k2group.fr\/paris\/gravure-laser\/#breadcrumb\"},\"inLanguage\":\"fr-FR\",\"potentialAction\":[{\"@type\":\"ReadAction\",\"target\":[\"https:\/\/k2group.fr\/paris\/gravure-laser\/\"]}]},{\"@type\":\"ImageObject\",\"inLanguage\":\"fr-FR\",\"@id\":\"https:\/\/k2group.fr\/paris\/gravure-laser\/#primaryimage\",\"url\":\"https:\/\/k2group.fr\/paris\/wp-content\/uploads\/sites\/4\/2022\/05\/UN-MARQUAGE-k2groupe.webp\",\"contentUrl\":\"https:\/\/k2group.fr\/paris\/wp-content\/uploads\/sites\/4\/2022\/05\/UN-MARQUAGE-k2groupe.webp\",\"width\":459,\"height\":500},{\"@type\":\"BreadcrumbList\",\"@id\":\"https:\/\/k2group.fr\/paris\/gravure-laser\/#breadcrumb\",\"itemListElement\":[{\"@type\":\"ListItem\",\"position\":1,\"name\":\"Accueil\",\"item\":\"https:\/\/k2group.fr\/paris\/\"},{\"@type\":\"ListItem\",\"position\":2,\"name\":\"Gravure laser \u00e0 Paris\"}]},{\"@type\":\"WebSite\",\"@id\":\"https:\/\/k2group.fr\/paris\/#website\",\"url\":\"https:\/\/k2group.fr\/paris\/\",\"name\":\"k2 paris\",\"description\":\"Un site utilisant K2GROUP\",\"publisher\":{\"@id\":\"https:\/\/k2group.fr\/paris\/#organization\"},\"potentialAction\":[{\"@type\":\"SearchAction\",\"target\":{\"@type\":\"EntryPoint\",\"urlTemplate\":\"https:\/\/k2group.fr\/paris\/?s={search_term_string}\"},\"query-input\":{\"@type\":\"PropertyValueSpecification\",\"valueRequired\":true,\"valueName\":\"search_term_string\"}}],\"inLanguage\":\"fr-FR\"},{\"@type\":\"Organization\",\"@id\":\"https:\/\/k2group.fr\/paris\/#organization\",\"name\":\"k2 paris\",\"url\":\"https:\/\/k2group.fr\/paris\/\",\"logo\":{\"@type\":\"ImageObject\",\"inLanguage\":\"fr-FR\",\"@id\":\"https:\/\/k2group.fr\/paris\/#\/schema\/logo\/image\/\",\"url\":\"https:\/\/k2group.fr\/paris\/wp-content\/uploads\/sites\/4\/2022\/04\/k2-logo.png\",\"contentUrl\":\"https:\/\/k2group.fr\/paris\/wp-content\/uploads\/sites\/4\/2022\/04\/k2-logo.png\",\"width\":580,\"height\":251,\"caption\":\"k2 paris\"},\"image\":{\"@id\":\"https:\/\/k2group.fr\/paris\/#\/schema\/logo\/image\/\"}}]}<\/script>\n<!-- \/ Yoast SEO plugin. -->","yoast_head_json":{"title":"Gravure laser \u00e0 Paris | K2 Paris","description":"K2 Paris vous offre un service de gravure laser \u00e0 Paris pour marquer vos \u00e9tiquettes en m\u00e9tal ou en plastique.","robots":{"index":"index","follow":"follow","max-snippet":"max-snippet:-1","max-image-preview":"max-image-preview:large","max-video-preview":"max-video-preview:-1"},"canonical":"https:\/\/k2group.fr\/paris\/gravure-laser\/","og_locale":"fr_FR","og_type":"article","og_title":"Gravure laser \u00e0 Paris | K2 Paris","og_description":"K2 Paris vous offre un service de gravure laser \u00e0 Paris pour marquer vos \u00e9tiquettes en m\u00e9tal ou en plastique.","og_url":"https:\/\/k2group.fr\/paris\/gravure-laser\/","og_site_name":"k2 paris","article_modified_time":"2024-04-17T09:32:14+00:00","og_image":[{"url":"https:\/\/k2group.fr\/paris\/wp-content\/uploads\/sites\/4\/2022\/05\/UN-MARQUAGE-k2groupe.webp","type":"","width":"","height":""}],"twitter_card":"summary_large_image","twitter_misc":{"Dur\u00e9e de lecture estim\u00e9e":"2 minutes"},"schema":{"@context":"https:\/\/schema.org","@graph":[{"@type":"WebPage","@id":"https:\/\/k2group.fr\/paris\/gravure-laser\/","url":"https:\/\/k2group.fr\/paris\/gravure-laser\/","name":"Gravure laser \u00e0 Paris | K2 Paris","isPartOf":{"@id":"https:\/\/k2group.fr\/paris\/#website"},"primaryImageOfPage":{"@id":"https:\/\/k2group.fr\/paris\/gravure-laser\/#primaryimage"},"image":{"@id":"https:\/\/k2group.fr\/paris\/gravure-laser\/#primaryimage"},"thumbnailUrl":"https:\/\/k2group.fr\/paris\/wp-content\/uploads\/sites\/4\/2022\/05\/UN-MARQUAGE-k2groupe.webp","datePublished":"2022-05-04T09:00:33+00:00","dateModified":"2024-04-17T09:32:14+00:00","description":"K2 Paris vous offre un service de gravure laser \u00e0 Paris pour marquer vos \u00e9tiquettes en m\u00e9tal ou en plastique.","breadcrumb":{"@id":"https:\/\/k2group.fr\/paris\/gravure-laser\/#breadcrumb"},"inLanguage":"fr-FR","potentialAction":[{"@type":"ReadAction","target":["https:\/\/k2group.fr\/paris\/gravure-laser\/"]}]},{"@type":"ImageObject","inLanguage":"fr-FR","@id":"https:\/\/k2group.fr\/paris\/gravure-laser\/#primaryimage","url":"https:\/\/k2group.fr\/paris\/wp-content\/uploads\/sites\/4\/2022\/05\/UN-MARQUAGE-k2groupe.webp","contentUrl":"https:\/\/k2group.fr\/paris\/wp-content\/uploads\/sites\/4\/2022\/05\/UN-MARQUAGE-k2groupe.webp","width":459,"height":500},{"@type":"BreadcrumbList","@id":"https:\/\/k2group.fr\/paris\/gravure-laser\/#breadcrumb","itemListElement":[{"@type":"ListItem","position":1,"name":"Accueil","item":"https:\/\/k2group.fr\/paris\/"},{"@type":"ListItem","position":2,"name":"Gravure laser \u00e0 Paris"}]},{"@type":"WebSite","@id":"https:\/\/k2group.fr\/paris\/#website","url":"https:\/\/k2group.fr\/paris\/","name":"k2 paris","description":"Un site utilisant K2GROUP","publisher":{"@id":"https:\/\/k2group.fr\/paris\/#organization"},"potentialAction":[{"@type":"SearchAction","target":{"@type":"EntryPoint","urlTemplate":"https:\/\/k2group.fr\/paris\/?s={search_term_string}"},"query-input":{"@type":"PropertyValueSpecification","valueRequired":true,"valueName":"search_term_string"}}],"inLanguage":"fr-FR"},{"@type":"Organization","@id":"https:\/\/k2group.fr\/paris\/#organization","name":"k2 paris","url":"https:\/\/k2group.fr\/paris\/","logo":{"@type":"ImageObject","inLanguage":"fr-FR","@id":"https:\/\/k2group.fr\/paris\/#\/schema\/logo\/image\/","url":"https:\/\/k2group.fr\/paris\/wp-content\/uploads\/sites\/4\/2022\/04\/k2-logo.png","contentUrl":"https:\/\/k2group.fr\/paris\/wp-content\/uploads\/sites\/4\/2022\/04\/k2-logo.png","width":580,"height":251,"caption":"k2 paris"},"image":{"@id":"https:\/\/k2group.fr\/paris\/#\/schema\/logo\/image\/"}}]}},"_links":{"self":[{"href":"https:\/\/k2group.fr\/paris\/wp-json\/wp\/v2\/pages\/1312","targetHints":{"allow":["GET"]}}],"collection":[{"href":"https:\/\/k2group.fr\/paris\/wp-json\/wp\/v2\/pages"}],"about":[{"href":"https:\/\/k2group.fr\/paris\/wp-json\/wp\/v2\/types\/page"}],"author":[{"embeddable":true,"href":"https:\/\/k2group.fr\/paris\/wp-json\/wp\/v2\/users\/1"}],"replies":[{"embeddable":true,"href":"https:\/\/k2group.fr\/paris\/wp-json\/wp\/v2\/comments?post=1312"}],"version-history":[{"count":183,"href":"https:\/\/k2group.fr\/paris\/wp-json\/wp\/v2\/pages\/1312\/revisions"}],"predecessor-version":[{"id":2525,"href":"https:\/\/k2group.fr\/paris\/wp-json\/wp\/v2\/pages\/1312\/revisions\/2525"}],"wp:attachment":[{"href":"https:\/\/k2group.fr\/paris\/wp-json\/wp\/v2\/media?parent=1312"}],"curies":[{"name":"wp","href":"https:\/\/api.w.org\/{rel}","templated":true}]}}