{"id":1513,"date":"2022-05-04T18:20:15","date_gmt":"2022-05-04T16:20:15","guid":{"rendered":"https:\/\/k2group.fr\/paris\/?page_id=1513"},"modified":"2024-04-17T11:32:12","modified_gmt":"2024-04-17T09:32:12","slug":"location-materiel-fibre-optique","status":"publish","type":"page","link":"https:\/\/k2group.fr\/paris\/location-materiel-fibre-optique\/","title":{"rendered":"Location mat\u00e9riel fibre optique \u00e0 Paris"},"content":{"rendered":"\t\t<div data-elementor-type=\"wp-page\" data-elementor-id=\"1513\" class=\"elementor elementor-1513\">\n\t\t\t\t\t\t<section class=\"elementor-section elementor-top-section elementor-element elementor-element-7886c6c elementor-section-height-min-height elementor-section-items-top elementor-section-boxed elementor-section-height-default\" data-id=\"7886c6c\" data-element_type=\"section\" data-settings=\"{&quot;background_background&quot;:&quot;classic&quot;}\">\n\t\t\t\t\t\t\t<div class=\"elementor-background-overlay\"><\/div>\n\t\t\t\t\t\t\t<div class=\"elementor-container elementor-column-gap-default\">\n\t\t\t\t\t<div class=\"elementor-column elementor-col-100 elementor-top-column elementor-element elementor-element-b1343e9\" data-id=\"b1343e9\" data-element_type=\"column\">\n\t\t\t<div class=\"elementor-widget-wrap elementor-element-populated\">\n\t\t\t\t\t\t<div class=\"elementor-element elementor-element-47270b1 elementor-widget elementor-widget-image-box\" data-id=\"47270b1\" data-element_type=\"widget\" data-widget_type=\"image-box.default\">\n\t\t\t\t<div class=\"elementor-widget-container\">\n\t\t\t\t\t<div class=\"elementor-image-box-wrapper\"><div class=\"elementor-image-box-content\"><h1 class=\"elementor-image-box-title\">Location mat\u00e9riel fibre optique \u00e0 Paris<\/h1><\/div><\/div>\t\t\t\t<\/div>\n\t\t\t\t<\/div>\n\t\t\t\t\t<\/div>\n\t\t<\/div>\n\t\t\t\t\t<\/div>\n\t\t<\/section>\n\t\t\t\t<section class=\"elementor-section elementor-top-section elementor-element elementor-element-eafb22d elementor-section-content-middle elementor-section-boxed elementor-section-height-default elementor-section-height-default\" data-id=\"eafb22d\" data-element_type=\"section\" data-settings=\"{&quot;background_background&quot;:&quot;classic&quot;}\">\n\t\t\t\t\t\t<div class=\"elementor-container elementor-column-gap-no\">\n\t\t\t\t\t<div class=\"elementor-column elementor-col-50 elementor-top-column elementor-element elementor-element-d04299c\" data-id=\"d04299c\" data-element_type=\"column\">\n\t\t\t<div class=\"elementor-widget-wrap elementor-element-populated\">\n\t\t\t\t\t\t<div class=\"elementor-element elementor-element-38848ad elementor-widget elementor-widget-heading\" data-id=\"38848ad\" data-element_type=\"widget\" data-widget_type=\"heading.default\">\n\t\t\t\t<div class=\"elementor-widget-container\">\n\t\t\t\t\t<h2 class=\"elementor-heading-title elementor-size-default\">Des solutions id\u00e9ales pour les auto-entrepreneurs<\/h2>\t\t\t\t<\/div>\n\t\t\t\t<\/div>\n\t\t\t\t<div class=\"elementor-element elementor-element-bcc296c elementor-widget elementor-widget-text-editor\" data-id=\"bcc296c\" data-element_type=\"widget\" data-widget_type=\"text-editor.default\">\n\t\t\t\t<div class=\"elementor-widget-container\">\n\t\t\t\t\t\t\t\t\tK2 Paris s\u2019adresse \u00e0 tous les professionnels fran\u00e7ais de la fibre optique pour offrir une gamme de services et de produits n\u00e9cessaire au bon d\u00e9roulement de leurs projets.\n<br><br>\nAchetez o\u00f9 louer du mat\u00e9riel pour vos travaux de raccordement de fibre optique \u00e0 Paris.\n<br><br>\nLouez les meilleurs \u00e9quipements de fibre optique \u00e0 des prix incomparables et d\u00e9ployer vos projets dans les meilleures conditions possibles.\n<br><br>\nNos service de locations d\u2019\u00e9quipements de fibre optique \u00e0 Paris, offre aux auto-entrepreneurs et aux professionnels de louer facilement en quelques d\u00e9marches du mat\u00e9riel de haute gamme tels que\u00a0:\n<br><br>\nLes soudeuses, les cliveuses, les d\u00e9rouleurs, les perforateurs, les photom\u00e8tres, les \u00e9chelles Les v\u00e9hicules utilitaires, nacelle, habits de s\u00e9curit\u00e9\u2026\t\t\t\t\t\t\t\t<\/div>\n\t\t\t\t<\/div>\n\t\t\t\t\t<\/div>\n\t\t<\/div>\n\t\t\t\t<div class=\"elementor-column elementor-col-50 elementor-top-column elementor-element elementor-element-d87ceee\" data-id=\"d87ceee\" data-element_type=\"column\">\n\t\t\t<div class=\"elementor-widget-wrap elementor-element-populated\">\n\t\t\t\t\t\t<div class=\"elementor-element elementor-element-6352600 elementor-widget elementor-widget-image\" data-id=\"6352600\" data-element_type=\"widget\" data-widget_type=\"image.default\">\n\t\t\t\t<div class=\"elementor-widget-container\">\n\t\t\t\t\t\t\t\t\t\t\t\t\t\t\t<img fetchpriority=\"high\" decoding=\"async\" width=\"459\" height=\"500\" src=\"https:\/\/k2group.fr\/paris\/wp-content\/uploads\/sites\/4\/2022\/05\/location-voiture-k2.webp\" class=\"attachment-medium_large size-medium_large wp-image-2038\" alt=\"\" srcset=\"https:\/\/k2group.fr\/paris\/wp-content\/uploads\/sites\/4\/2022\/05\/location-voiture-k2.webp 459w, https:\/\/k2group.fr\/paris\/wp-content\/uploads\/sites\/4\/2022\/05\/location-voiture-k2-275x300.webp 275w\" sizes=\"(max-width: 459px) 100vw, 459px\" \/>\t\t\t\t\t\t\t\t\t\t\t\t\t\t\t<\/div>\n\t\t\t\t<\/div>\n\t\t\t\t\t<\/div>\n\t\t<\/div>\n\t\t\t\t\t<\/div>\n\t\t<\/section>\n\t\t\t\t<section class=\"elementor-section elementor-top-section elementor-element elementor-element-70d80c0 elementor-section-content-middle elementor-section-boxed elementor-section-height-default elementor-section-height-default\" data-id=\"70d80c0\" data-element_type=\"section\" data-settings=\"{&quot;background_background&quot;:&quot;classic&quot;}\">\n\t\t\t\t\t\t<div class=\"elementor-container elementor-column-gap-no\">\n\t\t\t\t\t<div class=\"elementor-column elementor-col-50 elementor-top-column elementor-element elementor-element-dbd2296\" data-id=\"dbd2296\" data-element_type=\"column\">\n\t\t\t<div class=\"elementor-widget-wrap elementor-element-populated\">\n\t\t\t\t\t\t<div class=\"elementor-element elementor-element-b57cf8d elementor-widget elementor-widget-image\" data-id=\"b57cf8d\" data-element_type=\"widget\" data-widget_type=\"image.default\">\n\t\t\t\t<div class=\"elementor-widget-container\">\n\t\t\t\t\t\t\t\t\t\t\t\t\t\t\t<img decoding=\"async\" width=\"459\" height=\"500\" src=\"https:\/\/k2group.fr\/paris\/wp-content\/uploads\/sites\/4\/2022\/05\/location-voiture-k2group.webp\" class=\"attachment-full size-full wp-image-2039\" alt=\"\" srcset=\"https:\/\/k2group.fr\/paris\/wp-content\/uploads\/sites\/4\/2022\/05\/location-voiture-k2group.webp 459w, https:\/\/k2group.fr\/paris\/wp-content\/uploads\/sites\/4\/2022\/05\/location-voiture-k2group-275x300.webp 275w\" sizes=\"(max-width: 459px) 100vw, 459px\" \/>\t\t\t\t\t\t\t\t\t\t\t\t\t\t\t<\/div>\n\t\t\t\t<\/div>\n\t\t\t\t\t<\/div>\n\t\t<\/div>\n\t\t\t\t<div class=\"elementor-column elementor-col-50 elementor-top-column elementor-element elementor-element-6fe4c62\" data-id=\"6fe4c62\" data-element_type=\"column\">\n\t\t\t<div class=\"elementor-widget-wrap elementor-element-populated\">\n\t\t\t\t\t\t<div class=\"elementor-element elementor-element-6d3be6e elementor-widget elementor-widget-heading\" data-id=\"6d3be6e\" data-element_type=\"widget\" data-widget_type=\"heading.default\">\n\t\t\t\t<div class=\"elementor-widget-container\">\n\t\t\t\t\t<h2 class=\"elementor-heading-title elementor-size-default\">Les bons plans pour les techniciens de la fibre optique<\/h2>\t\t\t\t<\/div>\n\t\t\t\t<\/div>\n\t\t\t\t<div class=\"elementor-element elementor-element-0740640 elementor-widget elementor-widget-text-editor\" data-id=\"0740640\" data-element_type=\"widget\" data-widget_type=\"text-editor.default\">\n\t\t\t\t<div class=\"elementor-widget-container\">\n\t\t\t\t\t\t\t\t\t<p>Concr\u00e8tement, afin de faciliter tout type de travaux de raccordement de fibre optique, K2 Paris met \u00e0 votre disposition la possibilit\u00e9 de louer divers \u00e9quipements adapt\u00e9s aux chantiers de raccordement fibre optique.<br \/><br \/><br \/>Ainsi nous vous avons soigneusement s\u00e9lectionn\u00e9 des solutions de location de mat\u00e9riel ad\u00e9quat au besoin de vos activit\u00e9s de FTTH.<br \/><br \/><br \/>Le service SAV de K2 Paris vous accompagne sur vos travaux et reste \u00e0 votre disponibilit\u00e9 pour tout type d\u2019impr\u00e9vu pour assurer l\u2019entretien de vos soudeuse , R\u00e9parer votre mat\u00e9riel ou l\u2019\u00e9changer.<\/p>\t\t\t\t\t\t\t\t<\/div>\n\t\t\t\t<\/div>\n\t\t\t\t\t<\/div>\n\t\t<\/div>\n\t\t\t\t\t<\/div>\n\t\t<\/section>\n\t\t\t\t<section class=\"elementor-section elementor-top-section elementor-element elementor-element-1ffecf8 elementor-section-content-middle elementor-section-boxed elementor-section-height-default elementor-section-height-default\" data-id=\"1ffecf8\" data-element_type=\"section\" data-settings=\"{&quot;background_background&quot;:&quot;classic&quot;}\">\n\t\t\t\t\t\t<div class=\"elementor-container elementor-column-gap-no\">\n\t\t\t\t\t<div class=\"elementor-column elementor-col-50 elementor-top-column elementor-element elementor-element-0642675\" data-id=\"0642675\" data-element_type=\"column\">\n\t\t\t<div class=\"elementor-widget-wrap elementor-element-populated\">\n\t\t\t\t\t\t<div class=\"elementor-element elementor-element-40997ab elementor-widget elementor-widget-heading\" data-id=\"40997ab\" data-element_type=\"widget\" data-widget_type=\"heading.default\">\n\t\t\t\t<div class=\"elementor-widget-container\">\n\t\t\t\t\t<h2 class=\"elementor-heading-title elementor-size-default\">Des v\u00e9hicules utilitaires \u00e0 des prix accessibles<\/h2>\t\t\t\t<\/div>\n\t\t\t\t<\/div>\n\t\t\t\t<div class=\"elementor-element elementor-element-95b76ba elementor-widget elementor-widget-text-editor\" data-id=\"95b76ba\" data-element_type=\"widget\" data-widget_type=\"text-editor.default\">\n\t\t\t\t<div class=\"elementor-widget-container\">\n\t\t\t\t\t\t\t\t\t<p>Transportez vos \u00e9quipements de fibre optique tels que du c\u00e2blage ou du mat\u00e9riel de soudure gr\u00e2ce aux offres de location K2 Paris.<br>\n<br><br>Nous proposons une large flotte de v\u00e9hicules et mat\u00e9riels complets avec des formules appropri\u00e9es \u00e0 chacun de nos clients pour l\u2019activit\u00e9 FTTH.<br>\n<br><br>\u00c9quipements D1-D2-D3, v\u00e9hicules utilitaires et nacelles.<br>\n<br><br>K2 Paris vous facilite la location de produits de haute qualit\u00e9 et r\u00e9ponds rapidement \u00e0 vos besoins.<br>\n<br><br>Ce service permet aux techniciens et aux nouveaux entrepreneurs de commencer leurs chantiers de d\u00e9ploiement de fibre optique \u00e0 des prix imbattables.<\/p>\t\t\t\t\t\t\t\t<\/div>\n\t\t\t\t<\/div>\n\t\t\t\t\t<\/div>\n\t\t<\/div>\n\t\t\t\t<div class=\"elementor-column elementor-col-50 elementor-top-column elementor-element elementor-element-a14df4e\" data-id=\"a14df4e\" data-element_type=\"column\">\n\t\t\t<div class=\"elementor-widget-wrap elementor-element-populated\">\n\t\t\t\t\t\t<div class=\"elementor-element elementor-element-ac37273 elementor-widget elementor-widget-image\" data-id=\"ac37273\" data-element_type=\"widget\" data-widget_type=\"image.default\">\n\t\t\t\t<div class=\"elementor-widget-container\">\n\t\t\t\t\t\t\t\t\t\t\t\t\t\t\t<img decoding=\"async\" width=\"459\" height=\"500\" src=\"https:\/\/k2group.fr\/paris\/wp-content\/uploads\/sites\/4\/2022\/05\/k2-location-voiture.webp\" class=\"attachment-full size-full wp-image-2040\" alt=\"\" srcset=\"https:\/\/k2group.fr\/paris\/wp-content\/uploads\/sites\/4\/2022\/05\/k2-location-voiture.webp 459w, https:\/\/k2group.fr\/paris\/wp-content\/uploads\/sites\/4\/2022\/05\/k2-location-voiture-275x300.webp 275w\" sizes=\"(max-width: 459px) 100vw, 459px\" \/>\t\t\t\t\t\t\t\t\t\t\t\t\t\t\t<\/div>\n\t\t\t\t<\/div>\n\t\t\t\t\t<\/div>\n\t\t<\/div>\n\t\t\t\t\t<\/div>\n\t\t<\/section>\n\t\t\t\t<section class=\"elementor-section elementor-top-section elementor-element elementor-element-fdb0f6e elementor-section-boxed elementor-section-height-default elementor-section-height-default\" data-id=\"fdb0f6e\" data-element_type=\"section\" data-settings=\"{&quot;background_background&quot;:&quot;classic&quot;}\">\n\t\t\t\t\t\t<div class=\"elementor-container elementor-column-gap-default\">\n\t\t\t\t\t<div class=\"elementor-column elementor-col-100 elementor-top-column elementor-element elementor-element-6b3fef3\" data-id=\"6b3fef3\" data-element_type=\"column\">\n\t\t\t<div class=\"elementor-widget-wrap elementor-element-populated\">\n\t\t\t\t\t\t<section class=\"elementor-section elementor-inner-section elementor-element elementor-element-721a15c elementor-section-boxed elementor-section-height-default elementor-section-height-default\" data-id=\"721a15c\" data-element_type=\"section\" data-settings=\"{&quot;background_background&quot;:&quot;classic&quot;}\">\n\t\t\t\t\t\t<div class=\"elementor-container elementor-column-gap-default\">\n\t\t\t\t\t<div class=\"elementor-column elementor-col-50 elementor-inner-column elementor-element elementor-element-2ea2bf8\" data-id=\"2ea2bf8\" data-element_type=\"column\">\n\t\t\t<div class=\"elementor-widget-wrap elementor-element-populated\">\n\t\t\t\t\t\t<div class=\"elementor-element elementor-element-dbe6335 elementor-absolute elementor-widget elementor-widget-image\" data-id=\"dbe6335\" data-element_type=\"widget\" data-settings=\"{&quot;_position&quot;:&quot;absolute&quot;}\" data-widget_type=\"image.default\">\n\t\t\t\t<div class=\"elementor-widget-container\">\n\t\t\t\t\t\t\t\t\t\t\t\t\t\t\t<img loading=\"lazy\" decoding=\"async\" width=\"753\" height=\"680\" src=\"https:\/\/k2group.fr\/paris\/wp-content\/uploads\/sites\/4\/2024\/04\/catalogue-pack-metiers-K2.webp\" class=\"attachment-full size-full wp-image-2512\" alt=\"\" srcset=\"https:\/\/k2group.fr\/paris\/wp-content\/uploads\/sites\/4\/2024\/04\/catalogue-pack-metiers-K2.webp 753w, https:\/\/k2group.fr\/paris\/wp-content\/uploads\/sites\/4\/2024\/04\/catalogue-pack-metiers-K2-300x271.webp 300w\" sizes=\"(max-width: 753px) 100vw, 753px\" \/>\t\t\t\t\t\t\t\t\t\t\t\t\t\t\t<\/div>\n\t\t\t\t<\/div>\n\t\t\t\t\t<\/div>\n\t\t<\/div>\n\t\t\t\t<div class=\"elementor-column elementor-col-50 elementor-inner-column elementor-element elementor-element-16474de\" data-id=\"16474de\" data-element_type=\"column\">\n\t\t\t<div class=\"elementor-widget-wrap elementor-element-populated\">\n\t\t\t\t\t\t<div class=\"elementor-element elementor-element-ae55fee elementor-widget elementor-widget-heading\" data-id=\"ae55fee\" data-element_type=\"widget\" data-widget_type=\"heading.default\">\n\t\t\t\t<div class=\"elementor-widget-container\">\n\t\t\t\t\t<h3 class=\"elementor-heading-title elementor-size-default\">NOTRE CATALOGUE<\/h3>\t\t\t\t<\/div>\n\t\t\t\t<\/div>\n\t\t\t\t<div class=\"elementor-element elementor-element-372d051 elementor-widget elementor-widget-text-editor\" data-id=\"372d051\" data-element_type=\"widget\" data-widget_type=\"text-editor.default\">\n\t\t\t\t<div class=\"elementor-widget-container\">\n\t\t\t\t\t\t\t\t\tD\u00e9couvrez notre dernier catalogue <br>et nos HDN d\u00e9di\u00e9s aux professionels.\t\t\t\t\t\t\t\t<\/div>\n\t\t\t\t<\/div>\n\t\t\t\t<div class=\"elementor-element elementor-element-bb28c24 elementor-widget elementor-widget-button\" data-id=\"bb28c24\" data-element_type=\"widget\" data-widget_type=\"button.default\">\n\t\t\t\t<div class=\"elementor-widget-container\">\n\t\t\t\t\t\t\t\t\t<div class=\"elementor-button-wrapper\">\n\t\t\t\t\t<a class=\"elementor-button elementor-button-link elementor-size-sm\" href=\"https:\/\/k2group.fr\/catalogue\/k2\/index.html\">\n\t\t\t\t\t\t<span class=\"elementor-button-content-wrapper\">\n\t\t\t\t\t\t<span class=\"elementor-button-icon\">\n\t\t\t\t<i aria-hidden=\"true\" class=\"fas fa-arrow-right\"><\/i>\t\t\t<\/span>\n\t\t\t\t\t\t\t\t\t<span class=\"elementor-button-text\">Consulter<\/span>\n\t\t\t\t\t<\/span>\n\t\t\t\t\t<\/a>\n\t\t\t\t<\/div>\n\t\t\t\t\t\t\t\t<\/div>\n\t\t\t\t<\/div>\n\t\t\t\t\t<\/div>\n\t\t<\/div>\n\t\t\t\t\t<\/div>\n\t\t<\/section>\n\t\t\t\t\t<\/div>\n\t\t<\/div>\n\t\t\t\t\t<\/div>\n\t\t<\/section>\n\t\t\t\t<\/div>\n\t\t","protected":false},"excerpt":{"rendered":"<p>Location mat\u00e9riel fibre optique \u00e0 Paris Des solutions id\u00e9ales pour les auto-entrepreneurs K2 Paris s\u2019adresse \u00e0 tous les professionnels fran\u00e7ais\u2026<\/p>\n","protected":false},"author":1,"featured_media":0,"parent":0,"menu_order":0,"comment_status":"closed","ping_status":"closed","template":"","meta":{"site-sidebar-layout":"no-sidebar","site-content-layout":"page-builder","ast-global-header-display":"","ast-main-header-display":"","ast-hfb-above-header-display":"","ast-hfb-below-header-display":"","ast-hfb-mobile-header-display":"","site-post-title":"disabled","ast-breadcrumbs-content":"","ast-featured-img":"disabled","footer-sml-layout":"","theme-transparent-header-meta":"enabled","adv-header-id-meta":"","stick-header-meta":"","header-above-stick-meta":"","header-main-stick-meta":"","header-below-stick-meta":"","footnotes":""},"class_list":["post-1513","page","type-page","status-publish","hentry"],"yoast_head":"<!-- This site is optimized with the Yoast SEO plugin v24.7 - https:\/\/yoast.com\/wordpress\/plugins\/seo\/ -->\n<title>Location de mat\u00e9riel fibre optique \u00e0 Paris | K2 Paris<\/title>\n<meta name=\"description\" content=\"K2 Paris propose la location de mat\u00e9riel de fibre optique : soudeuses, cliveuses, v\u00eatements de travail, v\u00e9hicules utilitaires...\" \/>\n<meta name=\"robots\" content=\"index, follow, max-snippet:-1, max-image-preview:large, max-video-preview:-1\" \/>\n<link rel=\"canonical\" href=\"https:\/\/k2group.fr\/paris\/location-materiel-fibre-optique\/\" \/>\n<meta property=\"og:locale\" content=\"fr_FR\" \/>\n<meta property=\"og:type\" content=\"article\" \/>\n<meta property=\"og:title\" content=\"Location de mat\u00e9riel fibre optique \u00e0 Paris | K2 Paris\" \/>\n<meta property=\"og:description\" content=\"K2 Paris propose la location de mat\u00e9riel de fibre optique : soudeuses, cliveuses, v\u00eatements de travail, v\u00e9hicules utilitaires...\" \/>\n<meta property=\"og:url\" content=\"https:\/\/k2group.fr\/paris\/location-materiel-fibre-optique\/\" \/>\n<meta property=\"og:site_name\" content=\"k2 paris\" \/>\n<meta property=\"article:modified_time\" content=\"2024-04-17T09:32:12+00:00\" \/>\n<meta property=\"og:image\" content=\"https:\/\/k2group.fr\/paris\/wp-content\/uploads\/sites\/4\/2022\/05\/location-voiture-k2.webp\" \/>\n<meta name=\"twitter:card\" content=\"summary_large_image\" \/>\n<meta name=\"twitter:label1\" content=\"Dur\u00e9e de lecture estim\u00e9e\" \/>\n\t<meta name=\"twitter:data1\" content=\"3 minutes\" \/>\n<script type=\"application\/ld+json\" class=\"yoast-schema-graph\">{\"@context\":\"https:\/\/schema.org\",\"@graph\":[{\"@type\":\"WebPage\",\"@id\":\"https:\/\/k2group.fr\/paris\/location-materiel-fibre-optique\/\",\"url\":\"https:\/\/k2group.fr\/paris\/location-materiel-fibre-optique\/\",\"name\":\"Location de mat\u00e9riel fibre optique \u00e0 Paris | K2 Paris\",\"isPartOf\":{\"@id\":\"https:\/\/k2group.fr\/paris\/#website\"},\"primaryImageOfPage\":{\"@id\":\"https:\/\/k2group.fr\/paris\/location-materiel-fibre-optique\/#primaryimage\"},\"image\":{\"@id\":\"https:\/\/k2group.fr\/paris\/location-materiel-fibre-optique\/#primaryimage\"},\"thumbnailUrl\":\"https:\/\/k2group.fr\/paris\/wp-content\/uploads\/sites\/4\/2022\/05\/location-voiture-k2.webp\",\"datePublished\":\"2022-05-04T16:20:15+00:00\",\"dateModified\":\"2024-04-17T09:32:12+00:00\",\"description\":\"K2 Paris propose la location de mat\u00e9riel de fibre optique : soudeuses, cliveuses, v\u00eatements de travail, v\u00e9hicules utilitaires...\",\"breadcrumb\":{\"@id\":\"https:\/\/k2group.fr\/paris\/location-materiel-fibre-optique\/#breadcrumb\"},\"inLanguage\":\"fr-FR\",\"potentialAction\":[{\"@type\":\"ReadAction\",\"target\":[\"https:\/\/k2group.fr\/paris\/location-materiel-fibre-optique\/\"]}]},{\"@type\":\"ImageObject\",\"inLanguage\":\"fr-FR\",\"@id\":\"https:\/\/k2group.fr\/paris\/location-materiel-fibre-optique\/#primaryimage\",\"url\":\"https:\/\/k2group.fr\/paris\/wp-content\/uploads\/sites\/4\/2022\/05\/location-voiture-k2.webp\",\"contentUrl\":\"https:\/\/k2group.fr\/paris\/wp-content\/uploads\/sites\/4\/2022\/05\/location-voiture-k2.webp\",\"width\":459,\"height\":500},{\"@type\":\"BreadcrumbList\",\"@id\":\"https:\/\/k2group.fr\/paris\/location-materiel-fibre-optique\/#breadcrumb\",\"itemListElement\":[{\"@type\":\"ListItem\",\"position\":1,\"name\":\"Accueil\",\"item\":\"https:\/\/k2group.fr\/paris\/\"},{\"@type\":\"ListItem\",\"position\":2,\"name\":\"Location mat\u00e9riel fibre optique \u00e0 Paris\"}]},{\"@type\":\"WebSite\",\"@id\":\"https:\/\/k2group.fr\/paris\/#website\",\"url\":\"https:\/\/k2group.fr\/paris\/\",\"name\":\"k2 paris\",\"description\":\"Un site utilisant K2GROUP\",\"publisher\":{\"@id\":\"https:\/\/k2group.fr\/paris\/#organization\"},\"potentialAction\":[{\"@type\":\"SearchAction\",\"target\":{\"@type\":\"EntryPoint\",\"urlTemplate\":\"https:\/\/k2group.fr\/paris\/?s={search_term_string}\"},\"query-input\":{\"@type\":\"PropertyValueSpecification\",\"valueRequired\":true,\"valueName\":\"search_term_string\"}}],\"inLanguage\":\"fr-FR\"},{\"@type\":\"Organization\",\"@id\":\"https:\/\/k2group.fr\/paris\/#organization\",\"name\":\"k2 paris\",\"url\":\"https:\/\/k2group.fr\/paris\/\",\"logo\":{\"@type\":\"ImageObject\",\"inLanguage\":\"fr-FR\",\"@id\":\"https:\/\/k2group.fr\/paris\/#\/schema\/logo\/image\/\",\"url\":\"https:\/\/k2group.fr\/paris\/wp-content\/uploads\/sites\/4\/2022\/04\/k2-logo.png\",\"contentUrl\":\"https:\/\/k2group.fr\/paris\/wp-content\/uploads\/sites\/4\/2022\/04\/k2-logo.png\",\"width\":580,\"height\":251,\"caption\":\"k2 paris\"},\"image\":{\"@id\":\"https:\/\/k2group.fr\/paris\/#\/schema\/logo\/image\/\"}}]}<\/script>\n<!-- \/ Yoast SEO plugin. -->","yoast_head_json":{"title":"Location de mat\u00e9riel fibre optique \u00e0 Paris | K2 Paris","description":"K2 Paris propose la location de mat\u00e9riel de fibre optique : soudeuses, cliveuses, v\u00eatements de travail, v\u00e9hicules utilitaires...","robots":{"index":"index","follow":"follow","max-snippet":"max-snippet:-1","max-image-preview":"max-image-preview:large","max-video-preview":"max-video-preview:-1"},"canonical":"https:\/\/k2group.fr\/paris\/location-materiel-fibre-optique\/","og_locale":"fr_FR","og_type":"article","og_title":"Location de mat\u00e9riel fibre optique \u00e0 Paris | K2 Paris","og_description":"K2 Paris propose la location de mat\u00e9riel de fibre optique : soudeuses, cliveuses, v\u00eatements de travail, v\u00e9hicules utilitaires...","og_url":"https:\/\/k2group.fr\/paris\/location-materiel-fibre-optique\/","og_site_name":"k2 paris","article_modified_time":"2024-04-17T09:32:12+00:00","og_image":[{"url":"https:\/\/k2group.fr\/paris\/wp-content\/uploads\/sites\/4\/2022\/05\/location-voiture-k2.webp","type":"","width":"","height":""}],"twitter_card":"summary_large_image","twitter_misc":{"Dur\u00e9e de lecture estim\u00e9e":"3 minutes"},"schema":{"@context":"https:\/\/schema.org","@graph":[{"@type":"WebPage","@id":"https:\/\/k2group.fr\/paris\/location-materiel-fibre-optique\/","url":"https:\/\/k2group.fr\/paris\/location-materiel-fibre-optique\/","name":"Location de mat\u00e9riel fibre optique \u00e0 Paris | K2 Paris","isPartOf":{"@id":"https:\/\/k2group.fr\/paris\/#website"},"primaryImageOfPage":{"@id":"https:\/\/k2group.fr\/paris\/location-materiel-fibre-optique\/#primaryimage"},"image":{"@id":"https:\/\/k2group.fr\/paris\/location-materiel-fibre-optique\/#primaryimage"},"thumbnailUrl":"https:\/\/k2group.fr\/paris\/wp-content\/uploads\/sites\/4\/2022\/05\/location-voiture-k2.webp","datePublished":"2022-05-04T16:20:15+00:00","dateModified":"2024-04-17T09:32:12+00:00","description":"K2 Paris propose la location de mat\u00e9riel de fibre optique : soudeuses, cliveuses, v\u00eatements de travail, v\u00e9hicules utilitaires...","breadcrumb":{"@id":"https:\/\/k2group.fr\/paris\/location-materiel-fibre-optique\/#breadcrumb"},"inLanguage":"fr-FR","potentialAction":[{"@type":"ReadAction","target":["https:\/\/k2group.fr\/paris\/location-materiel-fibre-optique\/"]}]},{"@type":"ImageObject","inLanguage":"fr-FR","@id":"https:\/\/k2group.fr\/paris\/location-materiel-fibre-optique\/#primaryimage","url":"https:\/\/k2group.fr\/paris\/wp-content\/uploads\/sites\/4\/2022\/05\/location-voiture-k2.webp","contentUrl":"https:\/\/k2group.fr\/paris\/wp-content\/uploads\/sites\/4\/2022\/05\/location-voiture-k2.webp","width":459,"height":500},{"@type":"BreadcrumbList","@id":"https:\/\/k2group.fr\/paris\/location-materiel-fibre-optique\/#breadcrumb","itemListElement":[{"@type":"ListItem","position":1,"name":"Accueil","item":"https:\/\/k2group.fr\/paris\/"},{"@type":"ListItem","position":2,"name":"Location mat\u00e9riel fibre optique \u00e0 Paris"}]},{"@type":"WebSite","@id":"https:\/\/k2group.fr\/paris\/#website","url":"https:\/\/k2group.fr\/paris\/","name":"k2 paris","description":"Un site utilisant K2GROUP","publisher":{"@id":"https:\/\/k2group.fr\/paris\/#organization"},"potentialAction":[{"@type":"SearchAction","target":{"@type":"EntryPoint","urlTemplate":"https:\/\/k2group.fr\/paris\/?s={search_term_string}"},"query-input":{"@type":"PropertyValueSpecification","valueRequired":true,"valueName":"search_term_string"}}],"inLanguage":"fr-FR"},{"@type":"Organization","@id":"https:\/\/k2group.fr\/paris\/#organization","name":"k2 paris","url":"https:\/\/k2group.fr\/paris\/","logo":{"@type":"ImageObject","inLanguage":"fr-FR","@id":"https:\/\/k2group.fr\/paris\/#\/schema\/logo\/image\/","url":"https:\/\/k2group.fr\/paris\/wp-content\/uploads\/sites\/4\/2022\/04\/k2-logo.png","contentUrl":"https:\/\/k2group.fr\/paris\/wp-content\/uploads\/sites\/4\/2022\/04\/k2-logo.png","width":580,"height":251,"caption":"k2 paris"},"image":{"@id":"https:\/\/k2group.fr\/paris\/#\/schema\/logo\/image\/"}}]}},"_links":{"self":[{"href":"https:\/\/k2group.fr\/paris\/wp-json\/wp\/v2\/pages\/1513","targetHints":{"allow":["GET"]}}],"collection":[{"href":"https:\/\/k2group.fr\/paris\/wp-json\/wp\/v2\/pages"}],"about":[{"href":"https:\/\/k2group.fr\/paris\/wp-json\/wp\/v2\/types\/page"}],"author":[{"embeddable":true,"href":"https:\/\/k2group.fr\/paris\/wp-json\/wp\/v2\/users\/1"}],"replies":[{"embeddable":true,"href":"https:\/\/k2group.fr\/paris\/wp-json\/wp\/v2\/comments?post=1513"}],"version-history":[{"count":98,"href":"https:\/\/k2group.fr\/paris\/wp-json\/wp\/v2\/pages\/1513\/revisions"}],"predecessor-version":[{"id":2522,"href":"https:\/\/k2group.fr\/paris\/wp-json\/wp\/v2\/pages\/1513\/revisions\/2522"}],"wp:attachment":[{"href":"https:\/\/k2group.fr\/paris\/wp-json\/wp\/v2\/media?parent=1513"}],"curies":[{"name":"wp","href":"https:\/\/api.w.org\/{rel}","templated":true}]}}