{"id":1537,"date":"2022-05-04T18:30:21","date_gmt":"2022-05-04T16:30:21","guid":{"rendered":"https:\/\/k2group.fr\/paris\/?page_id=1537"},"modified":"2022-11-15T17:34:51","modified_gmt":"2022-11-15T16:34:51","slug":"video-surveillance","status":"publish","type":"page","link":"https:\/\/k2group.fr\/paris\/video-surveillance\/","title":{"rendered":"Video surveillance \u00e0 Paris"},"content":{"rendered":"\t\t<div data-elementor-type=\"wp-page\" data-elementor-id=\"1537\" class=\"elementor elementor-1537\">\n\t\t\t\t\t\t<section class=\"elementor-section elementor-top-section elementor-element elementor-element-1c206b6 elementor-section-height-min-height elementor-section-items-top elementor-section-boxed elementor-section-height-default\" data-id=\"1c206b6\" data-element_type=\"section\" data-settings=\"{&quot;background_background&quot;:&quot;classic&quot;}\">\n\t\t\t\t\t\t\t<div class=\"elementor-background-overlay\"><\/div>\n\t\t\t\t\t\t\t<div class=\"elementor-container elementor-column-gap-default\">\n\t\t\t\t\t<div class=\"elementor-column elementor-col-100 elementor-top-column elementor-element elementor-element-aed720a\" data-id=\"aed720a\" data-element_type=\"column\">\n\t\t\t<div class=\"elementor-widget-wrap elementor-element-populated\">\n\t\t\t\t\t\t<div class=\"elementor-element elementor-element-40518fe elementor-widget elementor-widget-image-box\" data-id=\"40518fe\" data-element_type=\"widget\" data-widget_type=\"image-box.default\">\n\t\t\t\t<div class=\"elementor-widget-container\">\n\t\t\t\t\t<div class=\"elementor-image-box-wrapper\"><div class=\"elementor-image-box-content\"><h1 class=\"elementor-image-box-title\">Vid\u00e9osurveillance <br>\u00e0 paris<\/h1><\/div><\/div>\t\t\t\t<\/div>\n\t\t\t\t<\/div>\n\t\t\t\t\t<\/div>\n\t\t<\/div>\n\t\t\t\t\t<\/div>\n\t\t<\/section>\n\t\t\t\t<section class=\"elementor-section elementor-top-section elementor-element elementor-element-eafb22d elementor-section-content-middle elementor-section-boxed elementor-section-height-default elementor-section-height-default\" data-id=\"eafb22d\" data-element_type=\"section\" data-settings=\"{&quot;background_background&quot;:&quot;classic&quot;}\">\n\t\t\t\t\t\t<div class=\"elementor-container elementor-column-gap-no\">\n\t\t\t\t\t<div class=\"elementor-column elementor-col-50 elementor-top-column elementor-element elementor-element-d04299c\" data-id=\"d04299c\" data-element_type=\"column\">\n\t\t\t<div class=\"elementor-widget-wrap elementor-element-populated\">\n\t\t\t\t\t\t<div class=\"elementor-element elementor-element-38848ad elementor-widget elementor-widget-heading\" data-id=\"38848ad\" data-element_type=\"widget\" data-widget_type=\"heading.default\">\n\t\t\t\t<div class=\"elementor-widget-container\">\n\t\t\t\t\t<h2 class=\"elementor-heading-title elementor-size-default\">Assurez la s\u00e9curit\u00e9 de vos biens et vos locaux<\/h2>\t\t\t\t<\/div>\n\t\t\t\t<\/div>\n\t\t\t\t<div class=\"elementor-element elementor-element-bcc296c elementor-widget elementor-widget-text-editor\" data-id=\"bcc296c\" data-element_type=\"widget\" data-widget_type=\"text-editor.default\">\n\t\t\t\t<div class=\"elementor-widget-container\">\n\t\t\t\t\t\t\t\t\t<p>Assurer la s\u00e9curit\u00e9 de vos locaux \u00e0 l\u2019aide de la vid\u00e9osurveillance, K2 Paris vous fournit des solutions performantes et met \u00e0 votre disposition des produits de qualit\u00e9 afin d\u2019assurer une s\u00e9curit\u00e9 optimale de vos biens et de vos locaux.<br \/><br \/><br \/>Nous assurons \u00e0 nos clients un accompagnement total concernant le choix, l\u2019installation, la configuration et la mise en service de nos produits.<br \/><br \/><br \/>Contacter l\u2019agence de Paris pour installer d\u00e8s aujourd\u2019hui vos cam\u00e9ras de surveillance<\/p>\t\t\t\t\t\t\t\t<\/div>\n\t\t\t\t<\/div>\n\t\t\t\t\t<\/div>\n\t\t<\/div>\n\t\t\t\t<div class=\"elementor-column elementor-col-50 elementor-top-column elementor-element elementor-element-d87ceee\" data-id=\"d87ceee\" data-element_type=\"column\">\n\t\t\t<div class=\"elementor-widget-wrap elementor-element-populated\">\n\t\t\t\t\t\t<div class=\"elementor-element elementor-element-6352600 elementor-widget elementor-widget-image\" data-id=\"6352600\" data-element_type=\"widget\" data-widget_type=\"image.default\">\n\t\t\t\t<div class=\"elementor-widget-container\">\n\t\t\t\t\t\t\t\t\t\t\t\t\t\t\t<img fetchpriority=\"high\" decoding=\"async\" width=\"459\" height=\"500\" src=\"https:\/\/k2group.fr\/paris\/wp-content\/uploads\/sites\/4\/2022\/05\/video-surveillence.webp\" class=\"attachment-full size-full wp-image-1567\" alt=\"\" srcset=\"https:\/\/k2group.fr\/paris\/wp-content\/uploads\/sites\/4\/2022\/05\/video-surveillence.webp 459w, https:\/\/k2group.fr\/paris\/wp-content\/uploads\/sites\/4\/2022\/05\/video-surveillence-275x300.webp 275w\" sizes=\"(max-width: 459px) 100vw, 459px\" \/>\t\t\t\t\t\t\t\t\t\t\t\t\t\t\t<\/div>\n\t\t\t\t<\/div>\n\t\t\t\t\t<\/div>\n\t\t<\/div>\n\t\t\t\t\t<\/div>\n\t\t<\/section>\n\t\t\t\t<section class=\"elementor-section elementor-top-section elementor-element elementor-element-70d80c0 elementor-section-content-middle elementor-section-boxed elementor-section-height-default elementor-section-height-default\" data-id=\"70d80c0\" data-element_type=\"section\" data-settings=\"{&quot;background_background&quot;:&quot;classic&quot;}\">\n\t\t\t\t\t\t<div class=\"elementor-container elementor-column-gap-no\">\n\t\t\t\t\t<div class=\"elementor-column elementor-col-50 elementor-top-column elementor-element elementor-element-dbd2296\" data-id=\"dbd2296\" data-element_type=\"column\">\n\t\t\t<div class=\"elementor-widget-wrap elementor-element-populated\">\n\t\t\t\t\t\t<div class=\"elementor-element elementor-element-b57cf8d elementor-widget elementor-widget-image\" data-id=\"b57cf8d\" data-element_type=\"widget\" data-widget_type=\"image.default\">\n\t\t\t\t<div class=\"elementor-widget-container\">\n\t\t\t\t\t\t\t\t\t\t\t\t\t\t\t<img decoding=\"async\" width=\"459\" height=\"500\" src=\"https:\/\/k2group.fr\/paris\/wp-content\/uploads\/sites\/4\/2022\/05\/alhua-camera.webp\" class=\"attachment-full size-full wp-image-1568\" alt=\"\" srcset=\"https:\/\/k2group.fr\/paris\/wp-content\/uploads\/sites\/4\/2022\/05\/alhua-camera.webp 459w, https:\/\/k2group.fr\/paris\/wp-content\/uploads\/sites\/4\/2022\/05\/alhua-camera-275x300.webp 275w\" sizes=\"(max-width: 459px) 100vw, 459px\" \/>\t\t\t\t\t\t\t\t\t\t\t\t\t\t\t<\/div>\n\t\t\t\t<\/div>\n\t\t\t\t\t<\/div>\n\t\t<\/div>\n\t\t\t\t<div class=\"elementor-column elementor-col-50 elementor-top-column elementor-element elementor-element-6fe4c62\" data-id=\"6fe4c62\" data-element_type=\"column\">\n\t\t\t<div class=\"elementor-widget-wrap elementor-element-populated\">\n\t\t\t\t\t\t<div class=\"elementor-element elementor-element-6d3be6e elementor-widget elementor-widget-heading\" data-id=\"6d3be6e\" data-element_type=\"widget\" data-widget_type=\"heading.default\">\n\t\t\t\t<div class=\"elementor-widget-container\">\n\t\t\t\t\t<h2 class=\"elementor-heading-title elementor-size-default\">Dahua : Une s\u00e9curit\u00e9 forte <br>et intelligente<\/h2>\t\t\t\t<\/div>\n\t\t\t\t<\/div>\n\t\t\t\t<div class=\"elementor-element elementor-element-0740640 elementor-widget elementor-widget-text-editor\" data-id=\"0740640\" data-element_type=\"widget\" data-widget_type=\"text-editor.default\">\n\t\t\t\t<div class=\"elementor-widget-container\">\n\t\t\t\t\t\t\t\t\tChez K2 Paris, vous trouverez la marque populaire de fabrication de solution de vid\u00e9osurveillance Dahua qui propose du mat\u00e9riels de derni\u00e8re g\u00e9n\u00e9ration ainsi que des capteurs de mouvement performants.\n<br><br>\nDans le but de satisfaire nos clients, nous sommes en d\u00e9fi de vous accompagner dans l\u2019installation et la mise en service de tous ces produits en vous proposant la solution la mieux adapt\u00e9e \u00e0 vos besoins, et ce, afin d\u2019offrir le meilleur \u00e0 nos clients professionnels ou particuliers.\n<br><br>\n\nPour b\u00e9n\u00e9ficier de nos solutions vid\u00e9osurveillance, nous vous invitons \u00e0 feuilleter notre catalogue K2 sur notre site e-commerce ou nous rendre visite \u00e0 l\u2019agence K2 Paris.\t\t\t\t\t\t\t\t<\/div>\n\t\t\t\t<\/div>\n\t\t\t\t\t<\/div>\n\t\t<\/div>\n\t\t\t\t\t<\/div>\n\t\t<\/section>\n\t\t\t\t<section class=\"elementor-section elementor-top-section elementor-element elementor-element-1ffecf8 elementor-section-content-middle elementor-section-boxed elementor-section-height-default elementor-section-height-default\" data-id=\"1ffecf8\" data-element_type=\"section\" data-settings=\"{&quot;background_background&quot;:&quot;classic&quot;}\">\n\t\t\t\t\t\t<div class=\"elementor-container elementor-column-gap-no\">\n\t\t\t\t\t<div class=\"elementor-column elementor-col-50 elementor-top-column elementor-element elementor-element-0642675\" data-id=\"0642675\" data-element_type=\"column\">\n\t\t\t<div class=\"elementor-widget-wrap elementor-element-populated\">\n\t\t\t\t\t\t<div class=\"elementor-element elementor-element-40997ab elementor-widget elementor-widget-heading\" data-id=\"40997ab\" data-element_type=\"widget\" data-widget_type=\"heading.default\">\n\t\t\t\t<div class=\"elementor-widget-container\">\n\t\t\t\t\t<h2 class=\"elementor-heading-title elementor-size-default\"><br>Hikvision : Des cam\u00e9ras <br>de surveillance d'haute d\u00e9finition<\/h2>\t\t\t\t<\/div>\n\t\t\t\t<\/div>\n\t\t\t\t<div class=\"elementor-element elementor-element-95b76ba elementor-widget elementor-widget-text-editor\" data-id=\"95b76ba\" data-element_type=\"widget\" data-widget_type=\"text-editor.default\">\n\t\t\t\t<div class=\"elementor-widget-container\">\n\t\t\t\t\t\t\t\t\t<p>Parmi notre s\u00e9lection de solutions de vid\u00e9osurveillance \u00e0 Paris, nous avons choisi pour vous la fameuse marque Hikvision qui se caract\u00e9rise par ces mod\u00e8les de cam\u00e9ras de surveillance d\u2019haute d\u00e9finition \u00e0 des prix all\u00e9chants.<br>\n<br><br>Les solutions Hikvision comprennent aussi des kits d\u2019alarme sans fil WiFi et GPRS qui se  fixe dans les diff\u00e9rentes zones de mouvement afin de garantir tous les niveaux de surveillance et d\u2019alerte.<br>\n<br><br>Nos cam\u00e9ras Hikvision sont optimis\u00e9s et ce afin d\u2019assurer une capture vid\u00e9o d\u00e9taill\u00e9e, ainsi ils int\u00e8grent les nouvelles technologies de pointes qui permettent par exemple la reconnaissance faciale et la distinction humaine.<\/p>\t\t\t\t\t\t\t\t<\/div>\n\t\t\t\t<\/div>\n\t\t\t\t\t<\/div>\n\t\t<\/div>\n\t\t\t\t<div class=\"elementor-column elementor-col-50 elementor-top-column elementor-element elementor-element-a14df4e\" data-id=\"a14df4e\" data-element_type=\"column\">\n\t\t\t<div class=\"elementor-widget-wrap elementor-element-populated\">\n\t\t\t\t\t\t<div class=\"elementor-element elementor-element-ac37273 elementor-widget elementor-widget-image\" data-id=\"ac37273\" data-element_type=\"widget\" data-widget_type=\"image.default\">\n\t\t\t\t<div class=\"elementor-widget-container\">\n\t\t\t\t\t\t\t\t\t\t\t\t\t\t\t<img decoding=\"async\" width=\"460\" height=\"500\" src=\"https:\/\/k2group.fr\/paris\/wp-content\/uploads\/sites\/4\/2022\/05\/hikvision-camera.webp\" class=\"attachment-full size-full wp-image-1569\" alt=\"\" srcset=\"https:\/\/k2group.fr\/paris\/wp-content\/uploads\/sites\/4\/2022\/05\/hikvision-camera.webp 460w, https:\/\/k2group.fr\/paris\/wp-content\/uploads\/sites\/4\/2022\/05\/hikvision-camera-276x300.webp 276w\" sizes=\"(max-width: 460px) 100vw, 460px\" \/>\t\t\t\t\t\t\t\t\t\t\t\t\t\t\t<\/div>\n\t\t\t\t<\/div>\n\t\t\t\t\t<\/div>\n\t\t<\/div>\n\t\t\t\t\t<\/div>\n\t\t<\/section>\n\t\t\t\t<section class=\"elementor-section elementor-top-section elementor-element elementor-element-a2a6408 elementor-section-boxed elementor-section-height-default elementor-section-height-default\" data-id=\"a2a6408\" data-element_type=\"section\" data-settings=\"{&quot;background_background&quot;:&quot;classic&quot;}\">\n\t\t\t\t\t\t<div class=\"elementor-container elementor-column-gap-default\">\n\t\t\t\t\t<div class=\"elementor-column elementor-col-100 elementor-top-column elementor-element elementor-element-c088e79\" data-id=\"c088e79\" data-element_type=\"column\">\n\t\t\t<div class=\"elementor-widget-wrap elementor-element-populated\">\n\t\t\t\t\t\t<section class=\"elementor-section elementor-inner-section elementor-element elementor-element-efdafb1 elementor-section-boxed elementor-section-height-default elementor-section-height-default\" data-id=\"efdafb1\" data-element_type=\"section\">\n\t\t\t\t\t\t<div class=\"elementor-container elementor-column-gap-default\">\n\t\t\t\t\t<div class=\"elementor-column elementor-col-50 elementor-inner-column elementor-element elementor-element-a22f8f1 elementor-hidden-mobile\" data-id=\"a22f8f1\" data-element_type=\"column\">\n\t\t\t<div class=\"elementor-widget-wrap elementor-element-populated\">\n\t\t\t\t\t\t<div class=\"elementor-element elementor-element-20127ed elementor-widget elementor-widget-image\" data-id=\"20127ed\" data-element_type=\"widget\" data-widget_type=\"image.default\">\n\t\t\t\t<div class=\"elementor-widget-container\">\n\t\t\t\t\t\t\t\t\t\t\t\t\t\t\t<img loading=\"lazy\" decoding=\"async\" width=\"612\" height=\"443\" src=\"https:\/\/k2group.fr\/paris\/wp-content\/uploads\/sites\/4\/2022\/09\/k2-dist.webp\" class=\"attachment-large size-large wp-image-2361\" alt=\"\" srcset=\"https:\/\/k2group.fr\/paris\/wp-content\/uploads\/sites\/4\/2022\/09\/k2-dist.webp 612w, https:\/\/k2group.fr\/paris\/wp-content\/uploads\/sites\/4\/2022\/09\/k2-dist-300x217.webp 300w\" sizes=\"(max-width: 612px) 100vw, 612px\" \/>\t\t\t\t\t\t\t\t\t\t\t\t\t\t\t<\/div>\n\t\t\t\t<\/div>\n\t\t\t\t\t<\/div>\n\t\t<\/div>\n\t\t\t\t<div class=\"elementor-column elementor-col-50 elementor-inner-column elementor-element elementor-element-fbdc22f\" data-id=\"fbdc22f\" data-element_type=\"column\" data-settings=\"{&quot;background_background&quot;:&quot;classic&quot;}\">\n\t\t\t<div class=\"elementor-widget-wrap elementor-element-populated\">\n\t\t\t\t\t\t<div class=\"elementor-element elementor-element-263837f elementor-widget elementor-widget-heading\" data-id=\"263837f\" data-element_type=\"widget\" data-widget_type=\"heading.default\">\n\t\t\t\t<div class=\"elementor-widget-container\">\n\t\t\t\t\t<h3 class=\"elementor-heading-title elementor-size-default\">N'H\u00c9SITEZ PAS<\/h3>\t\t\t\t<\/div>\n\t\t\t\t<\/div>\n\t\t\t\t<div class=\"elementor-element elementor-element-3f1d55c elementor-widget elementor-widget-heading\" data-id=\"3f1d55c\" data-element_type=\"widget\" data-widget_type=\"heading.default\">\n\t\t\t\t<div class=\"elementor-widget-container\">\n\t\t\t\t\t<h2 class=\"elementor-heading-title elementor-size-default\">\u00c0 CONSULTER NOTRE<\/h2>\t\t\t\t<\/div>\n\t\t\t\t<\/div>\n\t\t\t\t<div class=\"elementor-element elementor-element-6737c4f elementor-widget elementor-widget-heading\" data-id=\"6737c4f\" data-element_type=\"widget\" data-widget_type=\"heading.default\">\n\t\t\t\t<div class=\"elementor-widget-container\">\n\t\t\t\t\t<h2 class=\"elementor-heading-title elementor-size-default\">SITE E-COMMERCE<\/h2>\t\t\t\t<\/div>\n\t\t\t\t<\/div>\n\t\t\t\t<div class=\"elementor-element elementor-element-11544c9 elementor-button-danger elementor-align-center elementor-widget elementor-widget-button\" data-id=\"11544c9\" data-element_type=\"widget\" data-widget_type=\"button.default\">\n\t\t\t\t<div class=\"elementor-widget-container\">\n\t\t\t\t\t\t\t\t\t<div class=\"elementor-button-wrapper\">\n\t\t\t\t\t<a class=\"elementor-button elementor-button-link elementor-size-sm\" href=\"https:\/\/k2group-distribution.fr\/\">\n\t\t\t\t\t\t<span class=\"elementor-button-content-wrapper\">\n\t\t\t\t\t\t<span class=\"elementor-button-icon\">\n\t\t\t\t<i aria-hidden=\"true\" class=\"fas fa-arrow-right\"><\/i>\t\t\t<\/span>\n\t\t\t\t\t\t\t\t\t<span class=\"elementor-button-text\">Consultez<\/span>\n\t\t\t\t\t<\/span>\n\t\t\t\t\t<\/a>\n\t\t\t\t<\/div>\n\t\t\t\t\t\t\t\t<\/div>\n\t\t\t\t<\/div>\n\t\t\t\t\t<\/div>\n\t\t<\/div>\n\t\t\t\t\t<\/div>\n\t\t<\/section>\n\t\t\t\t\t<\/div>\n\t\t<\/div>\n\t\t\t\t\t<\/div>\n\t\t<\/section>\n\t\t\t\t<\/div>\n\t\t","protected":false},"excerpt":{"rendered":"<p>Vid\u00e9osurveillance \u00e0 paris Assurez la s\u00e9curit\u00e9 de vos biens et vos locaux Assurer la s\u00e9curit\u00e9 de vos locaux \u00e0 l\u2019aide\u2026<\/p>\n","protected":false},"author":1,"featured_media":0,"parent":0,"menu_order":0,"comment_status":"closed","ping_status":"closed","template":"","meta":{"site-sidebar-layout":"no-sidebar","site-content-layout":"page-builder","ast-global-header-display":"","ast-main-header-display":"","ast-hfb-above-header-display":"","ast-hfb-below-header-display":"","ast-hfb-mobile-header-display":"","site-post-title":"disabled","ast-breadcrumbs-content":"","ast-featured-img":"disabled","footer-sml-layout":"","theme-transparent-header-meta":"enabled","adv-header-id-meta":"","stick-header-meta":"","header-above-stick-meta":"","header-main-stick-meta":"","header-below-stick-meta":"","footnotes":""},"class_list":["post-1537","page","type-page","status-publish","hentry"],"yoast_head":"<!-- This site is optimized with the Yoast SEO plugin v24.7 - https:\/\/yoast.com\/wordpress\/plugins\/seo\/ -->\n<title>Syst\u00e8me de surveillance \u00e0 Paris | K2 Paris<\/title>\n<meta name=\"description\" content=\"K2 Paris, une entreprise de vid\u00e9osurveillance qui propose la vente des meilleures syst\u00e8mes de s\u00e9curit\u00e9 : Alarmes, cam\u00e9ras de surveillance, contr\u00f4le d&#039;acc\u00e8s ...\" \/>\n<meta name=\"robots\" content=\"index, follow, max-snippet:-1, max-image-preview:large, max-video-preview:-1\" \/>\n<link rel=\"canonical\" href=\"https:\/\/k2group.fr\/paris\/video-surveillance\/\" \/>\n<meta property=\"og:locale\" content=\"fr_FR\" \/>\n<meta property=\"og:type\" content=\"article\" \/>\n<meta property=\"og:title\" content=\"Syst\u00e8me de surveillance \u00e0 Paris | K2 Paris\" \/>\n<meta property=\"og:description\" content=\"K2 Paris, une entreprise de vid\u00e9osurveillance qui propose la vente des meilleures syst\u00e8mes de s\u00e9curit\u00e9 : Alarmes, cam\u00e9ras de surveillance, contr\u00f4le d&#039;acc\u00e8s ...\" \/>\n<meta property=\"og:url\" content=\"https:\/\/k2group.fr\/paris\/video-surveillance\/\" \/>\n<meta property=\"og:site_name\" content=\"k2 paris\" \/>\n<meta property=\"article:modified_time\" content=\"2022-11-15T16:34:51+00:00\" \/>\n<meta property=\"og:image\" content=\"https:\/\/k2group.fr\/paris\/wp-content\/uploads\/sites\/4\/2022\/05\/video-surveillence.webp\" \/>\n<meta name=\"twitter:card\" content=\"summary_large_image\" \/>\n<meta name=\"twitter:label1\" content=\"Dur\u00e9e de lecture estim\u00e9e\" \/>\n\t<meta name=\"twitter:data1\" content=\"3 minutes\" \/>\n<script type=\"application\/ld+json\" class=\"yoast-schema-graph\">{\"@context\":\"https:\/\/schema.org\",\"@graph\":[{\"@type\":\"WebPage\",\"@id\":\"https:\/\/k2group.fr\/paris\/video-surveillance\/\",\"url\":\"https:\/\/k2group.fr\/paris\/video-surveillance\/\",\"name\":\"Syst\u00e8me de surveillance \u00e0 Paris | K2 Paris\",\"isPartOf\":{\"@id\":\"https:\/\/k2group.fr\/paris\/#website\"},\"primaryImageOfPage\":{\"@id\":\"https:\/\/k2group.fr\/paris\/video-surveillance\/#primaryimage\"},\"image\":{\"@id\":\"https:\/\/k2group.fr\/paris\/video-surveillance\/#primaryimage\"},\"thumbnailUrl\":\"https:\/\/k2group.fr\/paris\/wp-content\/uploads\/sites\/4\/2022\/05\/video-surveillence.webp\",\"datePublished\":\"2022-05-04T16:30:21+00:00\",\"dateModified\":\"2022-11-15T16:34:51+00:00\",\"description\":\"K2 Paris, une entreprise de vid\u00e9osurveillance qui propose la vente des meilleures syst\u00e8mes de s\u00e9curit\u00e9 : Alarmes, cam\u00e9ras de surveillance, contr\u00f4le d'acc\u00e8s ...\",\"breadcrumb\":{\"@id\":\"https:\/\/k2group.fr\/paris\/video-surveillance\/#breadcrumb\"},\"inLanguage\":\"fr-FR\",\"potentialAction\":[{\"@type\":\"ReadAction\",\"target\":[\"https:\/\/k2group.fr\/paris\/video-surveillance\/\"]}]},{\"@type\":\"ImageObject\",\"inLanguage\":\"fr-FR\",\"@id\":\"https:\/\/k2group.fr\/paris\/video-surveillance\/#primaryimage\",\"url\":\"https:\/\/k2group.fr\/paris\/wp-content\/uploads\/sites\/4\/2022\/05\/video-surveillence.webp\",\"contentUrl\":\"https:\/\/k2group.fr\/paris\/wp-content\/uploads\/sites\/4\/2022\/05\/video-surveillence.webp\",\"width\":459,\"height\":500},{\"@type\":\"BreadcrumbList\",\"@id\":\"https:\/\/k2group.fr\/paris\/video-surveillance\/#breadcrumb\",\"itemListElement\":[{\"@type\":\"ListItem\",\"position\":1,\"name\":\"Accueil\",\"item\":\"https:\/\/k2group.fr\/paris\/\"},{\"@type\":\"ListItem\",\"position\":2,\"name\":\"Video surveillance \u00e0 Paris\"}]},{\"@type\":\"WebSite\",\"@id\":\"https:\/\/k2group.fr\/paris\/#website\",\"url\":\"https:\/\/k2group.fr\/paris\/\",\"name\":\"k2 paris\",\"description\":\"Un site utilisant K2GROUP\",\"publisher\":{\"@id\":\"https:\/\/k2group.fr\/paris\/#organization\"},\"potentialAction\":[{\"@type\":\"SearchAction\",\"target\":{\"@type\":\"EntryPoint\",\"urlTemplate\":\"https:\/\/k2group.fr\/paris\/?s={search_term_string}\"},\"query-input\":{\"@type\":\"PropertyValueSpecification\",\"valueRequired\":true,\"valueName\":\"search_term_string\"}}],\"inLanguage\":\"fr-FR\"},{\"@type\":\"Organization\",\"@id\":\"https:\/\/k2group.fr\/paris\/#organization\",\"name\":\"k2 paris\",\"url\":\"https:\/\/k2group.fr\/paris\/\",\"logo\":{\"@type\":\"ImageObject\",\"inLanguage\":\"fr-FR\",\"@id\":\"https:\/\/k2group.fr\/paris\/#\/schema\/logo\/image\/\",\"url\":\"https:\/\/k2group.fr\/paris\/wp-content\/uploads\/sites\/4\/2022\/04\/k2-logo.png\",\"contentUrl\":\"https:\/\/k2group.fr\/paris\/wp-content\/uploads\/sites\/4\/2022\/04\/k2-logo.png\",\"width\":580,\"height\":251,\"caption\":\"k2 paris\"},\"image\":{\"@id\":\"https:\/\/k2group.fr\/paris\/#\/schema\/logo\/image\/\"}}]}<\/script>\n<!-- \/ Yoast SEO plugin. -->","yoast_head_json":{"title":"Syst\u00e8me de surveillance \u00e0 Paris | K2 Paris","description":"K2 Paris, une entreprise de vid\u00e9osurveillance qui propose la vente des meilleures syst\u00e8mes de s\u00e9curit\u00e9 : Alarmes, cam\u00e9ras de surveillance, contr\u00f4le d'acc\u00e8s ...","robots":{"index":"index","follow":"follow","max-snippet":"max-snippet:-1","max-image-preview":"max-image-preview:large","max-video-preview":"max-video-preview:-1"},"canonical":"https:\/\/k2group.fr\/paris\/video-surveillance\/","og_locale":"fr_FR","og_type":"article","og_title":"Syst\u00e8me de surveillance \u00e0 Paris | K2 Paris","og_description":"K2 Paris, une entreprise de vid\u00e9osurveillance qui propose la vente des meilleures syst\u00e8mes de s\u00e9curit\u00e9 : Alarmes, cam\u00e9ras de surveillance, contr\u00f4le d'acc\u00e8s ...","og_url":"https:\/\/k2group.fr\/paris\/video-surveillance\/","og_site_name":"k2 paris","article_modified_time":"2022-11-15T16:34:51+00:00","og_image":[{"url":"https:\/\/k2group.fr\/paris\/wp-content\/uploads\/sites\/4\/2022\/05\/video-surveillence.webp","type":"","width":"","height":""}],"twitter_card":"summary_large_image","twitter_misc":{"Dur\u00e9e de lecture estim\u00e9e":"3 minutes"},"schema":{"@context":"https:\/\/schema.org","@graph":[{"@type":"WebPage","@id":"https:\/\/k2group.fr\/paris\/video-surveillance\/","url":"https:\/\/k2group.fr\/paris\/video-surveillance\/","name":"Syst\u00e8me de surveillance \u00e0 Paris | K2 Paris","isPartOf":{"@id":"https:\/\/k2group.fr\/paris\/#website"},"primaryImageOfPage":{"@id":"https:\/\/k2group.fr\/paris\/video-surveillance\/#primaryimage"},"image":{"@id":"https:\/\/k2group.fr\/paris\/video-surveillance\/#primaryimage"},"thumbnailUrl":"https:\/\/k2group.fr\/paris\/wp-content\/uploads\/sites\/4\/2022\/05\/video-surveillence.webp","datePublished":"2022-05-04T16:30:21+00:00","dateModified":"2022-11-15T16:34:51+00:00","description":"K2 Paris, une entreprise de vid\u00e9osurveillance qui propose la vente des meilleures syst\u00e8mes de s\u00e9curit\u00e9 : Alarmes, cam\u00e9ras de surveillance, contr\u00f4le d'acc\u00e8s ...","breadcrumb":{"@id":"https:\/\/k2group.fr\/paris\/video-surveillance\/#breadcrumb"},"inLanguage":"fr-FR","potentialAction":[{"@type":"ReadAction","target":["https:\/\/k2group.fr\/paris\/video-surveillance\/"]}]},{"@type":"ImageObject","inLanguage":"fr-FR","@id":"https:\/\/k2group.fr\/paris\/video-surveillance\/#primaryimage","url":"https:\/\/k2group.fr\/paris\/wp-content\/uploads\/sites\/4\/2022\/05\/video-surveillence.webp","contentUrl":"https:\/\/k2group.fr\/paris\/wp-content\/uploads\/sites\/4\/2022\/05\/video-surveillence.webp","width":459,"height":500},{"@type":"BreadcrumbList","@id":"https:\/\/k2group.fr\/paris\/video-surveillance\/#breadcrumb","itemListElement":[{"@type":"ListItem","position":1,"name":"Accueil","item":"https:\/\/k2group.fr\/paris\/"},{"@type":"ListItem","position":2,"name":"Video surveillance \u00e0 Paris"}]},{"@type":"WebSite","@id":"https:\/\/k2group.fr\/paris\/#website","url":"https:\/\/k2group.fr\/paris\/","name":"k2 paris","description":"Un site utilisant K2GROUP","publisher":{"@id":"https:\/\/k2group.fr\/paris\/#organization"},"potentialAction":[{"@type":"SearchAction","target":{"@type":"EntryPoint","urlTemplate":"https:\/\/k2group.fr\/paris\/?s={search_term_string}"},"query-input":{"@type":"PropertyValueSpecification","valueRequired":true,"valueName":"search_term_string"}}],"inLanguage":"fr-FR"},{"@type":"Organization","@id":"https:\/\/k2group.fr\/paris\/#organization","name":"k2 paris","url":"https:\/\/k2group.fr\/paris\/","logo":{"@type":"ImageObject","inLanguage":"fr-FR","@id":"https:\/\/k2group.fr\/paris\/#\/schema\/logo\/image\/","url":"https:\/\/k2group.fr\/paris\/wp-content\/uploads\/sites\/4\/2022\/04\/k2-logo.png","contentUrl":"https:\/\/k2group.fr\/paris\/wp-content\/uploads\/sites\/4\/2022\/04\/k2-logo.png","width":580,"height":251,"caption":"k2 paris"},"image":{"@id":"https:\/\/k2group.fr\/paris\/#\/schema\/logo\/image\/"}}]}},"_links":{"self":[{"href":"https:\/\/k2group.fr\/paris\/wp-json\/wp\/v2\/pages\/1537","targetHints":{"allow":["GET"]}}],"collection":[{"href":"https:\/\/k2group.fr\/paris\/wp-json\/wp\/v2\/pages"}],"about":[{"href":"https:\/\/k2group.fr\/paris\/wp-json\/wp\/v2\/types\/page"}],"author":[{"embeddable":true,"href":"https:\/\/k2group.fr\/paris\/wp-json\/wp\/v2\/users\/1"}],"replies":[{"embeddable":true,"href":"https:\/\/k2group.fr\/paris\/wp-json\/wp\/v2\/comments?post=1537"}],"version-history":[{"count":114,"href":"https:\/\/k2group.fr\/paris\/wp-json\/wp\/v2\/pages\/1537\/revisions"}],"predecessor-version":[{"id":2470,"href":"https:\/\/k2group.fr\/paris\/wp-json\/wp\/v2\/pages\/1537\/revisions\/2470"}],"wp:attachment":[{"href":"https:\/\/k2group.fr\/paris\/wp-json\/wp\/v2\/media?parent=1537"}],"curies":[{"name":"wp","href":"https:\/\/api.w.org\/{rel}","templated":true}]}}