{"id":1573,"date":"2022-05-04T23:00:50","date_gmt":"2022-05-04T21:00:50","guid":{"rendered":"https:\/\/k2group.fr\/paris\/?page_id=1573"},"modified":"2024-04-17T11:32:16","modified_gmt":"2024-04-17T09:32:16","slug":"service-apres-vente","status":"publish","type":"page","link":"https:\/\/k2group.fr\/paris\/service-apres-vente\/","title":{"rendered":"Service apr\u00e8s vente K2 Paris"},"content":{"rendered":"\t\t<div data-elementor-type=\"wp-page\" data-elementor-id=\"1573\" class=\"elementor elementor-1573\">\n\t\t\t\t\t\t<section class=\"elementor-section elementor-top-section elementor-element elementor-element-79ef94c elementor-section-height-min-height elementor-section-items-top elementor-section-boxed elementor-section-height-default\" data-id=\"79ef94c\" data-element_type=\"section\" data-settings=\"{&quot;background_background&quot;:&quot;classic&quot;}\">\n\t\t\t\t\t\t\t<div class=\"elementor-background-overlay\"><\/div>\n\t\t\t\t\t\t\t<div class=\"elementor-container elementor-column-gap-default\">\n\t\t\t\t\t<div class=\"elementor-column elementor-col-100 elementor-top-column elementor-element elementor-element-9b85783\" data-id=\"9b85783\" data-element_type=\"column\">\n\t\t\t<div class=\"elementor-widget-wrap elementor-element-populated\">\n\t\t\t\t\t\t<div class=\"elementor-element elementor-element-aeee929 elementor-widget elementor-widget-image-box\" data-id=\"aeee929\" data-element_type=\"widget\" data-widget_type=\"image-box.default\">\n\t\t\t\t<div class=\"elementor-widget-container\">\n\t\t\t\t\t<div class=\"elementor-image-box-wrapper\"><div class=\"elementor-image-box-content\"><h1 class=\"elementor-image-box-title\">Service apr\u00e9s vente <br>K2 PARIS<\/h1><\/div><\/div>\t\t\t\t<\/div>\n\t\t\t\t<\/div>\n\t\t\t\t\t<\/div>\n\t\t<\/div>\n\t\t\t\t\t<\/div>\n\t\t<\/section>\n\t\t\t\t<section class=\"elementor-section elementor-top-section elementor-element elementor-element-eafb22d elementor-section-content-middle elementor-section-boxed elementor-section-height-default elementor-section-height-default\" data-id=\"eafb22d\" data-element_type=\"section\" data-settings=\"{&quot;background_background&quot;:&quot;classic&quot;}\">\n\t\t\t\t\t\t<div class=\"elementor-container elementor-column-gap-no\">\n\t\t\t\t\t<div class=\"elementor-column elementor-col-50 elementor-top-column elementor-element elementor-element-d04299c\" data-id=\"d04299c\" data-element_type=\"column\">\n\t\t\t<div class=\"elementor-widget-wrap elementor-element-populated\">\n\t\t\t\t\t\t<div class=\"elementor-element elementor-element-38848ad elementor-widget elementor-widget-heading\" data-id=\"38848ad\" data-element_type=\"widget\" data-widget_type=\"heading.default\">\n\t\t\t\t<div class=\"elementor-widget-container\">\n\t\t\t\t\t<h2 class=\"elementor-heading-title elementor-size-default\">La satisfaction client est notre objectif<\/h2>\t\t\t\t<\/div>\n\t\t\t\t<\/div>\n\t\t\t\t<div class=\"elementor-element elementor-element-bcc296c elementor-widget elementor-widget-text-editor\" data-id=\"bcc296c\" data-element_type=\"widget\" data-widget_type=\"text-editor.default\">\n\t\t\t\t<div class=\"elementor-widget-container\">\n\t\t\t\t\t\t\t\t\t<p>L\u2019\u00e9quipe K2 Paris cherche toujours \u00e0 satisfaire sa client\u00e8le \u00e0 travers les diff\u00e9rents services proposer ainsi qu\u2019un accompagnement client pour vous guider sur les diff\u00e9rentes \u00e9tapes de vos projets.<\/p><p>Nous proposons un service client irr\u00e9prochable \u00e0 travers des t\u00e9l\u00e9op\u00e9rateurs qualifi\u00e9 et expert en la mati\u00e8re qui seront toujours \u00e0 votre disposition.<\/p><p>Qu\u2019il s\u2019agisse d\u2019une assistance technique ou d\u2019une demande d\u2019informations concernant nos produits et nos services, le service client de K2 Paris est \u00e0 votre disposition.<\/p><p>Contactez-nous par mail ou appelez K2 Paris pour toutes questions suppl\u00e9mentaires sur le sujet.<\/p>\t\t\t\t\t\t\t\t<\/div>\n\t\t\t\t<\/div>\n\t\t\t\t\t<\/div>\n\t\t<\/div>\n\t\t\t\t<div class=\"elementor-column elementor-col-50 elementor-top-column elementor-element elementor-element-d87ceee\" data-id=\"d87ceee\" data-element_type=\"column\">\n\t\t\t<div class=\"elementor-widget-wrap elementor-element-populated\">\n\t\t\t\t\t\t<div class=\"elementor-element elementor-element-6352600 elementor-widget elementor-widget-image\" data-id=\"6352600\" data-element_type=\"widget\" data-widget_type=\"image.default\">\n\t\t\t\t<div class=\"elementor-widget-container\">\n\t\t\t\t\t\t\t\t\t\t\t\t\t\t\t<img fetchpriority=\"high\" decoding=\"async\" width=\"459\" height=\"500\" src=\"https:\/\/k2group.fr\/paris\/wp-content\/uploads\/sites\/4\/2022\/05\/K2-assistance.webp\" class=\"attachment-full size-full wp-image-1575\" alt=\"\" srcset=\"https:\/\/k2group.fr\/paris\/wp-content\/uploads\/sites\/4\/2022\/05\/K2-assistance.webp 459w, https:\/\/k2group.fr\/paris\/wp-content\/uploads\/sites\/4\/2022\/05\/K2-assistance-275x300.webp 275w\" sizes=\"(max-width: 459px) 100vw, 459px\" \/>\t\t\t\t\t\t\t\t\t\t\t\t\t\t\t<\/div>\n\t\t\t\t<\/div>\n\t\t\t\t\t<\/div>\n\t\t<\/div>\n\t\t\t\t\t<\/div>\n\t\t<\/section>\n\t\t\t\t<section class=\"elementor-section elementor-top-section elementor-element elementor-element-70d80c0 elementor-section-content-middle elementor-section-boxed elementor-section-height-default elementor-section-height-default\" data-id=\"70d80c0\" data-element_type=\"section\" data-settings=\"{&quot;background_background&quot;:&quot;classic&quot;}\">\n\t\t\t\t\t\t<div class=\"elementor-container elementor-column-gap-no\">\n\t\t\t\t\t<div class=\"elementor-column elementor-col-50 elementor-top-column elementor-element elementor-element-dbd2296\" data-id=\"dbd2296\" data-element_type=\"column\">\n\t\t\t<div class=\"elementor-widget-wrap elementor-element-populated\">\n\t\t\t\t\t\t<div class=\"elementor-element elementor-element-b57cf8d elementor-widget elementor-widget-image\" data-id=\"b57cf8d\" data-element_type=\"widget\" data-widget_type=\"image.default\">\n\t\t\t\t<div class=\"elementor-widget-container\">\n\t\t\t\t\t\t\t\t\t\t\t\t\t\t\t<img decoding=\"async\" width=\"459\" height=\"500\" src=\"https:\/\/k2group.fr\/paris\/wp-content\/uploads\/sites\/4\/2022\/05\/K2-maintenance.webp\" class=\"attachment-full size-full wp-image-1576\" alt=\"\" srcset=\"https:\/\/k2group.fr\/paris\/wp-content\/uploads\/sites\/4\/2022\/05\/K2-maintenance.webp 459w, https:\/\/k2group.fr\/paris\/wp-content\/uploads\/sites\/4\/2022\/05\/K2-maintenance-275x300.webp 275w\" sizes=\"(max-width: 459px) 100vw, 459px\" \/>\t\t\t\t\t\t\t\t\t\t\t\t\t\t\t<\/div>\n\t\t\t\t<\/div>\n\t\t\t\t\t<\/div>\n\t\t<\/div>\n\t\t\t\t<div class=\"elementor-column elementor-col-50 elementor-top-column elementor-element elementor-element-6fe4c62\" data-id=\"6fe4c62\" data-element_type=\"column\">\n\t\t\t<div class=\"elementor-widget-wrap elementor-element-populated\">\n\t\t\t\t\t\t<div class=\"elementor-element elementor-element-6d3be6e elementor-widget elementor-widget-heading\" data-id=\"6d3be6e\" data-element_type=\"widget\" data-widget_type=\"heading.default\">\n\t\t\t\t<div class=\"elementor-widget-container\">\n\t\t\t\t\t<h2 class=\"elementor-heading-title elementor-size-default\">Une forte relation client<\/h2>\t\t\t\t<\/div>\n\t\t\t\t<\/div>\n\t\t\t\t<div class=\"elementor-element elementor-element-0740640 elementor-widget elementor-widget-text-editor\" data-id=\"0740640\" data-element_type=\"widget\" data-widget_type=\"text-editor.default\">\n\t\t\t\t<div class=\"elementor-widget-container\">\n\t\t\t\t\t\t\t\t\t<p>Chez K2, la relation client est au centre de notre attention et c\u2019est pour cela que nous mettons toutes nos forces et notre savoir-faire pour entretenir et d\u00e9velopper des relations de confiance mutuelles bas\u00e9es sur la transparence et l\u2019\u00e9change.<br>\n<br><br>Nos distributeurs \u00e0 Paris consid\u00e8rent vos commentaires comme une source de conseils pour l\u2019am\u00e9lioration continue de nos services et la croissance de notre groupe.<br>\n<br><br>Pour renforcer cette relation, nous sommes ouverts \u00e0 toutes vos suggestions et propositions concernant nos services et produits. Nous avons mis en place plusieurs canaux de communication tels que le t\u00e9l\u00e9phone, le courrier \u00e9lectronique et les r\u00e9seaux sociaux tels que Facebook, Instagram, Linkedin\u2026<\/p>\t\t\t\t\t\t\t\t<\/div>\n\t\t\t\t<\/div>\n\t\t\t\t\t<\/div>\n\t\t<\/div>\n\t\t\t\t\t<\/div>\n\t\t<\/section>\n\t\t\t\t<section class=\"elementor-section elementor-top-section elementor-element elementor-element-7f18753 elementor-section-boxed elementor-section-height-default elementor-section-height-default\" data-id=\"7f18753\" data-element_type=\"section\" data-settings=\"{&quot;background_background&quot;:&quot;classic&quot;}\">\n\t\t\t\t\t\t<div class=\"elementor-container elementor-column-gap-default\">\n\t\t\t\t\t<div class=\"elementor-column elementor-col-100 elementor-top-column elementor-element elementor-element-7ba429b\" data-id=\"7ba429b\" data-element_type=\"column\">\n\t\t\t<div class=\"elementor-widget-wrap elementor-element-populated\">\n\t\t\t\t\t\t<section class=\"elementor-section elementor-inner-section elementor-element elementor-element-6ac5b6d elementor-section-boxed elementor-section-height-default elementor-section-height-default\" data-id=\"6ac5b6d\" data-element_type=\"section\" data-settings=\"{&quot;background_background&quot;:&quot;classic&quot;}\">\n\t\t\t\t\t\t<div class=\"elementor-container elementor-column-gap-default\">\n\t\t\t\t\t<div class=\"elementor-column elementor-col-50 elementor-inner-column elementor-element elementor-element-f112dd8\" data-id=\"f112dd8\" data-element_type=\"column\">\n\t\t\t<div class=\"elementor-widget-wrap elementor-element-populated\">\n\t\t\t\t\t\t<div class=\"elementor-element elementor-element-d3a5170 elementor-absolute elementor-widget elementor-widget-image\" data-id=\"d3a5170\" data-element_type=\"widget\" data-settings=\"{&quot;_position&quot;:&quot;absolute&quot;}\" data-widget_type=\"image.default\">\n\t\t\t\t<div class=\"elementor-widget-container\">\n\t\t\t\t\t\t\t\t\t\t\t\t\t\t\t<img decoding=\"async\" width=\"753\" height=\"680\" src=\"https:\/\/k2group.fr\/paris\/wp-content\/uploads\/sites\/4\/2024\/04\/catalogue-pack-metiers-K2.webp\" class=\"attachment-full size-full wp-image-2512\" alt=\"\" srcset=\"https:\/\/k2group.fr\/paris\/wp-content\/uploads\/sites\/4\/2024\/04\/catalogue-pack-metiers-K2.webp 753w, https:\/\/k2group.fr\/paris\/wp-content\/uploads\/sites\/4\/2024\/04\/catalogue-pack-metiers-K2-300x271.webp 300w\" sizes=\"(max-width: 753px) 100vw, 753px\" \/>\t\t\t\t\t\t\t\t\t\t\t\t\t\t\t<\/div>\n\t\t\t\t<\/div>\n\t\t\t\t\t<\/div>\n\t\t<\/div>\n\t\t\t\t<div class=\"elementor-column elementor-col-50 elementor-inner-column elementor-element elementor-element-ad6618a\" data-id=\"ad6618a\" data-element_type=\"column\">\n\t\t\t<div class=\"elementor-widget-wrap elementor-element-populated\">\n\t\t\t\t\t\t<div class=\"elementor-element elementor-element-94821c6 elementor-widget elementor-widget-heading\" data-id=\"94821c6\" data-element_type=\"widget\" data-widget_type=\"heading.default\">\n\t\t\t\t<div class=\"elementor-widget-container\">\n\t\t\t\t\t<h3 class=\"elementor-heading-title elementor-size-default\">NOTRE CATALOGUE<\/h3>\t\t\t\t<\/div>\n\t\t\t\t<\/div>\n\t\t\t\t<div class=\"elementor-element elementor-element-8bbef36 elementor-widget elementor-widget-text-editor\" data-id=\"8bbef36\" data-element_type=\"widget\" data-widget_type=\"text-editor.default\">\n\t\t\t\t<div class=\"elementor-widget-container\">\n\t\t\t\t\t\t\t\t\tD\u00e9couvrez notre dernier catalogue <br>et nos HDN d\u00e9di\u00e9s aux professionels.\t\t\t\t\t\t\t\t<\/div>\n\t\t\t\t<\/div>\n\t\t\t\t<div class=\"elementor-element elementor-element-ab58976 elementor-widget elementor-widget-button\" data-id=\"ab58976\" data-element_type=\"widget\" data-widget_type=\"button.default\">\n\t\t\t\t<div class=\"elementor-widget-container\">\n\t\t\t\t\t\t\t\t\t<div class=\"elementor-button-wrapper\">\n\t\t\t\t\t<a class=\"elementor-button elementor-button-link elementor-size-sm\" href=\"https:\/\/k2group.fr\/catalogue\/k2\/index.html\">\n\t\t\t\t\t\t<span class=\"elementor-button-content-wrapper\">\n\t\t\t\t\t\t<span class=\"elementor-button-icon\">\n\t\t\t\t<i aria-hidden=\"true\" class=\"fas fa-arrow-right\"><\/i>\t\t\t<\/span>\n\t\t\t\t\t\t\t\t\t<span class=\"elementor-button-text\">Consulter<\/span>\n\t\t\t\t\t<\/span>\n\t\t\t\t\t<\/a>\n\t\t\t\t<\/div>\n\t\t\t\t\t\t\t\t<\/div>\n\t\t\t\t<\/div>\n\t\t\t\t\t<\/div>\n\t\t<\/div>\n\t\t\t\t\t<\/div>\n\t\t<\/section>\n\t\t\t\t\t<\/div>\n\t\t<\/div>\n\t\t\t\t\t<\/div>\n\t\t<\/section>\n\t\t\t\t<\/div>\n\t\t","protected":false},"excerpt":{"rendered":"<p>Service apr\u00e9s vente K2 PARIS La satisfaction client est notre objectif L\u2019\u00e9quipe K2 Paris cherche toujours \u00e0 satisfaire sa client\u00e8le\u2026<\/p>\n","protected":false},"author":1,"featured_media":0,"parent":0,"menu_order":0,"comment_status":"closed","ping_status":"closed","template":"","meta":{"site-sidebar-layout":"no-sidebar","site-content-layout":"page-builder","ast-global-header-display":"","ast-main-header-display":"","ast-hfb-above-header-display":"","ast-hfb-below-header-display":"","ast-hfb-mobile-header-display":"","site-post-title":"disabled","ast-breadcrumbs-content":"","ast-featured-img":"disabled","footer-sml-layout":"","theme-transparent-header-meta":"enabled","adv-header-id-meta":"","stick-header-meta":"","header-above-stick-meta":"","header-main-stick-meta":"","header-below-stick-meta":"","footnotes":""},"class_list":["post-1573","page","type-page","status-publish","hentry"],"yoast_head":"<!-- This site is optimized with the Yoast SEO plugin v24.7 - https:\/\/yoast.com\/wordpress\/plugins\/seo\/ -->\n<title>Service apr\u00e8s vente \u00e0 Paris | K2 Paris<\/title>\n<meta name=\"description\" content=\"K2 Paris offre \u00e0 ses clients un service apr\u00e8s vente et une assistance continue.\" \/>\n<meta name=\"robots\" content=\"index, follow, max-snippet:-1, max-image-preview:large, max-video-preview:-1\" \/>\n<link rel=\"canonical\" href=\"https:\/\/k2group.fr\/paris\/service-apres-vente\/\" \/>\n<meta property=\"og:locale\" content=\"fr_FR\" \/>\n<meta property=\"og:type\" content=\"article\" \/>\n<meta property=\"og:title\" content=\"Service apr\u00e8s vente \u00e0 Paris | K2 Paris\" \/>\n<meta property=\"og:description\" content=\"K2 Paris offre \u00e0 ses clients un service apr\u00e8s vente et une assistance continue.\" \/>\n<meta property=\"og:url\" content=\"https:\/\/k2group.fr\/paris\/service-apres-vente\/\" \/>\n<meta property=\"og:site_name\" content=\"k2 paris\" \/>\n<meta property=\"article:modified_time\" content=\"2024-04-17T09:32:16+00:00\" \/>\n<meta property=\"og:image\" content=\"https:\/\/k2group.fr\/paris\/wp-content\/uploads\/sites\/4\/2022\/05\/K2-assistance.webp\" \/>\n<meta name=\"twitter:card\" content=\"summary_large_image\" \/>\n<meta name=\"twitter:label1\" content=\"Dur\u00e9e de lecture estim\u00e9e\" \/>\n\t<meta name=\"twitter:data1\" content=\"2 minutes\" \/>\n<script type=\"application\/ld+json\" class=\"yoast-schema-graph\">{\"@context\":\"https:\/\/schema.org\",\"@graph\":[{\"@type\":\"WebPage\",\"@id\":\"https:\/\/k2group.fr\/paris\/service-apres-vente\/\",\"url\":\"https:\/\/k2group.fr\/paris\/service-apres-vente\/\",\"name\":\"Service apr\u00e8s vente \u00e0 Paris | K2 Paris\",\"isPartOf\":{\"@id\":\"https:\/\/k2group.fr\/paris\/#website\"},\"primaryImageOfPage\":{\"@id\":\"https:\/\/k2group.fr\/paris\/service-apres-vente\/#primaryimage\"},\"image\":{\"@id\":\"https:\/\/k2group.fr\/paris\/service-apres-vente\/#primaryimage\"},\"thumbnailUrl\":\"https:\/\/k2group.fr\/paris\/wp-content\/uploads\/sites\/4\/2022\/05\/K2-assistance.webp\",\"datePublished\":\"2022-05-04T21:00:50+00:00\",\"dateModified\":\"2024-04-17T09:32:16+00:00\",\"description\":\"K2 Paris offre \u00e0 ses clients un service apr\u00e8s vente et une assistance continue.\",\"breadcrumb\":{\"@id\":\"https:\/\/k2group.fr\/paris\/service-apres-vente\/#breadcrumb\"},\"inLanguage\":\"fr-FR\",\"potentialAction\":[{\"@type\":\"ReadAction\",\"target\":[\"https:\/\/k2group.fr\/paris\/service-apres-vente\/\"]}]},{\"@type\":\"ImageObject\",\"inLanguage\":\"fr-FR\",\"@id\":\"https:\/\/k2group.fr\/paris\/service-apres-vente\/#primaryimage\",\"url\":\"https:\/\/k2group.fr\/paris\/wp-content\/uploads\/sites\/4\/2022\/05\/K2-assistance.webp\",\"contentUrl\":\"https:\/\/k2group.fr\/paris\/wp-content\/uploads\/sites\/4\/2022\/05\/K2-assistance.webp\",\"width\":459,\"height\":500},{\"@type\":\"BreadcrumbList\",\"@id\":\"https:\/\/k2group.fr\/paris\/service-apres-vente\/#breadcrumb\",\"itemListElement\":[{\"@type\":\"ListItem\",\"position\":1,\"name\":\"Accueil\",\"item\":\"https:\/\/k2group.fr\/paris\/\"},{\"@type\":\"ListItem\",\"position\":2,\"name\":\"Service apr\u00e8s vente K2 Paris\"}]},{\"@type\":\"WebSite\",\"@id\":\"https:\/\/k2group.fr\/paris\/#website\",\"url\":\"https:\/\/k2group.fr\/paris\/\",\"name\":\"k2 paris\",\"description\":\"Un site utilisant K2GROUP\",\"publisher\":{\"@id\":\"https:\/\/k2group.fr\/paris\/#organization\"},\"potentialAction\":[{\"@type\":\"SearchAction\",\"target\":{\"@type\":\"EntryPoint\",\"urlTemplate\":\"https:\/\/k2group.fr\/paris\/?s={search_term_string}\"},\"query-input\":{\"@type\":\"PropertyValueSpecification\",\"valueRequired\":true,\"valueName\":\"search_term_string\"}}],\"inLanguage\":\"fr-FR\"},{\"@type\":\"Organization\",\"@id\":\"https:\/\/k2group.fr\/paris\/#organization\",\"name\":\"k2 paris\",\"url\":\"https:\/\/k2group.fr\/paris\/\",\"logo\":{\"@type\":\"ImageObject\",\"inLanguage\":\"fr-FR\",\"@id\":\"https:\/\/k2group.fr\/paris\/#\/schema\/logo\/image\/\",\"url\":\"https:\/\/k2group.fr\/paris\/wp-content\/uploads\/sites\/4\/2022\/04\/k2-logo.png\",\"contentUrl\":\"https:\/\/k2group.fr\/paris\/wp-content\/uploads\/sites\/4\/2022\/04\/k2-logo.png\",\"width\":580,\"height\":251,\"caption\":\"k2 paris\"},\"image\":{\"@id\":\"https:\/\/k2group.fr\/paris\/#\/schema\/logo\/image\/\"}}]}<\/script>\n<!-- \/ Yoast SEO plugin. -->","yoast_head_json":{"title":"Service apr\u00e8s vente \u00e0 Paris | K2 Paris","description":"K2 Paris offre \u00e0 ses clients un service apr\u00e8s vente et une assistance continue.","robots":{"index":"index","follow":"follow","max-snippet":"max-snippet:-1","max-image-preview":"max-image-preview:large","max-video-preview":"max-video-preview:-1"},"canonical":"https:\/\/k2group.fr\/paris\/service-apres-vente\/","og_locale":"fr_FR","og_type":"article","og_title":"Service apr\u00e8s vente \u00e0 Paris | K2 Paris","og_description":"K2 Paris offre \u00e0 ses clients un service apr\u00e8s vente et une assistance continue.","og_url":"https:\/\/k2group.fr\/paris\/service-apres-vente\/","og_site_name":"k2 paris","article_modified_time":"2024-04-17T09:32:16+00:00","og_image":[{"url":"https:\/\/k2group.fr\/paris\/wp-content\/uploads\/sites\/4\/2022\/05\/K2-assistance.webp","type":"","width":"","height":""}],"twitter_card":"summary_large_image","twitter_misc":{"Dur\u00e9e de lecture estim\u00e9e":"2 minutes"},"schema":{"@context":"https:\/\/schema.org","@graph":[{"@type":"WebPage","@id":"https:\/\/k2group.fr\/paris\/service-apres-vente\/","url":"https:\/\/k2group.fr\/paris\/service-apres-vente\/","name":"Service apr\u00e8s vente \u00e0 Paris | K2 Paris","isPartOf":{"@id":"https:\/\/k2group.fr\/paris\/#website"},"primaryImageOfPage":{"@id":"https:\/\/k2group.fr\/paris\/service-apres-vente\/#primaryimage"},"image":{"@id":"https:\/\/k2group.fr\/paris\/service-apres-vente\/#primaryimage"},"thumbnailUrl":"https:\/\/k2group.fr\/paris\/wp-content\/uploads\/sites\/4\/2022\/05\/K2-assistance.webp","datePublished":"2022-05-04T21:00:50+00:00","dateModified":"2024-04-17T09:32:16+00:00","description":"K2 Paris offre \u00e0 ses clients un service apr\u00e8s vente et une assistance continue.","breadcrumb":{"@id":"https:\/\/k2group.fr\/paris\/service-apres-vente\/#breadcrumb"},"inLanguage":"fr-FR","potentialAction":[{"@type":"ReadAction","target":["https:\/\/k2group.fr\/paris\/service-apres-vente\/"]}]},{"@type":"ImageObject","inLanguage":"fr-FR","@id":"https:\/\/k2group.fr\/paris\/service-apres-vente\/#primaryimage","url":"https:\/\/k2group.fr\/paris\/wp-content\/uploads\/sites\/4\/2022\/05\/K2-assistance.webp","contentUrl":"https:\/\/k2group.fr\/paris\/wp-content\/uploads\/sites\/4\/2022\/05\/K2-assistance.webp","width":459,"height":500},{"@type":"BreadcrumbList","@id":"https:\/\/k2group.fr\/paris\/service-apres-vente\/#breadcrumb","itemListElement":[{"@type":"ListItem","position":1,"name":"Accueil","item":"https:\/\/k2group.fr\/paris\/"},{"@type":"ListItem","position":2,"name":"Service apr\u00e8s vente K2 Paris"}]},{"@type":"WebSite","@id":"https:\/\/k2group.fr\/paris\/#website","url":"https:\/\/k2group.fr\/paris\/","name":"k2 paris","description":"Un site utilisant K2GROUP","publisher":{"@id":"https:\/\/k2group.fr\/paris\/#organization"},"potentialAction":[{"@type":"SearchAction","target":{"@type":"EntryPoint","urlTemplate":"https:\/\/k2group.fr\/paris\/?s={search_term_string}"},"query-input":{"@type":"PropertyValueSpecification","valueRequired":true,"valueName":"search_term_string"}}],"inLanguage":"fr-FR"},{"@type":"Organization","@id":"https:\/\/k2group.fr\/paris\/#organization","name":"k2 paris","url":"https:\/\/k2group.fr\/paris\/","logo":{"@type":"ImageObject","inLanguage":"fr-FR","@id":"https:\/\/k2group.fr\/paris\/#\/schema\/logo\/image\/","url":"https:\/\/k2group.fr\/paris\/wp-content\/uploads\/sites\/4\/2022\/04\/k2-logo.png","contentUrl":"https:\/\/k2group.fr\/paris\/wp-content\/uploads\/sites\/4\/2022\/04\/k2-logo.png","width":580,"height":251,"caption":"k2 paris"},"image":{"@id":"https:\/\/k2group.fr\/paris\/#\/schema\/logo\/image\/"}}]}},"_links":{"self":[{"href":"https:\/\/k2group.fr\/paris\/wp-json\/wp\/v2\/pages\/1573","targetHints":{"allow":["GET"]}}],"collection":[{"href":"https:\/\/k2group.fr\/paris\/wp-json\/wp\/v2\/pages"}],"about":[{"href":"https:\/\/k2group.fr\/paris\/wp-json\/wp\/v2\/types\/page"}],"author":[{"embeddable":true,"href":"https:\/\/k2group.fr\/paris\/wp-json\/wp\/v2\/users\/1"}],"replies":[{"embeddable":true,"href":"https:\/\/k2group.fr\/paris\/wp-json\/wp\/v2\/comments?post=1573"}],"version-history":[{"count":98,"href":"https:\/\/k2group.fr\/paris\/wp-json\/wp\/v2\/pages\/1573\/revisions"}],"predecessor-version":[{"id":2528,"href":"https:\/\/k2group.fr\/paris\/wp-json\/wp\/v2\/pages\/1573\/revisions\/2528"}],"wp:attachment":[{"href":"https:\/\/k2group.fr\/paris\/wp-json\/wp\/v2\/media?parent=1573"}],"curies":[{"name":"wp","href":"https:\/\/api.w.org\/{rel}","templated":true}]}}